{"id":10640,"date":"2021-01-11T12:36:57","date_gmt":"2021-01-11T10:36:57","guid":{"rendered":"https:\/\/www.hastema.com\/?page_id=10640"},"modified":"2021-02-02T11:22:00","modified_gmt":"2021-02-02T09:22:00","slug":"datenschutzerklaerung","status":"publish","type":"page","link":"https:\/\/www.hastema.com\/de\/datenschutzerklaerung\/","title":{"rendered":"Datenschutzerkl\u00e4rung"},"content":{"rendered":"<div class=\"wpb-content-wrapper\"><p>[vc_row el_class=&#8220;hastemaprivacy&#8220;][vc_column][vc_empty_space][vc_column_text css=&#8220;.vc_custom_1612257574610{margin-bottom: 0px !important;}&#8220;]<\/p>\n<h1 id=\"privacytitle\">Datenschutzerkl\u00e4rung<\/h1>\n<h1>Wer sind wir?<\/h1>\n<p>Diese Webseite und deren Inhalt wird durch die Firma <strong>hastema GmbH <\/strong>zur Verf\u00fcgung gestellt.<\/p>\n<h2>Verantwortliche Stelle<\/h2>\n<p>Verantwortliche Stelle im Sinne der Datenschutzgesetze, insbesondere der EU-Datenschutzgrundverordnung (DSGVO), lautet:<\/p>\n<p><strong>hastema GmbH<\/strong><br \/>\nIndustriestrasse 20A<br \/>\n2555 Br\u00fcgg<\/p>\n<p>E-Mail: <a href=\"mailto:info@hastema.com\">info@hastema.com<\/a><br \/>\nWebseite: <a href=\"https:\/\/hastema.com\">https:\/\/hastema.com<\/a><\/p>\n<h2>Geltungsbereich<\/h2>\n<p>Der Schutz der pers\u00f6nlichen Daten ist uns wichtig. Wir halten uns an das kantonale Datenschutzgesetz (KDSG) und, sofern entsprechende Regelungen anwendbar sind, an das eidgen\u00f6ssische Datenschutzgesetz (DSG) sowie die europ\u00e4ische Datenschutzgrundverordnung (DSGVO).<\/p>\n<p>Die nachfolgenden Hinweise gelten ausschliesslich f\u00fcr die Nutzung der folgenden Webseite: https:\/\/hastema.com\/<\/p>\n<p>F\u00fcr Webseiten von Drittanbietern, wird kein Gew\u00e4hr f\u00fcr die Einhaltung der Datenschutzbestimmungen \u00fcbernommen. Wir \u00fcbernehmen keinerlei Haftung f\u00fcr die verlinkten Inhalte.<\/p>\n<h2>Rechtsgrundlage<\/h2>\n<p>Die rechtliche Grundlage f\u00fcr die Datenverarbeitung entspricht\u00a0 Art. 6 Abs. 1 lit. f der europ\u00e4ischen Datenschutzgrundverordnung (DSGVO).<\/p>\n<h1>Interne Sammlung Ihrer Daten<\/h1>\n<h2>Welche personenbezogenen Daten wir sammeln und warum wir sie sammeln<\/h2>\n<p>Wenn Sie auf diese Webseite zugreifen werden automatisch Informationen allgemeiner Natur erfasst. Diese Informationen werden im Server-Logfile erfasst und beinhalten die Art des Webbrowsers, das verwendete Betriebssystem, den Domainnamen Ihres Internet-Service-Providers, Ihre IP-Adresse und \u00e4hnliches.<\/p>\n<p>Dies aus folgendem Grund:<\/p>\n<ul>\n<li>Sicherstellung eines problemlosen Verbindungsaufbaus der Website<\/li>\n<li>Sicherstellung einer reibungslosen Nutzung unserer Website<\/li>\n<li>Auswertung der Systemsicherheit und -stabilit\u00e4t sowie<\/li>\n<li>zu weiteren administrativen Zwecken<\/li>\n<\/ul>\n<p>Ihre Daten werden nicht verwendet, um R\u00fcckschl\u00fcsse auf Ihre Person zu ziehen. Informationen dieser Art werden lediglich statistisch ausgewertet, um unseren Internetauftritt und die dahinterstehende Technik zu optimieren.<\/p>\n<h2>Kontaktformulare<\/h2>\n<p>Die von Ihnen eingegebenen Daten werden zum Zweck der individuellen Kommunikation mit Ihnen gespeichert. Hierf\u00fcr ist die Angabe einer validen E-Mail-Adresse sowie Ihres Namens erforderlich. Diese dient der Zuordnung der Anfrage und der anschlie\u00dfenden Beantwortung derselben. Die Angabe weiterer Daten ist optional.<\/p>\n<h2>Cookies<\/h2>\n<p>Wir setzen auf unserer Webseite Cookies (Session-Cookies und permanente Cookies) ein. Hierbei handelt es sich um kleine Dateien, die Ihr Browser automatisch erstellt und die auf Ihrem Endger\u00e4t (Laptop, Tablet, Smartphone etc.) gespeichert werden, wenn Sie unsere Seite besuchen. Ein Cookie bedeutet nicht in jedem Fall, dass wir Sie identifizieren k\u00f6nnen.<\/p>\n<p>Der Einsatz von Session-Cookies dient einerseits dazu, die Nutzungsh\u00e4ufigkeit, Nutzerzahl und Verhaltensweisen auf unserer Webseite zu protokollieren, andererseits um die Sicherheit der Webseite-Nutzung zu erh\u00f6hen und unser Informationsangebot nutzerfreundlich auszugestalten. Sobald Sie die Webseite verlassen werden diese Cookies automatisch gel\u00f6scht.<\/p>\n<p>Dar\u00fcber hinaus setzen wir ebenfalls zur Optimierung der Benutzerfreundlichkeit permanente (Cookies ein, die f\u00fcr einen bestimmten festgelegten Zeitraum auf Ihrem Endger\u00e4t gespeichert werden. Besuchen Sie unsere Seite erneut, um unsere Dienste in Anspruch zu nehmen, wird automatisch erkannt, dass Sie bereits bei uns waren und welche Eingaben und Einstellungen sie get\u00e4tigt haben, um diese nicht noch einmal eingeben zu m\u00fcssen.<\/p>\n<p>Mit der fortgesetzten Nutzung unserer Webseite oder mit der Zustimmung zu dieser Datenschutzerkl\u00e4rung willigen Sie ein, dass wir Cookies setzen und auch nach Beendigung der Browser-Sitzung personenbezogene Nutzerdaten erheben, speichern und nutzen d\u00fcrfen. Sie k\u00f6nnen diese Einwilligung jederzeit widerrufen, indem Sie die Standardeinstellung des Browsers zur Ablehnung von Cookies Dritter aktivieren.<\/p>\n<p>Die durch Cookies verarbeiteten Daten werden f\u00fcr die vorgenannten Zwecke ben\u00f6tigt, um unsere berechtigten Interessen und die Interessen Dritter zu wahren. Cookies dienen dazu, unser Angebot attraktiver, effektiver, sicherer und benutzerfreundlicher zu gestalten.<\/p>\n<p>Die meisten Internet-Browser sind so eingestellt, dass sie Cookies automatisch akzeptieren. Wenn Sie nicht m\u00f6chten, dass unsere Webseite Cookies auf Ihrem Ger\u00e4t speichert, k\u00f6nnen Sie Ihren Browser so einstellen, dass Sie eine Warnung erhalten, bevor bestimmte Cookies gespeichert werden. Sie k\u00f6nnen Ihre Einstellungen auch so einstellen, dass Ihr Browser die meisten unserer Cookies ablehnt oder nur bestimmte Cookies ablehnt oder ganz deaktiviert. Sie k\u00f6nnen Ihre Zustimmung zu Cookies auch widerrufen, indem Sie die bereits gespeicherten Cookies l\u00f6schen.<\/p>\n<p>Bitte beachten Sie, dass Ihnen bestimmte Funktionen der Webseite m\u00f6glicherweise nicht mehr zur Verf\u00fcgung stehen, wenn Sie Cookies einschr\u00e4nken oder deaktivieren. Die vollst\u00e4ndige Deaktivierung von Cookies kann dazu f\u00fchren, dass Sie nicht alle Funktionen unserer Webseite nutzen k\u00f6nnen.<\/p>\n<h2>Speicherdauer<\/h2>\n<p>Die Daten werden gel\u00f6scht, sobald diese f\u00fcr den Zweck der Erhebung nicht mehr erforderlich sind. Dies ist f\u00fcr die Daten, die der Bereitstellung der Webseite dienen, grunds\u00e4tzlich der Fall, wenn die jeweilige Sitzung beendet ist.<\/p>\n<p>Wir behalten Ihre Personendaten so lange auf, wie wir dies zur Einhaltung der geltenden Gesetze als notwendig oder angemessen erachten oder so lange sie f\u00fcr die Zwecke, f\u00fcr die sie gesammelt wurden notwendig sind. Wir l\u00f6schen Ihre Personendaten, sobald diese nicht mehr ben\u00f6tigt werden und auf jeden Fall nach Ablauf der gesetzlich vorgeschriebenen maximalen Aufbewahrungsfrist von f\u00fcnf respektive zehn Jahren. Nicht mehr notwendige Daten, f\u00fcr die keine gesetzliche Aufbewahrungspflicht besteht, werden nach dahinfallen des Zweckes und Rechtfertigungsgrundes gel\u00f6scht.<\/p>\n<h1>Welche Rechte Sie an Ihren Daten haben<\/h1>\n<p>Gem\u00e4ss kantonalem Datenschutzgesetz (KDSG) oder, sofern entsprechende Regelungen anwendbar sind, an des eidgen\u00f6ssische Datenschutzgesetzes (DSG) oder der europ\u00e4ischen Datenschutzgrundverordnung (DSGVO) haben Sie folgende Rechte:<\/p>\n<ul>\n<li>Recht auf Auskunft, Recht auf Berichtigung oder L\u00f6schung sowie Recht auf Daten\u00fcbertragbarkeit<\/li>\n<li>Recht auf Einschr\u00e4nkung der Datenbearbeitung sowie Recht auf Widerspruch gegen die Datenbearbeitung<\/li>\n<li>Recht auf Widerruf nach erfolgter Einwilligung<\/li>\n<li>Recht auf Beschwerde bei einer Datenschutz-Aufsichtsbeh\u00f6rde<\/li>\n<\/ul>\n<p>Wenn Sie ein Konto auf dieser Website besitzen oder Kommentare geschrieben haben, k\u00f6nnen Sie einen Export Ihrer personenbezogenen Daten bei uns anfordern, inklusive aller Daten, die Sie uns mitgeteilt haben. Dar\u00fcber hinaus k\u00f6nnen Sie die L\u00f6schung aller personenbezogenen Daten, die wir von Ihnen gespeichert haben, anfordern. Dies umfasst nicht die Daten, die wir aufgrund administrativer, rechtlicher oder sicherheitsrelevanter Notwendigkeiten aufbewahren m\u00fcssen.<\/p>\n<h1>Wohin wir Ihre Daten senden<\/h1>\n<p>Formulardaten und Kommentare k\u00f6nnen von einem automatisierten Dienst zur Spam-Erkennung untersucht werden.<\/p>\n<h1>Dienste und Inhalte von Dritten<\/h1>\n<h2>Verwendung von Scriptbibliotheken (Google Webfonts)<\/h2>\n<p>Um unsere Inhalte browser\u00fcbergreifend korrekt und grafisch ansprechend darzustellen, verwenden wir auf dieser Website \u201eGoogle Web Fonts\u201c der Google LLC (1600 Amphitheatre Parkway, Mountain View, CA 94043, USA; nachfolgend \u201eGoogle\u201c) zur Darstellung von Schriften.<\/p>\n<p>Die Datenschutzrichtlinie des Bibliothekbetreibers Google finden Sie hier: https:\/\/www.google.com\/policies\/privacy\/<\/p>\n<h2>Verwendung von Google Analytics<\/h2>\n<p>Diese Website benutzt Google Analytics, einen Webanalysedienst der Google LLC, 1600 Amphitheatre Parkway, Mountain View, CA 94043 USA (nachfolgend: \u201eGoogle\u201c). Google Analytics verwendet sog. \u201eCookies\u201c, also Textdateien, die auf Ihrem Computer gespeichert werden und die eine Analyse der Benutzung der Webseite durch Sie erm\u00f6glichen. Die durch das Cookie erzeugten Informationen \u00fcber Ihre Benutzung dieser Webseite werden in der Regel an einen Server von Google in den USA \u00fcbertragen und dort gespeichert. Aufgrund der Aktivierung der IP-Anonymisierung auf diesen Webseiten, wird Ihre IP-Adresse von Google jedoch innerhalb von Mitgliedstaaten der Europ\u00e4ischen Union oder in anderen Vertragsstaaten des Abkommens \u00fcber den Europ\u00e4ischen Wirtschaftsraum zuvor gek\u00fcrzt. Nur in Ausnahmef\u00e4llen wird die volle IP-Adresse an einen Server von Google in den USA \u00fcbertragen und dort gek\u00fcrzt. Im Auftrag des Betreibers dieser Website wird Google diese Informationen benutzen, um Ihre Nutzung der Webseite auszuwerten, um Reports \u00fcber die Webseitenaktivit\u00e4ten zusammenzustellen und um weitere mit der Websitenutzung und der Internetnutzung verbundene Dienstleistungen gegen\u00fcber dem Webseitenbetreiber zu erbringen. Die im Rahmen von Google Analytics von Ihrem Browser \u00fcbermittelte IP-Adresse wird nicht mit anderen Daten von Google zusammengef\u00fchrt.<\/p>\n<p>Die Zwecke der Datenverarbeitung liegen in der Auswertung der Nutzung der Website und in der Zusammenstellung von Reports \u00fcber Aktivit\u00e4ten auf der Website. Auf Grundlage der Nutzung der Website und des Internets sollen dann weitere verbundene Dienstleistungen erbracht werden.<\/p>\n<h2>Eingebettete Inhalte von anderen Websites<\/h2>\n<p>Beitr\u00e4ge auf dieser Website k\u00f6nnen eingebettete Inhalte beinhalten (z.B. Videos, Bilder, Beitr\u00e4ge, Karten, etc.). Eingebettete Inhalte von anderen Websites verhalten sich exakt so, als ob der Besucher die andere Website besucht h\u00e4tte.<\/p>\n<p>Diese Websites k\u00f6nnen Daten \u00fcber Sie sammeln, Cookies benutzen, zus\u00e4tzliche Tracking-Dienste von Dritten einbetten und Ihre Interaktion mit diesem eingebetteten Inhalt aufzeichnen, inklusive Ihrer Interaktion mit dem eingebetteten Inhalt, falls Sie ein Konto haben und auf dieser Website angemeldet sind.<\/p>\n<h1>Schutz Ihrer Daten<\/h1>\n<h2>SSL-Verschl\u00fcsselung<\/h2>\n<p>Um die Sicherheit Ihrer Daten bei der \u00dcbertragung zu sch\u00fctzen, verwenden wir dem aktuellen Stand der Technik entsprechende Verschl\u00fcsselungsverfahren (z. B. SSL) \u00fcber HTTPS.<\/p>\n<h2>Absicherung Webseite<\/h2>\n<p>Wir sch\u00fctzen unsere Webseite mit technischen und organisatorischen Massnahmen vor unbefugten Zugriffen.<\/p>\n<h2>Serverstandort<\/h2>\n<p>Diese Webseite, s\u00e4mtliche angeh\u00f6rigen Daten und Datenbanken werden von einem schweizerischen Anbieter gehosted. Der Serverstandort liegt in der Schweiz.<\/p>\n<h1>Erg\u00e4nzungen<\/h1>\n<h2>\u00c4nderungen<\/h2>\n<p>Wir k\u00f6nnen diese Datenschutzerkl\u00e4rung jederzeit ohne Vorank\u00fcndigung anpassen. Es gilt die jeweils aktuelle, auf unserer Website publizierte Fassung.<\/p>\n<h2>Datum\/Version<\/h2>\n<p>Br\u00fcgg, 07.01.2020[\/vc_column_text][vc_empty_space][\/vc_column][\/vc_row]<\/p>\n<\/div>","protected":false},"excerpt":{"rendered":"<p>[vc_row el_class=&#8220;hastemaprivacy&#8220;][vc_column][vc_empty_space][vc_column_text css=&#8220;.vc_custom_1612257574610{margin-bottom: 0px !important;}&#8220;] Datenschutzerkl\u00e4rung Wer sind wir? Diese Webseite und deren Inhalt wird durch die Firma hastema GmbH zur Verf\u00fcgung gestellt. Verantwortliche Stelle Verantwortliche Stelle im Sinne der Datenschutzgesetze, insbesondere der EU-Datenschutzgrundverordnung (DSGVO), lautet: hastema GmbH Industriestrasse 20A 2555 Br\u00fcgg E-Mail: info@hastema.com Webseite: https:\/\/hastema.com Geltungsbereich Der Schutz der pers\u00f6nlichen Daten ist uns wichtig. [&hellip;]<\/p>\n","protected":false},"author":3,"featured_media":0,"parent":0,"menu_order":0,"comment_status":"closed","ping_status":"closed","template":"","meta":{"_acf_changed":false,"footnotes":""},"class_list":["post-10640","page","type-page","status-publish","hentry"],"acf":[],"yoast_head":"<!-- This site is optimized with the Yoast SEO plugin v24.2 - https:\/\/yoast.com\/wordpress\/plugins\/seo\/ -->\n<title>Datenschutzerkl\u00e4rung - Hastema<\/title>\n<meta name=\"robots\" content=\"noindex, nofollow\" \/>\n<meta property=\"og:locale\" content=\"de_DE\" \/>\n<meta property=\"og:type\" content=\"article\" \/>\n<meta property=\"og:title\" content=\"Datenschutzerkl\u00e4rung - Hastema\" \/>\n<meta property=\"og:description\" content=\"[vc_row el_class=&#8220;hastemaprivacy&#8220;][vc_column][vc_empty_space][vc_column_text css=&#8220;.vc_custom_1612257574610{margin-bottom: 0px !important;}&#8220;] Datenschutzerkl\u00e4rung Wer sind wir? Diese Webseite und deren Inhalt wird durch die Firma hastema GmbH zur Verf\u00fcgung gestellt. Verantwortliche Stelle Verantwortliche Stelle im Sinne der Datenschutzgesetze, insbesondere der EU-Datenschutzgrundverordnung (DSGVO), lautet: hastema GmbH Industriestrasse 20A 2555 Br\u00fcgg E-Mail: info@hastema.com Webseite: https:\/\/hastema.com Geltungsbereich Der Schutz der pers\u00f6nlichen Daten ist uns wichtig. [&hellip;]\" \/>\n<meta property=\"og:url\" content=\"https:\/\/www.hastema.com\/de\/datenschutzerklaerung\/\" \/>\n<meta property=\"og:site_name\" content=\"Hastema\" \/>\n<meta property=\"article:modified_time\" content=\"2021-02-02T09:22:00+00:00\" \/>\n<meta name=\"twitter:card\" content=\"summary_large_image\" \/>\n<meta name=\"twitter:label1\" content=\"Gesch\u00e4tzte Lesezeit\" \/>\n\t<meta name=\"twitter:data1\" content=\"6\u00a0Minuten\" \/>\n<script type=\"application\/ld+json\" class=\"yoast-schema-graph\">{\"@context\":\"https:\/\/schema.org\",\"@graph\":[{\"@type\":\"WebPage\",\"@id\":\"https:\/\/www.hastema.com\/de\/datenschutzerklaerung\/\",\"url\":\"https:\/\/www.hastema.com\/de\/datenschutzerklaerung\/\",\"name\":\"Datenschutzerkl\u00e4rung - Hastema\",\"isPartOf\":{\"@id\":\"https:\/\/www.hastema.com\/#website\"},\"datePublished\":\"2021-01-11T10:36:57+00:00\",\"dateModified\":\"2021-02-02T09:22:00+00:00\",\"breadcrumb\":{\"@id\":\"https:\/\/www.hastema.com\/de\/datenschutzerklaerung\/#breadcrumb\"},\"inLanguage\":\"de\",\"potentialAction\":[{\"@type\":\"ReadAction\",\"target\":[\"https:\/\/www.hastema.com\/de\/datenschutzerklaerung\/\"]}]},{\"@type\":\"BreadcrumbList\",\"@id\":\"https:\/\/www.hastema.com\/de\/datenschutzerklaerung\/#breadcrumb\",\"itemListElement\":[{\"@type\":\"ListItem\",\"position\":1,\"name\":\"Startseite\",\"item\":\"https:\/\/www.hastema.com\/de\/\"},{\"@type\":\"ListItem\",\"position\":2,\"name\":\"Datenschutzerkl\u00e4rung\"}]},{\"@type\":\"WebSite\",\"@id\":\"https:\/\/www.hastema.com\/#website\",\"url\":\"https:\/\/www.hastema.com\/\",\"name\":\"Hastema\",\"description\":\"Engineering Produktion Bahntechnik\",\"publisher\":{\"@id\":\"https:\/\/www.hastema.com\/#organization\"},\"potentialAction\":[{\"@type\":\"SearchAction\",\"target\":{\"@type\":\"EntryPoint\",\"urlTemplate\":\"https:\/\/www.hastema.com\/?s={search_term_string}\"},\"query-input\":{\"@type\":\"PropertyValueSpecification\",\"valueRequired\":true,\"valueName\":\"search_term_string\"}}],\"inLanguage\":\"de\"},{\"@type\":\"Organization\",\"@id\":\"https:\/\/www.hastema.com\/#organization\",\"name\":\"Hastema GmbH\",\"url\":\"https:\/\/www.hastema.com\/\",\"logo\":{\"@type\":\"ImageObject\",\"inLanguage\":\"de\",\"@id\":\"https:\/\/www.hastema.com\/#\/schema\/logo\/image\/\",\"url\":\"https:\/\/www.hastema.simn.ch\/wp-content\/uploads\/2014\/09\/hastema-logo-normal.png\",\"contentUrl\":\"https:\/\/www.hastema.simn.ch\/wp-content\/uploads\/2014\/09\/hastema-logo-normal.png\",\"width\":275,\"height\":93,\"caption\":\"Hastema GmbH\"},\"image\":{\"@id\":\"https:\/\/www.hastema.com\/#\/schema\/logo\/image\/\"}}]}<\/script>\n<!-- \/ Yoast SEO plugin. -->","yoast_head_json":{"title":"Datenschutzerkl\u00e4rung - Hastema","robots":{"index":"noindex","follow":"nofollow"},"og_locale":"de_DE","og_type":"article","og_title":"Datenschutzerkl\u00e4rung - Hastema","og_description":"[vc_row el_class=&#8220;hastemaprivacy&#8220;][vc_column][vc_empty_space][vc_column_text css=&#8220;.vc_custom_1612257574610{margin-bottom: 0px !important;}&#8220;] Datenschutzerkl\u00e4rung Wer sind wir? Diese Webseite und deren Inhalt wird durch die Firma hastema GmbH zur Verf\u00fcgung gestellt. Verantwortliche Stelle Verantwortliche Stelle im Sinne der Datenschutzgesetze, insbesondere der EU-Datenschutzgrundverordnung (DSGVO), lautet: hastema GmbH Industriestrasse 20A 2555 Br\u00fcgg E-Mail: info@hastema.com Webseite: https:\/\/hastema.com Geltungsbereich Der Schutz der pers\u00f6nlichen Daten ist uns wichtig. [&hellip;]","og_url":"https:\/\/www.hastema.com\/de\/datenschutzerklaerung\/","og_site_name":"Hastema","article_modified_time":"2021-02-02T09:22:00+00:00","twitter_card":"summary_large_image","twitter_misc":{"Gesch\u00e4tzte Lesezeit":"6\u00a0Minuten"},"schema":{"@context":"https:\/\/schema.org","@graph":[{"@type":"WebPage","@id":"https:\/\/www.hastema.com\/de\/datenschutzerklaerung\/","url":"https:\/\/www.hastema.com\/de\/datenschutzerklaerung\/","name":"Datenschutzerkl\u00e4rung - Hastema","isPartOf":{"@id":"https:\/\/www.hastema.com\/#website"},"datePublished":"2021-01-11T10:36:57+00:00","dateModified":"2021-02-02T09:22:00+00:00","breadcrumb":{"@id":"https:\/\/www.hastema.com\/de\/datenschutzerklaerung\/#breadcrumb"},"inLanguage":"de","potentialAction":[{"@type":"ReadAction","target":["https:\/\/www.hastema.com\/de\/datenschutzerklaerung\/"]}]},{"@type":"BreadcrumbList","@id":"https:\/\/www.hastema.com\/de\/datenschutzerklaerung\/#breadcrumb","itemListElement":[{"@type":"ListItem","position":1,"name":"Startseite","item":"https:\/\/www.hastema.com\/de\/"},{"@type":"ListItem","position":2,"name":"Datenschutzerkl\u00e4rung"}]},{"@type":"WebSite","@id":"https:\/\/www.hastema.com\/#website","url":"https:\/\/www.hastema.com\/","name":"Hastema","description":"Engineering Produktion Bahntechnik","publisher":{"@id":"https:\/\/www.hastema.com\/#organization"},"potentialAction":[{"@type":"SearchAction","target":{"@type":"EntryPoint","urlTemplate":"https:\/\/www.hastema.com\/?s={search_term_string}"},"query-input":{"@type":"PropertyValueSpecification","valueRequired":true,"valueName":"search_term_string"}}],"inLanguage":"de"},{"@type":"Organization","@id":"https:\/\/www.hastema.com\/#organization","name":"Hastema GmbH","url":"https:\/\/www.hastema.com\/","logo":{"@type":"ImageObject","inLanguage":"de","@id":"https:\/\/www.hastema.com\/#\/schema\/logo\/image\/","url":"https:\/\/www.hastema.simn.ch\/wp-content\/uploads\/2014\/09\/hastema-logo-normal.png","contentUrl":"https:\/\/www.hastema.simn.ch\/wp-content\/uploads\/2014\/09\/hastema-logo-normal.png","width":275,"height":93,"caption":"Hastema GmbH"},"image":{"@id":"https:\/\/www.hastema.com\/#\/schema\/logo\/image\/"}}]}},"_links":{"self":[{"href":"https:\/\/www.hastema.com\/de\/wp-json\/wp\/v2\/pages\/10640","targetHints":{"allow":["GET"]}}],"collection":[{"href":"https:\/\/www.hastema.com\/de\/wp-json\/wp\/v2\/pages"}],"about":[{"href":"https:\/\/www.hastema.com\/de\/wp-json\/wp\/v2\/types\/page"}],"author":[{"embeddable":true,"href":"https:\/\/www.hastema.com\/de\/wp-json\/wp\/v2\/users\/3"}],"replies":[{"embeddable":true,"href":"https:\/\/www.hastema.com\/de\/wp-json\/wp\/v2\/comments?post=10640"}],"version-history":[{"count":9,"href":"https:\/\/www.hastema.com\/de\/wp-json\/wp\/v2\/pages\/10640\/revisions"}],"predecessor-version":[{"id":10966,"href":"https:\/\/www.hastema.com\/de\/wp-json\/wp\/v2\/pages\/10640\/revisions\/10966"}],"wp:attachment":[{"href":"https:\/\/www.hastema.com\/de\/wp-json\/wp\/v2\/media?parent=10640"}],"curies":[{"name":"wp","href":"https:\/\/api.w.org\/{rel}","templated":true}]}}