{"id":7419,"date":"2014-08-25T08:51:29","date_gmt":"2014-08-25T06:51:29","guid":{"rendered":"https:\/\/www.hastema.com\/?page_id=7419"},"modified":"2021-02-04T17:54:55","modified_gmt":"2021-02-04T15:54:55","slug":"bahntechnik","status":"publish","type":"page","link":"https:\/\/www.hastema.com\/de\/bahntechnik\/","title":{"rendered":"Bahntechnik"},"content":{"rendered":"<p>[mk_page_section bg_image=&#8220;https:\/\/www.hastema.com\/wp-content\/uploads\/2014\/08\/hastema-header-bahntechnik.jpg&#8220; bg_position=&#8220;center center&#8220; bg_repeat=&#8220;no-repeat&#8220; speed_factor=&#8220;4&#8243; min_height=&#8220;536&#8243; padding_top=&#8220;0&#8243; padding_bottom=&#8220;0&#8243; el_class=&#8220;margin-corr-header&#8220; sidebar=&#8220;Hastema&#8220; first_page=&#8220;true&#8220; last_page=&#8220;true&#8220;][vc_column width=&#8220;1\/2&#8243;][\/vc_column][vc_column width=&#8220;1\/2&#8243;][mk_content_box el_class=&#8220;circle&#8220;][vc_column_text align=&#8220;center&#8220; margin_bottom=&#8220;50&#8243;]<\/p>\n<h2 class=\"p1\">Mit Sicherheit<br \/>\ninnovative<br \/>\nBahntechnik<\/h2>\n<p>[\/vc_column_text][\/mk_content_box][\/vc_column][\/mk_page_section][mk_page_section speed_factor=&#8220;4&#8243; padding_top=&#8220;50&#8243; padding_bottom=&#8220;100&#8243; sidebar=&#8220;Hastema&#8220; first_page=&#8220;true&#8220; last_page=&#8220;true&#8220;][vc_column width=&#8220;1\/2&#8243;][vc_column_text disable_pattern=&#8220;false&#8220;]<\/p>\n<h2>Die Infrastruktur fest im Griff haben<\/h2>\n<p><strong>Die Hastema entwickelt produziert und vertreibt Produkte f\u00fcr die Bahnindustrie.<\/strong><\/p>\n<p>Egal ob Sie unsere fertigen Produkte kaufen oder etwas neues entwickeln lassen m\u00f6chten; Kurze Durchlaufzeiten und eine Systeml\u00f6sung aus einer Hand garantieren einen raschen Erfolg.[\/vc_column_text][\/vc_column][vc_column width=&#8220;1\/2&#8243;][vc_column_text]<\/p>\n<ul>\n<li>Dynamische Gleiswaagen<\/li>\n<li>Automatische Zugs\u00fcberwachung<\/li>\n<li>Mobile und station\u00e4re Weichenpr\u00fcfger\u00e4te, Stellkraftmessger\u00e4te<\/li>\n<li>Weichantriebs Pr\u00fcfstand<\/li>\n<li>Aufarbeiten \/ Wartung von Weichenantriebe<\/li>\n<li>Ersatzteile f\u00fcr Weichenantriebe<\/li>\n<li>Aufarbeiten \/ Wartung von Weichenmotoren<\/li>\n<li>Neuer Stromverteiler f\u00fcr Weichenantriebe<\/li>\n<li>Schwellenbohrmaschine<\/li>\n<li>etc.<\/li>\n<\/ul>\n<p>[\/vc_column_text][\/vc_column][\/mk_page_section][mk_page_section bg_color=&#8220;#eaeaea&#8220; speed_factor=&#8220;4&#8243; padding_top=&#8220;100&#8243; padding_bottom=&#8220;100&#8243; sidebar=&#8220;Hastema&#8220; first_page=&#8220;true&#8220; last_page=&#8220;true&#8220;][vc_column][mk_portfolio height=&#8220;400&#8243; column=&#8220;2&#8243; zoom_icon=&#8220;false&#8220; count=&#8220;-1&#8243; sortable=&#8220;false&#8220; order=&#8220;ASC&#8220; orderby=&#8220;menu_order&#8220; disable_excerpt=&#8220;true&#8220; disable_permalink=&#8220;true&#8220; image_quality=&#8220;1&#8243; posts=&#8220;5140, 6736, 8049, 8058, 6730, 9559, 9447, 9407, 5139, 9540, 9522, 9472, 8019&#8243;][\/vc_column][\/mk_page_section]<\/p>\n","protected":false},"excerpt":{"rendered":"<p>[mk_page_section bg_image=&#8220;https:\/\/www.hastema.com\/wp-content\/uploads\/2014\/08\/hastema-header-bahntechnik.jpg&#8220; bg_position=&#8220;center center&#8220; bg_repeat=&#8220;no-repeat&#8220; speed_factor=&#8220;4&#8243; min_height=&#8220;536&#8243; padding_top=&#8220;0&#8243; padding_bottom=&#8220;0&#8243; el_class=&#8220;margin-corr-header&#8220; sidebar=&#8220;Hastema&#8220; first_page=&#8220;true&#8220; last_page=&#8220;true&#8220;][vc_column width=&#8220;1\/2&#8243;][\/vc_column][vc_column width=&#8220;1\/2&#8243;][mk_content_box el_class=&#8220;circle&#8220;][vc_column_text align=&#8220;center&#8220; margin_bottom=&#8220;50&#8243;] Mit Sicherheit innovative Bahntechnik [\/vc_column_text][\/mk_content_box][\/vc_column][\/mk_page_section][mk_page_section speed_factor=&#8220;4&#8243; padding_top=&#8220;50&#8243; padding_bottom=&#8220;100&#8243; sidebar=&#8220;Hastema&#8220; first_page=&#8220;true&#8220; last_page=&#8220;true&#8220;][vc_column width=&#8220;1\/2&#8243;][vc_column_text disable_pattern=&#8220;false&#8220;] Die Infrastruktur fest im Griff haben Die Hastema entwickelt produziert und vertreibt Produkte f\u00fcr die Bahnindustrie. Egal ob Sie unsere fertigen Produkte kaufen oder [&hellip;]<\/p>\n","protected":false},"author":2,"featured_media":0,"parent":0,"menu_order":0,"comment_status":"open","ping_status":"open","template":"full-width.php","meta":{"_acf_changed":false,"footnotes":""},"class_list":["post-7419","page","type-page","status-publish","hentry"],"acf":[],"yoast_head":"<!-- This site is optimized with the Yoast SEO plugin v24.2 - https:\/\/yoast.com\/wordpress\/plugins\/seo\/ -->\n<title>Bahntechnik - Hastema<\/title>\n<meta name=\"robots\" content=\"index, follow, max-snippet:-1, max-image-preview:large, max-video-preview:-1\" \/>\n<link rel=\"canonical\" href=\"https:\/\/www.hastema.com\/de\/bahntechnik\/\" \/>\n<meta property=\"og:locale\" content=\"de_DE\" \/>\n<meta property=\"og:type\" content=\"article\" \/>\n<meta property=\"og:title\" content=\"Bahntechnik - Hastema\" \/>\n<meta property=\"og:description\" content=\"[mk_page_section bg_image=&#8220;https:\/\/www.hastema.com\/wp-content\/uploads\/2014\/08\/hastema-header-bahntechnik.jpg&#8220; bg_position=&#8220;center center&#8220; bg_repeat=&#8220;no-repeat&#8220; speed_factor=&#8220;4&#8243; min_height=&#8220;536&#8243; padding_top=&#8220;0&#8243; padding_bottom=&#8220;0&#8243; el_class=&#8220;margin-corr-header&#8220; sidebar=&#8220;Hastema&#8220; first_page=&#8220;true&#8220; last_page=&#8220;true&#8220;][vc_column width=&#8220;1\/2&#8243;][\/vc_column][vc_column width=&#8220;1\/2&#8243;][mk_content_box el_class=&#8220;circle&#8220;][vc_column_text align=&#8220;center&#8220; margin_bottom=&#8220;50&#8243;] Mit Sicherheit innovative Bahntechnik [\/vc_column_text][\/mk_content_box][\/vc_column][\/mk_page_section][mk_page_section speed_factor=&#8220;4&#8243; padding_top=&#8220;50&#8243; padding_bottom=&#8220;100&#8243; sidebar=&#8220;Hastema&#8220; first_page=&#8220;true&#8220; last_page=&#8220;true&#8220;][vc_column width=&#8220;1\/2&#8243;][vc_column_text disable_pattern=&#8220;false&#8220;] Die Infrastruktur fest im Griff haben Die Hastema entwickelt produziert und vertreibt Produkte f\u00fcr die Bahnindustrie. Egal ob Sie unsere fertigen Produkte kaufen oder [&hellip;]\" \/>\n<meta property=\"og:url\" content=\"https:\/\/www.hastema.com\/de\/bahntechnik\/\" \/>\n<meta property=\"og:site_name\" content=\"Hastema\" \/>\n<meta property=\"article:modified_time\" content=\"2021-02-04T15:54:55+00:00\" \/>\n<meta name=\"twitter:card\" content=\"summary_large_image\" \/>\n<meta name=\"twitter:label1\" content=\"Gesch\u00e4tzte Lesezeit\" \/>\n\t<meta name=\"twitter:data1\" content=\"1\u00a0Minute\" \/>\n<script type=\"application\/ld+json\" class=\"yoast-schema-graph\">{\"@context\":\"https:\/\/schema.org\",\"@graph\":[{\"@type\":\"WebPage\",\"@id\":\"https:\/\/www.hastema.com\/de\/bahntechnik\/\",\"url\":\"https:\/\/www.hastema.com\/de\/bahntechnik\/\",\"name\":\"Bahntechnik - Hastema\",\"isPartOf\":{\"@id\":\"https:\/\/www.hastema.com\/#website\"},\"datePublished\":\"2014-08-25T06:51:29+00:00\",\"dateModified\":\"2021-02-04T15:54:55+00:00\",\"breadcrumb\":{\"@id\":\"https:\/\/www.hastema.com\/de\/bahntechnik\/#breadcrumb\"},\"inLanguage\":\"de\",\"potentialAction\":[{\"@type\":\"ReadAction\",\"target\":[\"https:\/\/www.hastema.com\/de\/bahntechnik\/\"]}]},{\"@type\":\"BreadcrumbList\",\"@id\":\"https:\/\/www.hastema.com\/de\/bahntechnik\/#breadcrumb\",\"itemListElement\":[{\"@type\":\"ListItem\",\"position\":1,\"name\":\"Startseite\",\"item\":\"https:\/\/www.hastema.com\/de\/\"},{\"@type\":\"ListItem\",\"position\":2,\"name\":\"Bahntechnik\"}]},{\"@type\":\"WebSite\",\"@id\":\"https:\/\/www.hastema.com\/#website\",\"url\":\"https:\/\/www.hastema.com\/\",\"name\":\"Hastema\",\"description\":\"Engineering Produktion Bahntechnik\",\"publisher\":{\"@id\":\"https:\/\/www.hastema.com\/#organization\"},\"potentialAction\":[{\"@type\":\"SearchAction\",\"target\":{\"@type\":\"EntryPoint\",\"urlTemplate\":\"https:\/\/www.hastema.com\/?s={search_term_string}\"},\"query-input\":{\"@type\":\"PropertyValueSpecification\",\"valueRequired\":true,\"valueName\":\"search_term_string\"}}],\"inLanguage\":\"de\"},{\"@type\":\"Organization\",\"@id\":\"https:\/\/www.hastema.com\/#organization\",\"name\":\"Hastema GmbH\",\"url\":\"https:\/\/www.hastema.com\/\",\"logo\":{\"@type\":\"ImageObject\",\"inLanguage\":\"de\",\"@id\":\"https:\/\/www.hastema.com\/#\/schema\/logo\/image\/\",\"url\":\"https:\/\/www.hastema.simn.ch\/wp-content\/uploads\/2014\/09\/hastema-logo-normal.png\",\"contentUrl\":\"https:\/\/www.hastema.simn.ch\/wp-content\/uploads\/2014\/09\/hastema-logo-normal.png\",\"width\":275,\"height\":93,\"caption\":\"Hastema GmbH\"},\"image\":{\"@id\":\"https:\/\/www.hastema.com\/#\/schema\/logo\/image\/\"}}]}<\/script>\n<!-- \/ Yoast SEO plugin. -->","yoast_head_json":{"title":"Bahntechnik - Hastema","robots":{"index":"index","follow":"follow","max-snippet":"max-snippet:-1","max-image-preview":"max-image-preview:large","max-video-preview":"max-video-preview:-1"},"canonical":"https:\/\/www.hastema.com\/de\/bahntechnik\/","og_locale":"de_DE","og_type":"article","og_title":"Bahntechnik - Hastema","og_description":"[mk_page_section bg_image=&#8220;https:\/\/www.hastema.com\/wp-content\/uploads\/2014\/08\/hastema-header-bahntechnik.jpg&#8220; bg_position=&#8220;center center&#8220; bg_repeat=&#8220;no-repeat&#8220; speed_factor=&#8220;4&#8243; min_height=&#8220;536&#8243; padding_top=&#8220;0&#8243; padding_bottom=&#8220;0&#8243; el_class=&#8220;margin-corr-header&#8220; sidebar=&#8220;Hastema&#8220; first_page=&#8220;true&#8220; last_page=&#8220;true&#8220;][vc_column width=&#8220;1\/2&#8243;][\/vc_column][vc_column width=&#8220;1\/2&#8243;][mk_content_box el_class=&#8220;circle&#8220;][vc_column_text align=&#8220;center&#8220; margin_bottom=&#8220;50&#8243;] Mit Sicherheit innovative Bahntechnik [\/vc_column_text][\/mk_content_box][\/vc_column][\/mk_page_section][mk_page_section speed_factor=&#8220;4&#8243; padding_top=&#8220;50&#8243; padding_bottom=&#8220;100&#8243; sidebar=&#8220;Hastema&#8220; first_page=&#8220;true&#8220; last_page=&#8220;true&#8220;][vc_column width=&#8220;1\/2&#8243;][vc_column_text disable_pattern=&#8220;false&#8220;] Die Infrastruktur fest im Griff haben Die Hastema entwickelt produziert und vertreibt Produkte f\u00fcr die Bahnindustrie. Egal ob Sie unsere fertigen Produkte kaufen oder [&hellip;]","og_url":"https:\/\/www.hastema.com\/de\/bahntechnik\/","og_site_name":"Hastema","article_modified_time":"2021-02-04T15:54:55+00:00","twitter_card":"summary_large_image","twitter_misc":{"Gesch\u00e4tzte Lesezeit":"1\u00a0Minute"},"schema":{"@context":"https:\/\/schema.org","@graph":[{"@type":"WebPage","@id":"https:\/\/www.hastema.com\/de\/bahntechnik\/","url":"https:\/\/www.hastema.com\/de\/bahntechnik\/","name":"Bahntechnik - Hastema","isPartOf":{"@id":"https:\/\/www.hastema.com\/#website"},"datePublished":"2014-08-25T06:51:29+00:00","dateModified":"2021-02-04T15:54:55+00:00","breadcrumb":{"@id":"https:\/\/www.hastema.com\/de\/bahntechnik\/#breadcrumb"},"inLanguage":"de","potentialAction":[{"@type":"ReadAction","target":["https:\/\/www.hastema.com\/de\/bahntechnik\/"]}]},{"@type":"BreadcrumbList","@id":"https:\/\/www.hastema.com\/de\/bahntechnik\/#breadcrumb","itemListElement":[{"@type":"ListItem","position":1,"name":"Startseite","item":"https:\/\/www.hastema.com\/de\/"},{"@type":"ListItem","position":2,"name":"Bahntechnik"}]},{"@type":"WebSite","@id":"https:\/\/www.hastema.com\/#website","url":"https:\/\/www.hastema.com\/","name":"Hastema","description":"Engineering Produktion Bahntechnik","publisher":{"@id":"https:\/\/www.hastema.com\/#organization"},"potentialAction":[{"@type":"SearchAction","target":{"@type":"EntryPoint","urlTemplate":"https:\/\/www.hastema.com\/?s={search_term_string}"},"query-input":{"@type":"PropertyValueSpecification","valueRequired":true,"valueName":"search_term_string"}}],"inLanguage":"de"},{"@type":"Organization","@id":"https:\/\/www.hastema.com\/#organization","name":"Hastema GmbH","url":"https:\/\/www.hastema.com\/","logo":{"@type":"ImageObject","inLanguage":"de","@id":"https:\/\/www.hastema.com\/#\/schema\/logo\/image\/","url":"https:\/\/www.hastema.simn.ch\/wp-content\/uploads\/2014\/09\/hastema-logo-normal.png","contentUrl":"https:\/\/www.hastema.simn.ch\/wp-content\/uploads\/2014\/09\/hastema-logo-normal.png","width":275,"height":93,"caption":"Hastema GmbH"},"image":{"@id":"https:\/\/www.hastema.com\/#\/schema\/logo\/image\/"}}]}},"_links":{"self":[{"href":"https:\/\/www.hastema.com\/de\/wp-json\/wp\/v2\/pages\/7419","targetHints":{"allow":["GET"]}}],"collection":[{"href":"https:\/\/www.hastema.com\/de\/wp-json\/wp\/v2\/pages"}],"about":[{"href":"https:\/\/www.hastema.com\/de\/wp-json\/wp\/v2\/types\/page"}],"author":[{"embeddable":true,"href":"https:\/\/www.hastema.com\/de\/wp-json\/wp\/v2\/users\/2"}],"replies":[{"embeddable":true,"href":"https:\/\/www.hastema.com\/de\/wp-json\/wp\/v2\/comments?post=7419"}],"version-history":[{"count":24,"href":"https:\/\/www.hastema.com\/de\/wp-json\/wp\/v2\/pages\/7419\/revisions"}],"predecessor-version":[{"id":11054,"href":"https:\/\/www.hastema.com\/de\/wp-json\/wp\/v2\/pages\/7419\/revisions\/11054"}],"wp:attachment":[{"href":"https:\/\/www.hastema.com\/de\/wp-json\/wp\/v2\/media?parent=7419"}],"curies":[{"name":"wp","href":"https:\/\/api.w.org\/{rel}","templated":true}]}}