{"id":7421,"date":"2014-08-25T08:51:50","date_gmt":"2014-08-25T06:51:50","guid":{"rendered":"https:\/\/www.hastema.com\/?page_id=7421"},"modified":"2020-02-18T15:24:59","modified_gmt":"2020-02-18T13:24:59","slug":"engineering","status":"publish","type":"page","link":"https:\/\/www.hastema.com\/de\/engineering\/","title":{"rendered":"Engineering"},"content":{"rendered":"<div class=\"wpb-content-wrapper\"><p>[mk_page_section attachment=&#8220;scroll&#8220; bg_position=&#8220;center center&#8220; bg_repeat=&#8220;no-repeat&#8220; bg_stretch=&#8220;false&#8220; enable_3d=&#8220;false&#8220; speed_factor=&#8220;4&#8243; bg_video=&#8220;no&#8220; video_mask=&#8220;false&#8220; video_opacity=&#8220;0.6&#8243; top_shadow=&#8220;false&#8220; section_layout=&#8220;full&#8220; sidebar=&#8220;Hastema&#8220; min_height=&#8220;536&#8243; full_height=&#8220;false&#8220; padding_top=&#8220;0&#8243; padding_bottom=&#8220;0&#8243; margin_bottom=&#8220;0&#8243; first_page=&#8220;true&#8220; last_page=&#8220;true&#8220; bg_image=&#8220;https:\/\/www.hastema.com\/wp-content\/uploads\/2014\/08\/hastema-header-engineering.jpg&#8220; el_class=&#8220;margin-corr-header&#8220;][vc_column width=&#8220;1\/2&#8243;][\/vc_column][vc_column width=&#8220;1\/2&#8243;][mk_content_box el_class=&#8220;circle&#8220;][vc_column_text disable_pattern=&#8220;true&#8220; align=&#8220;center&#8220; margin_bottom=&#8220;50&#8243;]<\/p>\n<h2 class=\"p1\">Technologie<br \/>\neffizient<br \/>\neingesetzt<\/h2>\n<p>[\/vc_column_text][\/mk_content_box][\/vc_column][\/mk_page_section][mk_page_section attachment=&#8220;scroll&#8220; bg_position=&#8220;left top&#8220; bg_repeat=&#8220;repeat&#8220; bg_stretch=&#8220;false&#8220; enable_3d=&#8220;false&#8220; speed_factor=&#8220;4&#8243; bg_video=&#8220;no&#8220; video_mask=&#8220;false&#8220; video_opacity=&#8220;0.6&#8243; top_shadow=&#8220;false&#8220; section_layout=&#8220;full&#8220; sidebar=&#8220;Hastema&#8220; min_height=&#8220;100&#8243; full_height=&#8220;false&#8220; padding_top=&#8220;50&#8243; padding_bottom=&#8220;100&#8243; margin_bottom=&#8220;0&#8243; first_page=&#8220;true&#8220; last_page=&#8220;true&#8220;][vc_column width=&#8220;1\/2&#8243;][vc_column_text disable_pattern=&#8220;true&#8220; align=&#8220;left&#8220; margin_bottom=&#8220;0&#8243;]<\/p>\n<h2>Produktentwicklung<\/h2>\n<p><strong>Wenn Ihre Idee Form annimmt<\/strong><\/p>\n<p>Unser Know-how in den verschiedenen Fachdisziplinen l\u00e4sst Ihre Ideen Realit\u00e4t werden. Ob Mechanik, Elektrotechnik\u00a0oder Mechatronik.<\/p>\n<p>Kurze Durchlaufzeiten und eine Systeml\u00f6sung aus einer Hand beg\u00fcnstigen einen raschen Erfolg.[\/vc_column_text][\/vc_column][vc_column width=&#8220;1\/2&#8243;][mk_padding_divider size=&#8220;40&#8243;][vc_row_inner][vc_column_inner width=&#8220;1\/3&#8243;][mk_font_icons icon=&#8220;moon-arrow-right-6&#8243; size=&#8220;medium&#8220; padding_horizental=&#8220;4&#8243; padding_vertical=&#8220;4&#8243; circle=&#8220;false&#8220; align=&#8220;center&#8220; target=&#8220;_self&#8220; color=&#8220;#bababa&#8220;][vc_column_text disable_pattern=&#8220;true&#8220; align=&#8220;left&#8220; margin_bottom=&#8220;0&#8243;]<\/p>\n<p style=\"text-align: center;\">Konzept<\/p>\n<p>[\/vc_column_text][\/vc_column_inner][vc_column_inner width=&#8220;1\/3&#8243;][mk_font_icons icon=&#8220;moon-arrow-right-6&#8243; size=&#8220;medium&#8220; padding_horizental=&#8220;4&#8243; padding_vertical=&#8220;4&#8243; circle=&#8220;false&#8220; align=&#8220;center&#8220; target=&#8220;_self&#8220; color=&#8220;#bababa&#8220;][vc_column_text disable_pattern=&#8220;true&#8220; align=&#8220;left&#8220; margin_bottom=&#8220;0&#8243;]<\/p>\n<p style=\"text-align: center;\">Design<\/p>\n<p>[\/vc_column_text][\/vc_column_inner][vc_column_inner width=&#8220;1\/3&#8243;][mk_font_icons icon=&#8220;moon-arrow-right-6&#8243; size=&#8220;medium&#8220; padding_horizental=&#8220;4&#8243; padding_vertical=&#8220;4&#8243; circle=&#8220;false&#8220; align=&#8220;center&#8220; target=&#8220;_self&#8220; color=&#8220;#bababa&#8220;][vc_column_text disable_pattern=&#8220;true&#8220; align=&#8220;left&#8220; margin_bottom=&#8220;0&#8243;]<\/p>\n<p style=\"text-align: center;\">Konstruktion<\/p>\n<p>[\/vc_column_text][\/vc_column_inner][\/vc_row_inner][vc_row_inner][vc_column_inner width=&#8220;1\/3&#8243;][mk_font_icons icon=&#8220;moon-arrow-right-6&#8243; size=&#8220;medium&#8220; padding_horizental=&#8220;4&#8243; padding_vertical=&#8220;4&#8243; circle=&#8220;false&#8220; align=&#8220;center&#8220; target=&#8220;_self&#8220; color=&#8220;#bababa&#8220;][vc_column_text disable_pattern=&#8220;true&#8220; align=&#8220;left&#8220; margin_bottom=&#8220;0&#8243;]<\/p>\n<p style=\"text-align: center;\">Prototyping<\/p>\n<p>[\/vc_column_text][\/vc_column_inner][vc_column_inner width=&#8220;1\/3&#8243;][mk_font_icons icon=&#8220;moon-arrow-right-6&#8243; size=&#8220;medium&#8220; padding_horizental=&#8220;4&#8243; padding_vertical=&#8220;4&#8243; circle=&#8220;false&#8220; align=&#8220;center&#8220; target=&#8220;_self&#8220; color=&#8220;#bababa&#8220;][vc_column_text disable_pattern=&#8220;true&#8220; align=&#8220;left&#8220; margin_bottom=&#8220;0&#8243;]<\/p>\n<p style=\"text-align: center;\">Produktion<\/p>\n<p>[\/vc_column_text][\/vc_column_inner][vc_column_inner width=&#8220;1\/3&#8243;][mk_font_icons icon=&#8220;moon-arrow-right-6&#8243; size=&#8220;medium&#8220; padding_horizental=&#8220;4&#8243; padding_vertical=&#8220;4&#8243; circle=&#8220;false&#8220; align=&#8220;center&#8220; target=&#8220;_self&#8220; color=&#8220;#bababa&#8220;][vc_column_text disable_pattern=&#8220;true&#8220; align=&#8220;left&#8220; margin_bottom=&#8220;0&#8243;]<\/p>\n<p style=\"text-align: center;\">Industrialisierung<\/p>\n<p>[\/vc_column_text][\/vc_column_inner][\/vc_row_inner][\/vc_column][\/mk_page_section][mk_page_section attachment=&#8220;scroll&#8220; bg_position=&#8220;left top&#8220; bg_repeat=&#8220;repeat&#8220; bg_stretch=&#8220;false&#8220; enable_3d=&#8220;false&#8220; speed_factor=&#8220;4&#8243; bg_video=&#8220;no&#8220; video_mask=&#8220;false&#8220; video_opacity=&#8220;0.6&#8243; top_shadow=&#8220;false&#8220; section_layout=&#8220;full&#8220; sidebar=&#8220;Hastema&#8220; min_height=&#8220;100&#8243; full_height=&#8220;false&#8220; padding_top=&#8220;100&#8243; padding_bottom=&#8220;100&#8243; margin_bottom=&#8220;0&#8243; first_page=&#8220;true&#8220; last_page=&#8220;true&#8220; bg_color=&#8220;#eaeaea&#8220;][vc_column width=&#8220;1\/2&#8243;][\/vc_column][vc_column width=&#8220;1\/2&#8243;][vc_column_text disable_pattern=&#8220;true&#8220; align=&#8220;left&#8220; margin_bottom=&#8220;0&#8243;]<\/p>\n<h2>Konstruktion und Entwicklung von mechatronischen Baugruppen<\/h2>\n<p><strong>Keine \u00dcberraschungen<\/strong><\/p>\n<p>Unser Team von Ingenieuren, Technikern und Mechanikern setzen Ihre Vorgaben konsequent um. In 3D-Simulationen werden die Funktionalit\u00e4t, die Widerstandsf\u00e4higkeit und das Design gepr\u00fcft, bevor die kostspielige Produktion gestartet werden kann.<\/p>\n<p>Es entstehen Sondermaschinen, Messmittel, Pr\u00fcfst\u00e4nde, Vorrichtungen und Lehren f\u00fcr den Maschinenbau.[\/vc_column_text][\/vc_column][\/mk_page_section][mk_page_section attachment=&#8220;scroll&#8220; bg_position=&#8220;left top&#8220; bg_repeat=&#8220;repeat&#8220; bg_stretch=&#8220;false&#8220; enable_3d=&#8220;false&#8220; speed_factor=&#8220;4&#8243; bg_video=&#8220;no&#8220; video_mask=&#8220;false&#8220; video_opacity=&#8220;0.6&#8243; top_shadow=&#8220;false&#8220; section_layout=&#8220;full&#8220; sidebar=&#8220;Hastema&#8220; min_height=&#8220;100&#8243; full_height=&#8220;false&#8220; padding_top=&#8220;100&#8243; padding_bottom=&#8220;100&#8243; margin_bottom=&#8220;0&#8243; first_page=&#8220;true&#8220; last_page=&#8220;true&#8220;][vc_column width=&#8220;1\/2&#8243;][vc_column_text disable_pattern=&#8220;true&#8220; align=&#8220;left&#8220; margin_bottom=&#8220;0&#8243;]<\/p>\n<h2>Prozessoptimierung<\/h2>\n<p><strong>Sich st\u00e4ndig neu erfinden.<\/strong><\/p>\n<p>Hinterfragen Sie bestehende Prozesse, durchbrechen Sie das Abteilungsdenken und stellen Sie das Produkt und Ihre Kunden in den Vordergrund.<\/p>\n<p>Wir analysieren Produktionsprozesse, zeigen die Potentiale auf und helfen bei der Umsetzung. Mit kleinen Massnahmen kann bereits viel verbessert werden.[\/vc_column_text][\/vc_column][vc_column width=&#8220;1\/2&#8243;][\/vc_column][\/mk_page_section][mk_page_section bg_color=&#8220;#eaeaea&#8220; attachment=&#8220;scroll&#8220; bg_position=&#8220;left top&#8220; bg_repeat=&#8220;repeat&#8220; bg_stretch=&#8220;false&#8220; enable_3d=&#8220;false&#8220; speed_factor=&#8220;4&#8243; bg_video=&#8220;no&#8220; video_mask=&#8220;false&#8220; video_opacity=&#8220;0.6&#8243; top_shadow=&#8220;false&#8220; section_layout=&#8220;full&#8220; sidebar=&#8220;Hastema&#8220; min_height=&#8220;100&#8243; full_height=&#8220;false&#8220; padding_top=&#8220;100&#8243; padding_bottom=&#8220;100&#8243; margin_bottom=&#8220;0&#8243; first_page=&#8220;true&#8220; last_page=&#8220;true&#8220;][vc_column width=&#8220;1\/2&#8243;][\/vc_column][vc_column width=&#8220;1\/2&#8243;][vc_column_text disable_pattern=&#8220;true&#8220; align=&#8220;left&#8220; margin_bottom=&#8220;0&#8243;]<\/p>\n<h2>Reengineering<\/h2>\n<p><strong>Sich trennen f\u00e4llt manchmal schwer.<\/strong><\/p>\n<p>M\u00f6chten Sie eine bew\u00e4hrte Anlage\/Maschine nicht aufgeben? Finden Sie keinen Ersatz f\u00fcr eine Komponente oder Baugruppe?<\/p>\n<p>Wir erneuern Anlagen\/Maschinen samt ihren Steuerungen oder stellen neue Ersatzteile her.[\/vc_column_text][\/vc_column][\/mk_page_section][mk_page_section attachment=&#8220;scroll&#8220; bg_position=&#8220;left top&#8220; bg_repeat=&#8220;repeat&#8220; bg_stretch=&#8220;false&#8220; enable_3d=&#8220;false&#8220; speed_factor=&#8220;4&#8243; bg_video=&#8220;no&#8220; video_mask=&#8220;false&#8220; video_opacity=&#8220;0.6&#8243; top_shadow=&#8220;false&#8220; section_layout=&#8220;full&#8220; sidebar=&#8220;Hastema&#8220; min_height=&#8220;100&#8243; full_height=&#8220;false&#8220; padding_top=&#8220;100&#8243; padding_bottom=&#8220;100&#8243; margin_bottom=&#8220;0&#8243; first_page=&#8220;true&#8220; last_page=&#8220;true&#8220;][vc_column width=&#8220;1\/2&#8243;][vc_column_text disable_pattern=&#8220;true&#8220; align=&#8220;left&#8220; margin_bottom=&#8220;0&#8243;]<\/p>\n<h2>Kraftmessung und Kraftsensoren<\/h2>\n<p><strong>Halten, was man verspricht.<\/strong><\/p>\n<p>Sind Ihre Bauteile wirklich den Beanspruchungen gewachsen?<br \/>\nMit dem Verfahren der experimentellen Spannungsanalyse k\u00f6nnen Spannungen in einem Bauteil gemessen und quantifiziert werden (Applikation von DMS, Dehnungsmessstreifen). Statische oder dynamische Beanspruchungsmessungen geben Auskunft \u00fcber die effektiv vorhandenen Sicherheitsfaktoren in einem Bauteil.<\/p>\n<p>F\u00fcr den kundenspezifischen Kraftsensorbau wird dasselbe Verfahren angewandt. Kraftmessbolzen und Kraftmessdose entstehen.<\/p>\n<p>Diese Sensoren werden von unserem Kalibrierdienst justiert.[\/vc_column_text][\/vc_column][vc_column width=&#8220;1\/2&#8243;][\/vc_column][\/mk_page_section][mk_page_section bg_color=&#8220;#eaeaea&#8220; attachment=&#8220;scroll&#8220; bg_position=&#8220;left top&#8220; bg_repeat=&#8220;repeat&#8220; bg_stretch=&#8220;false&#8220; enable_3d=&#8220;false&#8220; speed_factor=&#8220;4&#8243; bg_video=&#8220;no&#8220; video_mask=&#8220;false&#8220; video_opacity=&#8220;0.6&#8243; top_shadow=&#8220;false&#8220; section_layout=&#8220;full&#8220; sidebar=&#8220;Hastema&#8220; min_height=&#8220;100&#8243; full_height=&#8220;false&#8220; padding_top=&#8220;100&#8243; padding_bottom=&#8220;100&#8243; margin_bottom=&#8220;0&#8243; first_page=&#8220;true&#8220; last_page=&#8220;true&#8220;][vc_column width=&#8220;1\/2&#8243;][\/vc_column][vc_column width=&#8220;1\/2&#8243;][vc_column_text disable_pattern=&#8220;true&#8220; align=&#8220;left&#8220; margin_bottom=&#8220;0&#8243;]<\/p>\n<h2>Forschung und Entwicklung<\/h2>\n<p><strong>Networking<\/strong><\/p>\n<p>Die hastema wurde als Spinoff der Berner Fachhochschule gegr\u00fcndet.<\/p>\n<p>Ein breites Netzwerk an Fachspezialisten und Professoren erm\u00f6glicht einen direkten Zugang zu neuen Technologien und Laboreinrichtungen.[\/vc_column_text][\/vc_column][\/mk_page_section][mk_page_section attachment=&#8220;scroll&#8220; bg_position=&#8220;left top&#8220; bg_repeat=&#8220;repeat&#8220; bg_stretch=&#8220;false&#8220; enable_3d=&#8220;false&#8220; speed_factor=&#8220;4&#8243; bg_video=&#8220;no&#8220; video_mask=&#8220;false&#8220; video_opacity=&#8220;0.6&#8243; top_shadow=&#8220;false&#8220; section_layout=&#8220;full&#8220; sidebar=&#8220;Hastema&#8220; min_height=&#8220;100&#8243; full_height=&#8220;false&#8220; padding_top=&#8220;100&#8243; padding_bottom=&#8220;100&#8243; margin_bottom=&#8220;0&#8243; first_page=&#8220;true&#8220; last_page=&#8220;true&#8220;][vc_column width=&#8220;1\/2&#8243;][vc_column_text disable_pattern=&#8220;true&#8220; align=&#8220;left&#8220; margin_bottom=&#8220;0&#8243;]<\/p>\n<h2>Outsourcing Ihrer Herstellungsprozesse<\/h2>\n<p><strong>Wir springen f\u00fcr Sie ein<\/strong><\/p>\n<p>In k\u00fcrzester Zeit werden wir zur Zweigstelle und liefern die fehlenden Kapazit\u00e4ten.<\/p>\n<p>Dabei \u00fcbernehmen wir die Herstellung von mechatronischen Apparaten und die Montage von Baugruppen inklusiv der Lagerhaltung, Verpackung und Distribution.[\/vc_column_text][\/vc_column][vc_column width=&#8220;1\/2&#8243;][\/vc_column][\/mk_page_section]<\/p>\n<\/div>","protected":false},"excerpt":{"rendered":"<p>[mk_page_section attachment=&#8220;scroll&#8220; bg_position=&#8220;center center&#8220; bg_repeat=&#8220;no-repeat&#8220; bg_stretch=&#8220;false&#8220; enable_3d=&#8220;false&#8220; speed_factor=&#8220;4&#8243; bg_video=&#8220;no&#8220; video_mask=&#8220;false&#8220; video_opacity=&#8220;0.6&#8243; top_shadow=&#8220;false&#8220; section_layout=&#8220;full&#8220; sidebar=&#8220;Hastema&#8220; min_height=&#8220;536&#8243; full_height=&#8220;false&#8220; padding_top=&#8220;0&#8243; padding_bottom=&#8220;0&#8243; margin_bottom=&#8220;0&#8243; first_page=&#8220;true&#8220; last_page=&#8220;true&#8220; bg_image=&#8220;https:\/\/www.hastema.com\/wp-content\/uploads\/2014\/08\/hastema-header-engineering.jpg&#8220; el_class=&#8220;margin-corr-header&#8220;][vc_column width=&#8220;1\/2&#8243;][\/vc_column][vc_column width=&#8220;1\/2&#8243;][mk_content_box el_class=&#8220;circle&#8220;][vc_column_text disable_pattern=&#8220;true&#8220; align=&#8220;center&#8220; margin_bottom=&#8220;50&#8243;] Technologie effizient eingesetzt [\/vc_column_text][\/mk_content_box][\/vc_column][\/mk_page_section][mk_page_section attachment=&#8220;scroll&#8220; bg_position=&#8220;left top&#8220; bg_repeat=&#8220;repeat&#8220; bg_stretch=&#8220;false&#8220; enable_3d=&#8220;false&#8220; speed_factor=&#8220;4&#8243; bg_video=&#8220;no&#8220; video_mask=&#8220;false&#8220; video_opacity=&#8220;0.6&#8243; top_shadow=&#8220;false&#8220; section_layout=&#8220;full&#8220; sidebar=&#8220;Hastema&#8220; min_height=&#8220;100&#8243; full_height=&#8220;false&#8220; padding_top=&#8220;50&#8243; padding_bottom=&#8220;100&#8243; margin_bottom=&#8220;0&#8243; first_page=&#8220;true&#8220; last_page=&#8220;true&#8220;][vc_column width=&#8220;1\/2&#8243;][vc_column_text disable_pattern=&#8220;true&#8220; [&hellip;]<\/p>\n","protected":false},"author":2,"featured_media":0,"parent":0,"menu_order":0,"comment_status":"open","ping_status":"closed","template":"full-width.php","meta":{"_acf_changed":false,"footnotes":""},"class_list":["post-7421","page","type-page","status-publish","hentry"],"acf":[],"yoast_head":"<!-- This site is optimized with the Yoast SEO plugin v24.2 - https:\/\/yoast.com\/wordpress\/plugins\/seo\/ -->\n<title>Engineering - Hastema<\/title>\n<meta name=\"robots\" content=\"index, follow, max-snippet:-1, max-image-preview:large, max-video-preview:-1\" \/>\n<link rel=\"canonical\" href=\"https:\/\/www.hastema.com\/de\/engineering\/\" \/>\n<meta property=\"og:locale\" content=\"de_DE\" \/>\n<meta property=\"og:type\" content=\"article\" \/>\n<meta property=\"og:title\" content=\"Engineering - Hastema\" \/>\n<meta property=\"og:description\" content=\"[mk_page_section attachment=&#8220;scroll&#8220; bg_position=&#8220;center center&#8220; bg_repeat=&#8220;no-repeat&#8220; bg_stretch=&#8220;false&#8220; enable_3d=&#8220;false&#8220; speed_factor=&#8220;4&#8243; bg_video=&#8220;no&#8220; video_mask=&#8220;false&#8220; video_opacity=&#8220;0.6&#8243; top_shadow=&#8220;false&#8220; section_layout=&#8220;full&#8220; sidebar=&#8220;Hastema&#8220; min_height=&#8220;536&#8243; full_height=&#8220;false&#8220; padding_top=&#8220;0&#8243; padding_bottom=&#8220;0&#8243; margin_bottom=&#8220;0&#8243; first_page=&#8220;true&#8220; last_page=&#8220;true&#8220; bg_image=&#8220;https:\/\/www.hastema.com\/wp-content\/uploads\/2014\/08\/hastema-header-engineering.jpg&#8220; el_class=&#8220;margin-corr-header&#8220;][vc_column width=&#8220;1\/2&#8243;][\/vc_column][vc_column width=&#8220;1\/2&#8243;][mk_content_box el_class=&#8220;circle&#8220;][vc_column_text disable_pattern=&#8220;true&#8220; align=&#8220;center&#8220; margin_bottom=&#8220;50&#8243;] Technologie effizient eingesetzt [\/vc_column_text][\/mk_content_box][\/vc_column][\/mk_page_section][mk_page_section attachment=&#8220;scroll&#8220; bg_position=&#8220;left top&#8220; bg_repeat=&#8220;repeat&#8220; bg_stretch=&#8220;false&#8220; enable_3d=&#8220;false&#8220; speed_factor=&#8220;4&#8243; bg_video=&#8220;no&#8220; video_mask=&#8220;false&#8220; video_opacity=&#8220;0.6&#8243; top_shadow=&#8220;false&#8220; section_layout=&#8220;full&#8220; sidebar=&#8220;Hastema&#8220; min_height=&#8220;100&#8243; full_height=&#8220;false&#8220; padding_top=&#8220;50&#8243; padding_bottom=&#8220;100&#8243; margin_bottom=&#8220;0&#8243; first_page=&#8220;true&#8220; last_page=&#8220;true&#8220;][vc_column width=&#8220;1\/2&#8243;][vc_column_text disable_pattern=&#8220;true&#8220; [&hellip;]\" \/>\n<meta property=\"og:url\" content=\"https:\/\/www.hastema.com\/de\/engineering\/\" \/>\n<meta property=\"og:site_name\" content=\"Hastema\" \/>\n<meta property=\"article:modified_time\" content=\"2020-02-18T13:24:59+00:00\" \/>\n<meta name=\"twitter:card\" content=\"summary_large_image\" \/>\n<meta name=\"twitter:label1\" content=\"Gesch\u00e4tzte Lesezeit\" \/>\n\t<meta name=\"twitter:data1\" content=\"6\u00a0Minuten\" \/>\n<script type=\"application\/ld+json\" class=\"yoast-schema-graph\">{\"@context\":\"https:\/\/schema.org\",\"@graph\":[{\"@type\":\"WebPage\",\"@id\":\"https:\/\/www.hastema.com\/de\/engineering\/\",\"url\":\"https:\/\/www.hastema.com\/de\/engineering\/\",\"name\":\"Engineering - Hastema\",\"isPartOf\":{\"@id\":\"https:\/\/www.hastema.com\/#website\"},\"datePublished\":\"2014-08-25T06:51:50+00:00\",\"dateModified\":\"2020-02-18T13:24:59+00:00\",\"breadcrumb\":{\"@id\":\"https:\/\/www.hastema.com\/de\/engineering\/#breadcrumb\"},\"inLanguage\":\"de\",\"potentialAction\":[{\"@type\":\"ReadAction\",\"target\":[\"https:\/\/www.hastema.com\/de\/engineering\/\"]}]},{\"@type\":\"BreadcrumbList\",\"@id\":\"https:\/\/www.hastema.com\/de\/engineering\/#breadcrumb\",\"itemListElement\":[{\"@type\":\"ListItem\",\"position\":1,\"name\":\"Startseite\",\"item\":\"https:\/\/www.hastema.com\/de\/\"},{\"@type\":\"ListItem\",\"position\":2,\"name\":\"Engineering\"}]},{\"@type\":\"WebSite\",\"@id\":\"https:\/\/www.hastema.com\/#website\",\"url\":\"https:\/\/www.hastema.com\/\",\"name\":\"Hastema\",\"description\":\"Engineering Produktion Bahntechnik\",\"publisher\":{\"@id\":\"https:\/\/www.hastema.com\/#organization\"},\"potentialAction\":[{\"@type\":\"SearchAction\",\"target\":{\"@type\":\"EntryPoint\",\"urlTemplate\":\"https:\/\/www.hastema.com\/?s={search_term_string}\"},\"query-input\":{\"@type\":\"PropertyValueSpecification\",\"valueRequired\":true,\"valueName\":\"search_term_string\"}}],\"inLanguage\":\"de\"},{\"@type\":\"Organization\",\"@id\":\"https:\/\/www.hastema.com\/#organization\",\"name\":\"Hastema GmbH\",\"url\":\"https:\/\/www.hastema.com\/\",\"logo\":{\"@type\":\"ImageObject\",\"inLanguage\":\"de\",\"@id\":\"https:\/\/www.hastema.com\/#\/schema\/logo\/image\/\",\"url\":\"https:\/\/www.hastema.simn.ch\/wp-content\/uploads\/2014\/09\/hastema-logo-normal.png\",\"contentUrl\":\"https:\/\/www.hastema.simn.ch\/wp-content\/uploads\/2014\/09\/hastema-logo-normal.png\",\"width\":275,\"height\":93,\"caption\":\"Hastema GmbH\"},\"image\":{\"@id\":\"https:\/\/www.hastema.com\/#\/schema\/logo\/image\/\"}}]}<\/script>\n<!-- \/ Yoast SEO plugin. -->","yoast_head_json":{"title":"Engineering - Hastema","robots":{"index":"index","follow":"follow","max-snippet":"max-snippet:-1","max-image-preview":"max-image-preview:large","max-video-preview":"max-video-preview:-1"},"canonical":"https:\/\/www.hastema.com\/de\/engineering\/","og_locale":"de_DE","og_type":"article","og_title":"Engineering - Hastema","og_description":"[mk_page_section attachment=&#8220;scroll&#8220; bg_position=&#8220;center center&#8220; bg_repeat=&#8220;no-repeat&#8220; bg_stretch=&#8220;false&#8220; enable_3d=&#8220;false&#8220; speed_factor=&#8220;4&#8243; bg_video=&#8220;no&#8220; video_mask=&#8220;false&#8220; video_opacity=&#8220;0.6&#8243; top_shadow=&#8220;false&#8220; section_layout=&#8220;full&#8220; sidebar=&#8220;Hastema&#8220; min_height=&#8220;536&#8243; full_height=&#8220;false&#8220; padding_top=&#8220;0&#8243; padding_bottom=&#8220;0&#8243; margin_bottom=&#8220;0&#8243; first_page=&#8220;true&#8220; last_page=&#8220;true&#8220; bg_image=&#8220;https:\/\/www.hastema.com\/wp-content\/uploads\/2014\/08\/hastema-header-engineering.jpg&#8220; el_class=&#8220;margin-corr-header&#8220;][vc_column width=&#8220;1\/2&#8243;][\/vc_column][vc_column width=&#8220;1\/2&#8243;][mk_content_box el_class=&#8220;circle&#8220;][vc_column_text disable_pattern=&#8220;true&#8220; align=&#8220;center&#8220; margin_bottom=&#8220;50&#8243;] Technologie effizient eingesetzt [\/vc_column_text][\/mk_content_box][\/vc_column][\/mk_page_section][mk_page_section attachment=&#8220;scroll&#8220; bg_position=&#8220;left top&#8220; bg_repeat=&#8220;repeat&#8220; bg_stretch=&#8220;false&#8220; enable_3d=&#8220;false&#8220; speed_factor=&#8220;4&#8243; bg_video=&#8220;no&#8220; video_mask=&#8220;false&#8220; video_opacity=&#8220;0.6&#8243; top_shadow=&#8220;false&#8220; section_layout=&#8220;full&#8220; sidebar=&#8220;Hastema&#8220; min_height=&#8220;100&#8243; full_height=&#8220;false&#8220; padding_top=&#8220;50&#8243; padding_bottom=&#8220;100&#8243; margin_bottom=&#8220;0&#8243; first_page=&#8220;true&#8220; last_page=&#8220;true&#8220;][vc_column width=&#8220;1\/2&#8243;][vc_column_text disable_pattern=&#8220;true&#8220; [&hellip;]","og_url":"https:\/\/www.hastema.com\/de\/engineering\/","og_site_name":"Hastema","article_modified_time":"2020-02-18T13:24:59+00:00","twitter_card":"summary_large_image","twitter_misc":{"Gesch\u00e4tzte Lesezeit":"6\u00a0Minuten"},"schema":{"@context":"https:\/\/schema.org","@graph":[{"@type":"WebPage","@id":"https:\/\/www.hastema.com\/de\/engineering\/","url":"https:\/\/www.hastema.com\/de\/engineering\/","name":"Engineering - Hastema","isPartOf":{"@id":"https:\/\/www.hastema.com\/#website"},"datePublished":"2014-08-25T06:51:50+00:00","dateModified":"2020-02-18T13:24:59+00:00","breadcrumb":{"@id":"https:\/\/www.hastema.com\/de\/engineering\/#breadcrumb"},"inLanguage":"de","potentialAction":[{"@type":"ReadAction","target":["https:\/\/www.hastema.com\/de\/engineering\/"]}]},{"@type":"BreadcrumbList","@id":"https:\/\/www.hastema.com\/de\/engineering\/#breadcrumb","itemListElement":[{"@type":"ListItem","position":1,"name":"Startseite","item":"https:\/\/www.hastema.com\/de\/"},{"@type":"ListItem","position":2,"name":"Engineering"}]},{"@type":"WebSite","@id":"https:\/\/www.hastema.com\/#website","url":"https:\/\/www.hastema.com\/","name":"Hastema","description":"Engineering Produktion Bahntechnik","publisher":{"@id":"https:\/\/www.hastema.com\/#organization"},"potentialAction":[{"@type":"SearchAction","target":{"@type":"EntryPoint","urlTemplate":"https:\/\/www.hastema.com\/?s={search_term_string}"},"query-input":{"@type":"PropertyValueSpecification","valueRequired":true,"valueName":"search_term_string"}}],"inLanguage":"de"},{"@type":"Organization","@id":"https:\/\/www.hastema.com\/#organization","name":"Hastema GmbH","url":"https:\/\/www.hastema.com\/","logo":{"@type":"ImageObject","inLanguage":"de","@id":"https:\/\/www.hastema.com\/#\/schema\/logo\/image\/","url":"https:\/\/www.hastema.simn.ch\/wp-content\/uploads\/2014\/09\/hastema-logo-normal.png","contentUrl":"https:\/\/www.hastema.simn.ch\/wp-content\/uploads\/2014\/09\/hastema-logo-normal.png","width":275,"height":93,"caption":"Hastema GmbH"},"image":{"@id":"https:\/\/www.hastema.com\/#\/schema\/logo\/image\/"}}]}},"_links":{"self":[{"href":"https:\/\/www.hastema.com\/de\/wp-json\/wp\/v2\/pages\/7421","targetHints":{"allow":["GET"]}}],"collection":[{"href":"https:\/\/www.hastema.com\/de\/wp-json\/wp\/v2\/pages"}],"about":[{"href":"https:\/\/www.hastema.com\/de\/wp-json\/wp\/v2\/types\/page"}],"author":[{"embeddable":true,"href":"https:\/\/www.hastema.com\/de\/wp-json\/wp\/v2\/users\/2"}],"replies":[{"embeddable":true,"href":"https:\/\/www.hastema.com\/de\/wp-json\/wp\/v2\/comments?post=7421"}],"version-history":[{"count":5,"href":"https:\/\/www.hastema.com\/de\/wp-json\/wp\/v2\/pages\/7421\/revisions"}],"predecessor-version":[{"id":8264,"href":"https:\/\/www.hastema.com\/de\/wp-json\/wp\/v2\/pages\/7421\/revisions\/8264"}],"wp:attachment":[{"href":"https:\/\/www.hastema.com\/de\/wp-json\/wp\/v2\/media?parent=7421"}],"curies":[{"name":"wp","href":"https:\/\/api.w.org\/{rel}","templated":true}]}}