{"id":7423,"date":"2014-08-25T08:52:05","date_gmt":"2014-08-25T06:52:05","guid":{"rendered":"https:\/\/www.hastema.com\/?page_id=7423"},"modified":"2020-02-19T09:25:49","modified_gmt":"2020-02-19T07:25:49","slug":"produktion","status":"publish","type":"page","link":"https:\/\/www.hastema.com\/de\/produktion\/","title":{"rendered":"Produktion"},"content":{"rendered":"<p>[mk_page_section bg_image=&#8220;https:\/\/www.hastema.com\/wp-content\/uploads\/2014\/08\/hastema-header-produktion.jpg&#8220; bg_position=&#8220;center center&#8220; bg_repeat=&#8220;no-repeat&#8220; speed_factor=&#8220;4&#8243; min_height=&#8220;536&#8243; padding_top=&#8220;0&#8243; padding_bottom=&#8220;0&#8243; el_class=&#8220;margin-corr-header&#8220; sidebar=&#8220;Hastema&#8220; first_page=&#8220;true&#8220; last_page=&#8220;true&#8220;][vc_column width=&#8220;1\/2&#8243;][\/vc_column][vc_column width=&#8220;1\/2&#8243;][mk_content_box el_class=&#8220;circle&#8220;][vc_column_text align=&#8220;center&#8220; margin_bottom=&#8220;50&#8243;]<\/p>\n<h2 class=\"p1\"><span style=\"color: #ffffff;\">schnell und<br \/>\nzuverl\u00e4ssig<\/span><\/h2>\n<p>[\/vc_column_text][\/mk_content_box][\/vc_column][\/mk_page_section][mk_page_section speed_factor=&#8220;4&#8243; padding_top=&#8220;50&#8243; padding_bottom=&#8220;100&#8243; sidebar=&#8220;Hastema&#8220; first_page=&#8220;true&#8220; last_page=&#8220;true&#8220;][vc_column width=&#8220;1\/2&#8243;][vc_column_text]<\/p>\n<h2>Fertigung und Montage, Prototyping<\/h2>\n<p><strong>Heute bestellen, morgen geliefert<\/strong><\/p>\n<p>Unsere mechanische Werkstatt steht Ihnen zur Verf\u00fcgung mit modernen Fertigungsmaschinen und modularen Montagepl\u00e4tze.<\/p>\n<p>Falls wir es nicht selbst bew\u00e4ltigen k\u00f6nnen, steht ihnen ein breites Netz an Fertigungsspezialisten zur Verf\u00fcgung.[\/vc_column_text][\/vc_column][vc_column width=&#8220;1\/2&#8243;][mk_mini_callout el_class=&#8220;hastema-box-produktion&#8220;]<\/p>\n<table>\n<tbody>\n<tr>\n<td>Fr\u00e4sen<\/td>\n<td>x500, \u00a0y1000, z500 mm<\/td>\n<\/tr>\n<tr>\n<td>Drehen<\/td>\n<td>d1 bis d400, x1400 mm<\/td>\n<\/tr>\n<tr>\n<td>Flachschleifen<\/td>\n<td>x350, y250, z 300 mm<\/td>\n<\/tr>\n<tr>\n<td>Kunststoff giessen<\/td>\n<td>x500, y1000, z500 mm<\/td>\n<\/tr>\n<tr>\n<td>3D Drucken, Rapid Prototying<\/td>\n<td>x300, y300, z300 mm<\/td>\n<\/tr>\n<\/tbody>\n<\/table>\n<p>[\/mk_mini_callout][\/vc_column][\/mk_page_section][mk_page_section bg_color=&#8220;#eaeaea&#8220; speed_factor=&#8220;4&#8243; padding_top=&#8220;100&#8243; padding_bottom=&#8220;100&#8243; sidebar=&#8220;Hastema&#8220; first_page=&#8220;true&#8220; last_page=&#8220;true&#8220;][vc_column width=&#8220;1\/2&#8243;][\/vc_column][vc_column width=&#8220;1\/2&#8243;][vc_column_text]<\/p>\n<h2>Ger\u00e4te und Steuerungen<\/h2>\n<p><strong>Jede Litze am richtigen Ort<\/strong><\/p>\n<p>Fehlt das passende Geh\u00e4use zu Ihrem Print? Oder der Schaltschrank zu Ihrer Anlage?<\/p>\n<p>Wir bearbeiten Geh\u00e4use und Schaltschr\u00e4nke, best\u00fccken sie mit Komponenten und verkabeln diese.[\/vc_column_text][\/vc_column][\/mk_page_section][mk_page_section speed_factor=&#8220;4&#8243; padding_top=&#8220;100&#8243; padding_bottom=&#8220;100&#8243; sidebar=&#8220;Hastema&#8220; first_page=&#8220;true&#8220; last_page=&#8220;true&#8220;][vc_column width=&#8220;1\/2&#8243;][vc_column_text]<\/p>\n<h2>Outsourcing Ihrer Herstellungsprozesse<\/h2>\n<p><strong>Wir springen f\u00fcr Sie ein<\/strong><\/p>\n<p>In k\u00fcrzester Zeit werden wir zur Zweigstelle und liefern die fehlenden Kapazit\u00e4ten.<\/p>\n<p>Dabei \u00fcbernehmen wir die Herstellung von mechatronischen Apparaten und die Montage von Baugruppen inklusiv der Lagerhaltung, Verpackung und Distribution.[\/vc_column_text][\/vc_column][vc_column width=&#8220;1\/2&#8243;][\/vc_column][\/mk_page_section][mk_page_section bg_color=&#8220;#eaeaea&#8220; speed_factor=&#8220;4&#8243; padding_top=&#8220;100&#8243; padding_bottom=&#8220;100&#8243; sidebar=&#8220;Hastema&#8220; first_page=&#8220;false&#8220; last_page=&#8220;true&#8220;][vc_column width=&#8220;1\/2&#8243;][\/vc_column][vc_column width=&#8220;1\/2&#8243;][vc_column_text]<\/p>\n<h2>Support, Wartung, Intervention, Instandsetzung<\/h2>\n<p><strong>Einen Schritt voraus<\/strong><\/p>\n<p>Durch periodische Wartung und Inspektion ihrer Anlagen reduzieren Sie Systemausf\u00e4lle und erh\u00f6hen die Verf\u00fcgbarkeit. Meist wird auch die Sicherheit der Anlage erh\u00f6ht. Eine Risikoanalyse zeigt Ihnen auf, f\u00fcr welche Anlage es sinnvoll ist, pr\u00e4ventive Massnahmen zu treffen und z.B. Ersatz-Komponenten zu beschaffen.<\/p>\n<p>Wir bieten einen massgeschneiderten Support, periodische Wartung, 24h Pickettdienst und k\u00fcrzeste Interventionszeiten.[\/vc_column_text][\/vc_column][\/mk_page_section]<\/p>\n","protected":false},"excerpt":{"rendered":"<p>[mk_page_section bg_image=&#8220;https:\/\/www.hastema.com\/wp-content\/uploads\/2014\/08\/hastema-header-produktion.jpg&#8220; bg_position=&#8220;center center&#8220; bg_repeat=&#8220;no-repeat&#8220; speed_factor=&#8220;4&#8243; min_height=&#8220;536&#8243; padding_top=&#8220;0&#8243; padding_bottom=&#8220;0&#8243; el_class=&#8220;margin-corr-header&#8220; sidebar=&#8220;Hastema&#8220; first_page=&#8220;true&#8220; last_page=&#8220;true&#8220;][vc_column width=&#8220;1\/2&#8243;][\/vc_column][vc_column width=&#8220;1\/2&#8243;][mk_content_box el_class=&#8220;circle&#8220;][vc_column_text align=&#8220;center&#8220; margin_bottom=&#8220;50&#8243;] schnell und zuverl\u00e4ssig [\/vc_column_text][\/mk_content_box][\/vc_column][\/mk_page_section][mk_page_section speed_factor=&#8220;4&#8243; padding_top=&#8220;50&#8243; padding_bottom=&#8220;100&#8243; sidebar=&#8220;Hastema&#8220; first_page=&#8220;true&#8220; last_page=&#8220;true&#8220;][vc_column width=&#8220;1\/2&#8243;][vc_column_text] Fertigung und Montage, Prototyping Heute bestellen, morgen geliefert Unsere mechanische Werkstatt steht Ihnen zur Verf\u00fcgung mit modernen Fertigungsmaschinen und modularen Montagepl\u00e4tze. Falls wir es nicht selbst [&hellip;]<\/p>\n","protected":false},"author":2,"featured_media":0,"parent":0,"menu_order":0,"comment_status":"open","ping_status":"closed","template":"full-width.php","meta":{"_acf_changed":false,"footnotes":""},"class_list":["post-7423","page","type-page","status-publish","hentry"],"acf":[],"yoast_head":"<!-- This site is optimized with the Yoast SEO plugin v24.2 - https:\/\/yoast.com\/wordpress\/plugins\/seo\/ -->\n<title>Produktion - Hastema<\/title>\n<meta name=\"robots\" content=\"index, follow, max-snippet:-1, max-image-preview:large, max-video-preview:-1\" \/>\n<link rel=\"canonical\" href=\"https:\/\/www.hastema.com\/de\/produktion\/\" \/>\n<meta property=\"og:locale\" content=\"de_DE\" \/>\n<meta property=\"og:type\" content=\"article\" \/>\n<meta property=\"og:title\" content=\"Produktion - Hastema\" \/>\n<meta property=\"og:description\" content=\"[mk_page_section bg_image=&#8220;https:\/\/www.hastema.com\/wp-content\/uploads\/2014\/08\/hastema-header-produktion.jpg&#8220; bg_position=&#8220;center center&#8220; bg_repeat=&#8220;no-repeat&#8220; speed_factor=&#8220;4&#8243; min_height=&#8220;536&#8243; padding_top=&#8220;0&#8243; padding_bottom=&#8220;0&#8243; el_class=&#8220;margin-corr-header&#8220; sidebar=&#8220;Hastema&#8220; first_page=&#8220;true&#8220; last_page=&#8220;true&#8220;][vc_column width=&#8220;1\/2&#8243;][\/vc_column][vc_column width=&#8220;1\/2&#8243;][mk_content_box el_class=&#8220;circle&#8220;][vc_column_text align=&#8220;center&#8220; margin_bottom=&#8220;50&#8243;] schnell und zuverl\u00e4ssig [\/vc_column_text][\/mk_content_box][\/vc_column][\/mk_page_section][mk_page_section speed_factor=&#8220;4&#8243; padding_top=&#8220;50&#8243; padding_bottom=&#8220;100&#8243; sidebar=&#8220;Hastema&#8220; first_page=&#8220;true&#8220; last_page=&#8220;true&#8220;][vc_column width=&#8220;1\/2&#8243;][vc_column_text] Fertigung und Montage, Prototyping Heute bestellen, morgen geliefert Unsere mechanische Werkstatt steht Ihnen zur Verf\u00fcgung mit modernen Fertigungsmaschinen und modularen Montagepl\u00e4tze. Falls wir es nicht selbst [&hellip;]\" \/>\n<meta property=\"og:url\" content=\"https:\/\/www.hastema.com\/de\/produktion\/\" \/>\n<meta property=\"og:site_name\" content=\"Hastema\" \/>\n<meta property=\"article:modified_time\" content=\"2020-02-19T07:25:49+00:00\" \/>\n<meta name=\"twitter:card\" content=\"summary_large_image\" \/>\n<meta name=\"twitter:label1\" content=\"Gesch\u00e4tzte Lesezeit\" \/>\n\t<meta name=\"twitter:data1\" content=\"2\u00a0Minuten\" \/>\n<script type=\"application\/ld+json\" class=\"yoast-schema-graph\">{\"@context\":\"https:\/\/schema.org\",\"@graph\":[{\"@type\":\"WebPage\",\"@id\":\"https:\/\/www.hastema.com\/de\/produktion\/\",\"url\":\"https:\/\/www.hastema.com\/de\/produktion\/\",\"name\":\"Produktion - Hastema\",\"isPartOf\":{\"@id\":\"https:\/\/www.hastema.com\/#website\"},\"datePublished\":\"2014-08-25T06:52:05+00:00\",\"dateModified\":\"2020-02-19T07:25:49+00:00\",\"breadcrumb\":{\"@id\":\"https:\/\/www.hastema.com\/de\/produktion\/#breadcrumb\"},\"inLanguage\":\"de\",\"potentialAction\":[{\"@type\":\"ReadAction\",\"target\":[\"https:\/\/www.hastema.com\/de\/produktion\/\"]}]},{\"@type\":\"BreadcrumbList\",\"@id\":\"https:\/\/www.hastema.com\/de\/produktion\/#breadcrumb\",\"itemListElement\":[{\"@type\":\"ListItem\",\"position\":1,\"name\":\"Startseite\",\"item\":\"https:\/\/www.hastema.com\/de\/\"},{\"@type\":\"ListItem\",\"position\":2,\"name\":\"Produktion\"}]},{\"@type\":\"WebSite\",\"@id\":\"https:\/\/www.hastema.com\/#website\",\"url\":\"https:\/\/www.hastema.com\/\",\"name\":\"Hastema\",\"description\":\"Engineering Produktion Bahntechnik\",\"publisher\":{\"@id\":\"https:\/\/www.hastema.com\/#organization\"},\"potentialAction\":[{\"@type\":\"SearchAction\",\"target\":{\"@type\":\"EntryPoint\",\"urlTemplate\":\"https:\/\/www.hastema.com\/?s={search_term_string}\"},\"query-input\":{\"@type\":\"PropertyValueSpecification\",\"valueRequired\":true,\"valueName\":\"search_term_string\"}}],\"inLanguage\":\"de\"},{\"@type\":\"Organization\",\"@id\":\"https:\/\/www.hastema.com\/#organization\",\"name\":\"Hastema GmbH\",\"url\":\"https:\/\/www.hastema.com\/\",\"logo\":{\"@type\":\"ImageObject\",\"inLanguage\":\"de\",\"@id\":\"https:\/\/www.hastema.com\/#\/schema\/logo\/image\/\",\"url\":\"https:\/\/www.hastema.simn.ch\/wp-content\/uploads\/2014\/09\/hastema-logo-normal.png\",\"contentUrl\":\"https:\/\/www.hastema.simn.ch\/wp-content\/uploads\/2014\/09\/hastema-logo-normal.png\",\"width\":275,\"height\":93,\"caption\":\"Hastema GmbH\"},\"image\":{\"@id\":\"https:\/\/www.hastema.com\/#\/schema\/logo\/image\/\"}}]}<\/script>\n<!-- \/ Yoast SEO plugin. -->","yoast_head_json":{"title":"Produktion - Hastema","robots":{"index":"index","follow":"follow","max-snippet":"max-snippet:-1","max-image-preview":"max-image-preview:large","max-video-preview":"max-video-preview:-1"},"canonical":"https:\/\/www.hastema.com\/de\/produktion\/","og_locale":"de_DE","og_type":"article","og_title":"Produktion - Hastema","og_description":"[mk_page_section bg_image=&#8220;https:\/\/www.hastema.com\/wp-content\/uploads\/2014\/08\/hastema-header-produktion.jpg&#8220; bg_position=&#8220;center center&#8220; bg_repeat=&#8220;no-repeat&#8220; speed_factor=&#8220;4&#8243; min_height=&#8220;536&#8243; padding_top=&#8220;0&#8243; padding_bottom=&#8220;0&#8243; el_class=&#8220;margin-corr-header&#8220; sidebar=&#8220;Hastema&#8220; first_page=&#8220;true&#8220; last_page=&#8220;true&#8220;][vc_column width=&#8220;1\/2&#8243;][\/vc_column][vc_column width=&#8220;1\/2&#8243;][mk_content_box el_class=&#8220;circle&#8220;][vc_column_text align=&#8220;center&#8220; margin_bottom=&#8220;50&#8243;] schnell und zuverl\u00e4ssig [\/vc_column_text][\/mk_content_box][\/vc_column][\/mk_page_section][mk_page_section speed_factor=&#8220;4&#8243; padding_top=&#8220;50&#8243; padding_bottom=&#8220;100&#8243; sidebar=&#8220;Hastema&#8220; first_page=&#8220;true&#8220; last_page=&#8220;true&#8220;][vc_column width=&#8220;1\/2&#8243;][vc_column_text] Fertigung und Montage, Prototyping Heute bestellen, morgen geliefert Unsere mechanische Werkstatt steht Ihnen zur Verf\u00fcgung mit modernen Fertigungsmaschinen und modularen Montagepl\u00e4tze. Falls wir es nicht selbst [&hellip;]","og_url":"https:\/\/www.hastema.com\/de\/produktion\/","og_site_name":"Hastema","article_modified_time":"2020-02-19T07:25:49+00:00","twitter_card":"summary_large_image","twitter_misc":{"Gesch\u00e4tzte Lesezeit":"2\u00a0Minuten"},"schema":{"@context":"https:\/\/schema.org","@graph":[{"@type":"WebPage","@id":"https:\/\/www.hastema.com\/de\/produktion\/","url":"https:\/\/www.hastema.com\/de\/produktion\/","name":"Produktion - Hastema","isPartOf":{"@id":"https:\/\/www.hastema.com\/#website"},"datePublished":"2014-08-25T06:52:05+00:00","dateModified":"2020-02-19T07:25:49+00:00","breadcrumb":{"@id":"https:\/\/www.hastema.com\/de\/produktion\/#breadcrumb"},"inLanguage":"de","potentialAction":[{"@type":"ReadAction","target":["https:\/\/www.hastema.com\/de\/produktion\/"]}]},{"@type":"BreadcrumbList","@id":"https:\/\/www.hastema.com\/de\/produktion\/#breadcrumb","itemListElement":[{"@type":"ListItem","position":1,"name":"Startseite","item":"https:\/\/www.hastema.com\/de\/"},{"@type":"ListItem","position":2,"name":"Produktion"}]},{"@type":"WebSite","@id":"https:\/\/www.hastema.com\/#website","url":"https:\/\/www.hastema.com\/","name":"Hastema","description":"Engineering Produktion Bahntechnik","publisher":{"@id":"https:\/\/www.hastema.com\/#organization"},"potentialAction":[{"@type":"SearchAction","target":{"@type":"EntryPoint","urlTemplate":"https:\/\/www.hastema.com\/?s={search_term_string}"},"query-input":{"@type":"PropertyValueSpecification","valueRequired":true,"valueName":"search_term_string"}}],"inLanguage":"de"},{"@type":"Organization","@id":"https:\/\/www.hastema.com\/#organization","name":"Hastema GmbH","url":"https:\/\/www.hastema.com\/","logo":{"@type":"ImageObject","inLanguage":"de","@id":"https:\/\/www.hastema.com\/#\/schema\/logo\/image\/","url":"https:\/\/www.hastema.simn.ch\/wp-content\/uploads\/2014\/09\/hastema-logo-normal.png","contentUrl":"https:\/\/www.hastema.simn.ch\/wp-content\/uploads\/2014\/09\/hastema-logo-normal.png","width":275,"height":93,"caption":"Hastema GmbH"},"image":{"@id":"https:\/\/www.hastema.com\/#\/schema\/logo\/image\/"}}]}},"_links":{"self":[{"href":"https:\/\/www.hastema.com\/de\/wp-json\/wp\/v2\/pages\/7423","targetHints":{"allow":["GET"]}}],"collection":[{"href":"https:\/\/www.hastema.com\/de\/wp-json\/wp\/v2\/pages"}],"about":[{"href":"https:\/\/www.hastema.com\/de\/wp-json\/wp\/v2\/types\/page"}],"author":[{"embeddable":true,"href":"https:\/\/www.hastema.com\/de\/wp-json\/wp\/v2\/users\/2"}],"replies":[{"embeddable":true,"href":"https:\/\/www.hastema.com\/de\/wp-json\/wp\/v2\/comments?post=7423"}],"version-history":[{"count":4,"href":"https:\/\/www.hastema.com\/de\/wp-json\/wp\/v2\/pages\/7423\/revisions"}],"predecessor-version":[{"id":9261,"href":"https:\/\/www.hastema.com\/de\/wp-json\/wp\/v2\/pages\/7423\/revisions\/9261"}],"wp:attachment":[{"href":"https:\/\/www.hastema.com\/de\/wp-json\/wp\/v2\/media?parent=7423"}],"curies":[{"name":"wp","href":"https:\/\/api.w.org\/{rel}","templated":true}]}}