{"id":7594,"date":"2014-08-27T14:07:19","date_gmt":"2014-08-27T12:07:19","guid":{"rendered":"https:\/\/www.hastema.com\/?page_id=7594"},"modified":"2021-02-02T11:09:32","modified_gmt":"2021-02-02T09:09:32","slug":"impressum","status":"publish","type":"page","link":"https:\/\/www.hastema.com\/de\/impressum\/","title":{"rendered":"Impressum"},"content":{"rendered":"<p>[mk_page_section][vc_column][vc_empty_space][vc_column_text css=&#8220;.vc_custom_1612256416918{margin-bottom: 0px !important;}&#8220;]<\/p>\n<h1>Impressum<\/h1>\n<p>Haben sie Fragen oder Probleme bei der Ben\u00fctzung unserer Website? Schicken Sie ihre Nachricht bitte an folgende Adresse:\u00a0<a href=\"mailto:info@hastema.com\">info@hastema.com<\/a><\/p>\n<p>&nbsp;<\/p>\n<h2>Gesamtverantwortung, Koordination, Redaktion &amp; Betrieb<\/h2>\n<p>Hastema GmbH<br \/>\nIndustriestrasse 20a<br \/>\nCH-2555 Br\u00fcgg bei Biel\/Bienne<\/p>\n<p>Telefon +41 32 333 33 60<\/p>\n<p><a href=\"https:\/\/www.hastema.com\/de\/\" target=\"_blank\" rel=\"noopener\">www.hastema.com<\/a><a href=\"mailto:info@hastema.com\"><br \/>\ninfo@hastema.com<\/a><\/p>\n<p>&nbsp;<\/p>\n<h2>Konzept<\/h2>\n<p>Hastema GmbH<br \/>\nLerch Design AG<br \/>\nRaptus Interactive<\/p>\n<p>&nbsp;<\/p>\n<h2>Technische Realisierung &amp; Design<\/h2>\n<p>Raptus Interactive<br \/>\nGartenweg 1<br \/>\n3250 Lyss<\/p>\n<p><a href=\"http:\/\/www.raptus.com\" target=\"_blank\" rel=\"noopener\">www.raptus.com<\/a><br \/>\n<a href=\"mailto:info@raptus.com\">info@raptus.com<\/a><\/p>\n<p>&nbsp;<\/p>\n<h2>Server Standort<\/h2>\n<p>Schweiz, Z\u00fcrich<\/p>\n<p>&nbsp;<\/p>\n<h2>Disclaimer<\/h2>\n<p>Alle Texte und Links wurden sorgf\u00e4ltig gepr\u00fcft und werden laufend aktualisiert. Wir sind bem\u00fcht, richtige und vollst\u00e4ndige Informationen auf dieser Website bereitzustellen, \u00fcbernehmen aber keinerlei Verantwortung, Garantien oder Haftung daf\u00fcr, dass die durch diese Website bereitgestellten Informationen, richtig, vollst\u00e4ndig oder aktuell sind. Wir behalten uns das Recht vor, jederzeit und ohne Vorank\u00fcndigung die Informationen auf dieser Website zu \u00e4ndern und verpflichten uns auch nicht, die enthaltenen Informationen zu aktualisieren. Alle Links zu externen Anbietern wurden zum Zeitpunkt ihrer Aufnahme auf ihre Richtigkeit \u00fcberpr\u00fcft, dennoch haften wir nicht f\u00fcr Inhalte und Verf\u00fcgbarkeit von Websites, die mittels Hyperlinks zu erreichen sind. F\u00fcr illegale, fehlerhafte oder unvollst\u00e4ndige Inhalte und insbesondere f\u00fcr Sch\u00e4den, die durch Inhalte verkn\u00fcpfter Seiten entstehen, haftet allein der Anbieter der Seite, auf welche verwiesen wurde. Dabei ist es gleichg\u00fcltig, ob der Schaden direkter, indirekter oder finanzieller Natur ist oder ein sonstiger Schaden vorliegt, der sich aus Datenverlust, Nutzungsausfall oder anderen Gr\u00fcnden aller Art ergeben k\u00f6nnte.[\/vc_column_text][vc_empty_space][\/vc_column][\/mk_page_section]<\/p>\n","protected":false},"excerpt":{"rendered":"<p>[mk_page_section][vc_column][vc_empty_space][vc_column_text css=&#8220;.vc_custom_1612256416918{margin-bottom: 0px !important;}&#8220;] Impressum Haben sie Fragen oder Probleme bei der Ben\u00fctzung unserer Website? Schicken Sie ihre Nachricht bitte an folgende Adresse:\u00a0info@hastema.com &nbsp; Gesamtverantwortung, Koordination, Redaktion &amp; Betrieb Hastema GmbH Industriestrasse 20a CH-2555 Br\u00fcgg bei Biel\/Bienne Telefon +41 32 333 33 60 www.hastema.com info@hastema.com &nbsp; Konzept Hastema GmbH Lerch Design AG Raptus Interactive &nbsp; [&hellip;]<\/p>\n","protected":false},"author":2,"featured_media":0,"parent":0,"menu_order":0,"comment_status":"open","ping_status":"open","template":"full-width.php","meta":{"_acf_changed":false,"footnotes":""},"class_list":["post-7594","page","type-page","status-publish","hentry"],"acf":[],"yoast_head":"<!-- This site is optimized with the Yoast SEO plugin v24.2 - https:\/\/yoast.com\/wordpress\/plugins\/seo\/ -->\n<title>Impressum - Hastema<\/title>\n<meta name=\"robots\" content=\"noindex, nofollow\" \/>\n<meta property=\"og:locale\" content=\"de_DE\" \/>\n<meta property=\"og:type\" content=\"article\" \/>\n<meta property=\"og:title\" content=\"Impressum - Hastema\" \/>\n<meta property=\"og:description\" content=\"[mk_page_section][vc_column][vc_empty_space][vc_column_text css=&#8220;.vc_custom_1612256416918{margin-bottom: 0px !important;}&#8220;] Impressum Haben sie Fragen oder Probleme bei der Ben\u00fctzung unserer Website? Schicken Sie ihre Nachricht bitte an folgende Adresse:\u00a0info@hastema.com &nbsp; Gesamtverantwortung, Koordination, Redaktion &amp; Betrieb Hastema GmbH Industriestrasse 20a CH-2555 Br\u00fcgg bei Biel\/Bienne Telefon +41 32 333 33 60 www.hastema.com info@hastema.com &nbsp; Konzept Hastema GmbH Lerch Design AG Raptus Interactive &nbsp; [&hellip;]\" \/>\n<meta property=\"og:url\" content=\"https:\/\/www.hastema.com\/de\/impressum\/\" \/>\n<meta property=\"og:site_name\" content=\"Hastema\" \/>\n<meta property=\"article:modified_time\" content=\"2021-02-02T09:09:32+00:00\" \/>\n<meta name=\"twitter:card\" content=\"summary_large_image\" \/>\n<meta name=\"twitter:label1\" content=\"Gesch\u00e4tzte Lesezeit\" \/>\n\t<meta name=\"twitter:data1\" content=\"1\u00a0Minute\" \/>\n<script type=\"application\/ld+json\" class=\"yoast-schema-graph\">{\"@context\":\"https:\/\/schema.org\",\"@graph\":[{\"@type\":\"WebPage\",\"@id\":\"https:\/\/www.hastema.com\/de\/impressum\/\",\"url\":\"https:\/\/www.hastema.com\/de\/impressum\/\",\"name\":\"Impressum - Hastema\",\"isPartOf\":{\"@id\":\"https:\/\/www.hastema.com\/#website\"},\"datePublished\":\"2014-08-27T12:07:19+00:00\",\"dateModified\":\"2021-02-02T09:09:32+00:00\",\"breadcrumb\":{\"@id\":\"https:\/\/www.hastema.com\/de\/impressum\/#breadcrumb\"},\"inLanguage\":\"de\",\"potentialAction\":[{\"@type\":\"ReadAction\",\"target\":[\"https:\/\/www.hastema.com\/de\/impressum\/\"]}]},{\"@type\":\"BreadcrumbList\",\"@id\":\"https:\/\/www.hastema.com\/de\/impressum\/#breadcrumb\",\"itemListElement\":[{\"@type\":\"ListItem\",\"position\":1,\"name\":\"Startseite\",\"item\":\"https:\/\/www.hastema.com\/de\/\"},{\"@type\":\"ListItem\",\"position\":2,\"name\":\"Impressum\"}]},{\"@type\":\"WebSite\",\"@id\":\"https:\/\/www.hastema.com\/#website\",\"url\":\"https:\/\/www.hastema.com\/\",\"name\":\"Hastema\",\"description\":\"Engineering Produktion Bahntechnik\",\"publisher\":{\"@id\":\"https:\/\/www.hastema.com\/#organization\"},\"potentialAction\":[{\"@type\":\"SearchAction\",\"target\":{\"@type\":\"EntryPoint\",\"urlTemplate\":\"https:\/\/www.hastema.com\/?s={search_term_string}\"},\"query-input\":{\"@type\":\"PropertyValueSpecification\",\"valueRequired\":true,\"valueName\":\"search_term_string\"}}],\"inLanguage\":\"de\"},{\"@type\":\"Organization\",\"@id\":\"https:\/\/www.hastema.com\/#organization\",\"name\":\"Hastema GmbH\",\"url\":\"https:\/\/www.hastema.com\/\",\"logo\":{\"@type\":\"ImageObject\",\"inLanguage\":\"de\",\"@id\":\"https:\/\/www.hastema.com\/#\/schema\/logo\/image\/\",\"url\":\"https:\/\/www.hastema.simn.ch\/wp-content\/uploads\/2014\/09\/hastema-logo-normal.png\",\"contentUrl\":\"https:\/\/www.hastema.simn.ch\/wp-content\/uploads\/2014\/09\/hastema-logo-normal.png\",\"width\":275,\"height\":93,\"caption\":\"Hastema GmbH\"},\"image\":{\"@id\":\"https:\/\/www.hastema.com\/#\/schema\/logo\/image\/\"}}]}<\/script>\n<!-- \/ Yoast SEO plugin. -->","yoast_head_json":{"title":"Impressum - Hastema","robots":{"index":"noindex","follow":"nofollow"},"og_locale":"de_DE","og_type":"article","og_title":"Impressum - Hastema","og_description":"[mk_page_section][vc_column][vc_empty_space][vc_column_text css=&#8220;.vc_custom_1612256416918{margin-bottom: 0px !important;}&#8220;] Impressum Haben sie Fragen oder Probleme bei der Ben\u00fctzung unserer Website? Schicken Sie ihre Nachricht bitte an folgende Adresse:\u00a0info@hastema.com &nbsp; Gesamtverantwortung, Koordination, Redaktion &amp; Betrieb Hastema GmbH Industriestrasse 20a CH-2555 Br\u00fcgg bei Biel\/Bienne Telefon +41 32 333 33 60 www.hastema.com info@hastema.com &nbsp; Konzept Hastema GmbH Lerch Design AG Raptus Interactive &nbsp; [&hellip;]","og_url":"https:\/\/www.hastema.com\/de\/impressum\/","og_site_name":"Hastema","article_modified_time":"2021-02-02T09:09:32+00:00","twitter_card":"summary_large_image","twitter_misc":{"Gesch\u00e4tzte Lesezeit":"1\u00a0Minute"},"schema":{"@context":"https:\/\/schema.org","@graph":[{"@type":"WebPage","@id":"https:\/\/www.hastema.com\/de\/impressum\/","url":"https:\/\/www.hastema.com\/de\/impressum\/","name":"Impressum - Hastema","isPartOf":{"@id":"https:\/\/www.hastema.com\/#website"},"datePublished":"2014-08-27T12:07:19+00:00","dateModified":"2021-02-02T09:09:32+00:00","breadcrumb":{"@id":"https:\/\/www.hastema.com\/de\/impressum\/#breadcrumb"},"inLanguage":"de","potentialAction":[{"@type":"ReadAction","target":["https:\/\/www.hastema.com\/de\/impressum\/"]}]},{"@type":"BreadcrumbList","@id":"https:\/\/www.hastema.com\/de\/impressum\/#breadcrumb","itemListElement":[{"@type":"ListItem","position":1,"name":"Startseite","item":"https:\/\/www.hastema.com\/de\/"},{"@type":"ListItem","position":2,"name":"Impressum"}]},{"@type":"WebSite","@id":"https:\/\/www.hastema.com\/#website","url":"https:\/\/www.hastema.com\/","name":"Hastema","description":"Engineering Produktion Bahntechnik","publisher":{"@id":"https:\/\/www.hastema.com\/#organization"},"potentialAction":[{"@type":"SearchAction","target":{"@type":"EntryPoint","urlTemplate":"https:\/\/www.hastema.com\/?s={search_term_string}"},"query-input":{"@type":"PropertyValueSpecification","valueRequired":true,"valueName":"search_term_string"}}],"inLanguage":"de"},{"@type":"Organization","@id":"https:\/\/www.hastema.com\/#organization","name":"Hastema GmbH","url":"https:\/\/www.hastema.com\/","logo":{"@type":"ImageObject","inLanguage":"de","@id":"https:\/\/www.hastema.com\/#\/schema\/logo\/image\/","url":"https:\/\/www.hastema.simn.ch\/wp-content\/uploads\/2014\/09\/hastema-logo-normal.png","contentUrl":"https:\/\/www.hastema.simn.ch\/wp-content\/uploads\/2014\/09\/hastema-logo-normal.png","width":275,"height":93,"caption":"Hastema GmbH"},"image":{"@id":"https:\/\/www.hastema.com\/#\/schema\/logo\/image\/"}}]}},"_links":{"self":[{"href":"https:\/\/www.hastema.com\/de\/wp-json\/wp\/v2\/pages\/7594","targetHints":{"allow":["GET"]}}],"collection":[{"href":"https:\/\/www.hastema.com\/de\/wp-json\/wp\/v2\/pages"}],"about":[{"href":"https:\/\/www.hastema.com\/de\/wp-json\/wp\/v2\/types\/page"}],"author":[{"embeddable":true,"href":"https:\/\/www.hastema.com\/de\/wp-json\/wp\/v2\/users\/2"}],"replies":[{"embeddable":true,"href":"https:\/\/www.hastema.com\/de\/wp-json\/wp\/v2\/comments?post=7594"}],"version-history":[{"count":10,"href":"https:\/\/www.hastema.com\/de\/wp-json\/wp\/v2\/pages\/7594\/revisions"}],"predecessor-version":[{"id":10953,"href":"https:\/\/www.hastema.com\/de\/wp-json\/wp\/v2\/pages\/7594\/revisions\/10953"}],"wp:attachment":[{"href":"https:\/\/www.hastema.com\/de\/wp-json\/wp\/v2\/media?parent=7594"}],"curies":[{"name":"wp","href":"https:\/\/api.w.org\/{rel}","templated":true}]}}