{"id":10648,"date":"2021-01-11T10:25:02","date_gmt":"2021-01-11T08:25:02","guid":{"rendered":"https:\/\/www.hastema.com\/privacy-policy\/"},"modified":"2021-02-02T11:28:10","modified_gmt":"2021-02-02T09:28:10","slug":"politique-confidentialite","status":"publish","type":"page","link":"https:\/\/www.hastema.com\/fr\/politique-confidentialite\/","title":{"rendered":"Politique de confidentialit\u00e9"},"content":{"rendered":"<div class=\"wpb-content-wrapper\"><p>[vc_row el_class=\u00a0\u00bbhastemaprivacy\u00a0\u00bb][vc_column][vc_empty_space][vc_column_text css=\u00a0\u00bb.vc_custom_1612258085475{margin-bottom: 0px !important;}\u00a0\u00bb]<\/p>\n<h1 id=\"privacytitle\">Politique de confidentialit\u00e9<\/h1>\n<h1>Qui sommes-nous ?<\/h1>\n<p>Ce site web et son contenu sont fournis par la soci\u00e9t\u00e9 <strong>hastema GmbH.<\/strong><\/p>\n<h2>Organe responsable<\/h2>\n<p>L&rsquo;organe responsable concernant les lois sur la protection des donn\u00e9es, en particulier le R\u00e8glement g\u00e9n\u00e9ral sur la protection des donn\u00e9es de l&rsquo;UE (RGPD), est :<\/p>\n<p><strong>hastema GmbH<\/strong><br \/>\nIndustriestrasse 20A<br \/>\n2555 Br\u00fcgg<\/p>\n<p>E-mail : <a href=\"mailto:info@hastema.com\">info@hastema.com<\/a><br \/>\nSite web : <a href=\"https:\/\/hastema.com\">https:\/\/hastema.com<\/a><\/p>\n<h2>Champ d&rsquo;application<\/h2>\n<p>La protection des donn\u00e9es personnelles est importante pour nous. Nous respectons la loi sur la protection des donn\u00e9es (LCPD) et, le cas \u00e9ch\u00e9ant, la loi f\u00e9d\u00e9rale sur la protection des donn\u00e9es (LPD) et le r\u00e8glement g\u00e9n\u00e9ral sur la protection des donn\u00e9es de l&rsquo;UE (RGPD).<\/p>\n<p>Les informations suivantes s&rsquo;appliquent exclusivement \u00e0 l&rsquo;utilisation du site web suivant : <a href=\"https:\/\/hastema.com\/\">https:\/\/hastema.com\/<\/a><\/p>\n<p>Pour les sites web de tiers, aucune garantie n&rsquo;est donn\u00e9e pour le respect de la r\u00e9glementation en mati\u00e8re de protection des donn\u00e9es. Nous n&rsquo;assumons aucune responsabilit\u00e9 pour les contenus des liens.<\/p>\n<h2>Base juridique<\/h2>\n<p>La base juridique du traitement des donn\u00e9es correspond \u00e0 l&rsquo;article 6, paragraphe 1, point f), du r\u00e8glement g\u00e9n\u00e9ral sur la protection des donn\u00e9es de l&rsquo;UE (RGPD).<\/p>\n<h1>Collecte interne de vos donn\u00e9es<\/h1>\n<h2>Quelles sont les donn\u00e9es personnelles que nous recueillons et pourquoi ?<\/h2>\n<p>Lorsque vous acc\u00e9dez \u00e0 ce site web, des informations de nature g\u00e9n\u00e9rale sont automatiquement collect\u00e9es. Ces informations sont recueillies dans le logfile du serveur et comprennent le type de browser web, le syst\u00e8me op\u00e9rationnel utilis\u00e9, le nom de domaine de votre fournisseur d&rsquo;acc\u00e8s internet, votre adresse IP et autres.<\/p>\n<p>Ceci pour la raison suivante :<\/p>\n<p>&#8211; Pour garantir que la connexion au site web est \u00e9tablie sans probl\u00e8me.<br \/>\n&#8211; Pour garantir une utilisation sans heurts de notre site web<br \/>\n&#8211; \u00c9valuation de la s\u00e9curit\u00e9 et de la stabilit\u00e9 du syst\u00e8me et<br \/>\n&#8211; \u00e0 d&rsquo;autres fins administratives<\/p>\n<p>Vos donn\u00e9es ne seront pas utilis\u00e9es pour tirer des conclusions sur votre personne. Les informations de ce type sont uniquement \u00e9valu\u00e9es statistiquement afin d&rsquo;optimiser notre site web et la technologie qui le sous-tend.<\/p>\n<h2>Formulaires de contact<\/h2>\n<p>Les donn\u00e9es que vous saisissez seront conserv\u00e9es pour la communication individuelle avec vous. Pour cela, il est n\u00e9cessaire de fournir une adresse \u00e9lectronique valide et votre nom. Cela sert \u00e0 l&rsquo;attribution de l&rsquo;enqu\u00eate et \u00e0 la r\u00e9ponse suivante de celle-ci. La sp\u00e9cification d&rsquo;autres donn\u00e9es est facultative.<\/p>\n<h2>Cookies<\/h2>\n<p>Nous utilisons des cookies (cookies de session et cookies permanents) sur notre site web. Il s&rsquo;agit de petits fichiers que votre navigateur cr\u00e9e automatiquement et qui sont stock\u00e9s sur votre terminal (ordinateur portable, tablette, smartphone, etc.) lorsque vous visitez notre site. Un cookie ne signifie pas que nous pouvons vous identifier dans tous les cas.<\/p>\n<p>L&rsquo;utilisation de cookies de session sert d&rsquo;une part \u00e0 enregistrer la fr\u00e9quence d&rsquo;utilisation, le nombre de visiteurs et le comportement sur notre site web, et d&rsquo;autre part \u00e0 renforcer la s\u00e9curit\u00e9 de l&rsquo;utilisation du site web et \u00e0 concevoir notre offre d&rsquo;informations de mani\u00e8re conviviale. Ces cookies sont automatiquement supprim\u00e9s d\u00e8s que vous quittez le site web.<\/p>\n<p>En outre, nous utilisons \u00e9galement des cookies permanents pour optimiser la convivialit\u00e9, qui sont stock\u00e9s sur votre appareil final pendant une certaine p\u00e9riode de temps d\u00e9termin\u00e9e. Si vous visitez \u00e0 nouveau notre site pour utiliser nos services, il est automatiquement reconnu que vous avez d\u00e9j\u00e0 \u00e9t\u00e9 avec nous et que vous avez effectu\u00e9 des entr\u00e9es et des r\u00e9glages afin de ne pas avoir \u00e0 les saisir \u00e0 nouveau.<\/p>\n<p>En continuant \u00e0 utiliser notre site web ou en acceptant la pr\u00e9sente politique de confidentialit\u00e9, vous nous autorisez \u00e0 installer des cookies et \u00e0 recueillir, stocker et utiliser les donn\u00e9es personnelles des utilisateurs m\u00eame apr\u00e8s la fin de la session de navigation. Vous pouvez r\u00e9voquer ce consentement \u00e0 tout moment en activant le param\u00e8tre par d\u00e9faut du browser pour rejeter les cookies tiers.<\/p>\n<p>Les donn\u00e9es trait\u00e9es par les cookies sont n\u00e9cessaires aux buts susmentionn\u00e9s afin de prot\u00e9ger nos int\u00e9r\u00eats l\u00e9gitimes et les int\u00e9r\u00eats des tiers. Les cookies servent \u00e0 rendre notre offre plus attrayante, plus efficace, plus s\u00fbre et plus conviviale.<\/p>\n<p>La plupart des Browser sont configur\u00e9s pour accepter automatiquement les cookies. Si vous ne souhaitez pas que notre site web stocke des cookies sur votre appareil, vous pouvez configurer votre navigateur pour qu&rsquo;il vous avertisse avant que certains cookies ne soient stock\u00e9s. Vous pouvez \u00e9galement r\u00e9gler vos pr\u00e9f\u00e9rences de mani\u00e8re \u00e0 ce que votre navigateur rejette la plupart de nos cookies ou n&rsquo;en rejette que certains ou les d\u00e9sactive compl\u00e8tement. Vous pouvez \u00e9galement retirer votre consentement aux cookies en supprimant les cookies d\u00e9j\u00e0 stock\u00e9s.<\/p>\n<p>Veuillez noter que si vous limitez ou d\u00e9sactivez les cookies, certaines fonctionnalit\u00e9s du site web peuvent ne plus \u00eatre disponibles. La d\u00e9sactivation compl\u00e8te des cookies peut vous emp\u00eacher d&rsquo;utiliser toutes les fonctionnalit\u00e9s de notre site web.<\/p>\n<h2><\/h2>\n<h2>P\u00e9riode de stockage<\/h2>\n<p>Les donn\u00e9es sont supprim\u00e9es d\u00e8s qu&rsquo;elles ne sont plus n\u00e9cessaires \u00e0 la finalit\u00e9 pour laquelle elles ont \u00e9t\u00e9 collect\u00e9es. C&rsquo;est g\u00e9n\u00e9ralement le cas des donn\u00e9es utilis\u00e9es pour fournir le site web lorsque la session concern\u00e9e est termin\u00e9e.<\/p>\n<p>Nous conserverons vos donn\u00e9es personnelles aussi longtemps que nous le jugerons n\u00e9cessaire ou appropri\u00e9 pour nous conformer aux lois applicables ou aussi longtemps que cela sera n\u00e9cessaire pour les objectifs pour lesquels elles ont \u00e9t\u00e9 collect\u00e9es. Nous supprimons vos donn\u00e9es personnelles d\u00e8s qu&rsquo;elles ne sont plus n\u00e9cessaires et, en tout cas, apr\u00e8s l&rsquo;expiration de la p\u00e9riode de conservation maximale de cinq ou dix ans pr\u00e9vue par la loi. Les donn\u00e9es qui ne sont plus n\u00e9cessaires et pour lesquelles il n&rsquo;y a pas d&rsquo;obligation l\u00e9gale de les conserver seront supprim\u00e9es d\u00e8s que la finalit\u00e9 et la justification ne s&rsquo;appliqueront plus.<\/p>\n<h1>Quels sont vos droits sur vos donn\u00e9es<\/h1>\n<p>Conform\u00e9ment \u00e0 la loi cantonale sur la loi sur la protection des donn\u00e9es (LCPD) et, le cas \u00e9ch\u00e9ant, la loi f\u00e9d\u00e9rale sur la protection des donn\u00e9es (LPD) et le r\u00e8glement g\u00e9n\u00e9ral sur la protection des donn\u00e9es de l&rsquo;UE (RGPD), vous avez les droits suivants :<\/p>\n<p>&#8211; Droit \u00e0 l&rsquo;information, droit de rectification ou de suppression ainsi que droit \u00e0 la portabilit\u00e9 des donn\u00e9es.<\/p>\n<p>&#8211; Droit de restriction du traitement des donn\u00e9es et droit d&rsquo;opposition au traitement des donn\u00e9es<\/p>\n<p>&#8211; Droit de r\u00e9vocation apr\u00e8s consentement<\/p>\n<p>&#8211; Droit de porter plainte aupr\u00e8s d&rsquo;une autorit\u00e9 de contr\u00f4le de la protection des donn\u00e9es<\/p>\n<p>Si vous avez un compte sur ce site ou si vous avez publi\u00e9 des commentaires, vous pouvez nous demander d&rsquo;exporter vos donn\u00e9es personnelles, y compris celles que vous nous avez fournies. En outre, vous pouvez demander la suppression de toute donn\u00e9e personnelle que nous d\u00e9tenons \u00e0 votre sujet. Cela n&rsquo;inclut pas les donn\u00e9es que nous sommes tenus de conserver en raison de besoins administratifs, juridiques ou de s\u00e9curit\u00e9.<\/p>\n<h1>O\u00f9 nous envoyons vos donn\u00e9es<\/h1>\n<p>Les donn\u00e9es et les commentaires des formulaires peuvent \u00eatre examin\u00e9s par un service automatis\u00e9 de d\u00e9tection des spams.<\/p>\n<h1>Services et contenus de tiers<\/h1>\n<h2>Utilisation de biblioth\u00e8ques de scripts (Google Web Fonts)<\/h2>\n<p>Afin d&rsquo;afficher correctement notre contenu dans tous les navigateurs et de mani\u00e8re graphiquement attrayante, nous utilisons les \u00ab\u00a0Google Web Fonts\u00a0\u00bb de Google LLC (1600 Amphitheatre Parkway, Mountain View, CA 94043, USA ; ci-apr\u00e8s \u00ab\u00a0Google\u00a0\u00bb) sur ce site Web pour afficher les polices de caract\u00e8res.<\/p>\n<p>La politique de confidentialit\u00e9 de l&rsquo;op\u00e9rateur de biblioth\u00e8que Google peut \u00eatre consult\u00e9e ici : <a href=\"https:\/\/www.google.com\/policies\/privacy\/\">https:\/\/www.google.com\/policies\/privacy\/<\/a><\/p>\n<h2>Utilisation de Google Analytics<\/h2>\n<p>Ce site web utilise Google Analytics, un service d&rsquo;analyse de site web fourni par Google LLC, 1600 Amphitheatre Parkway, Mountain View, CA 94043 USA (ci-apr\u00e8s : \u00ab\u00a0Google\u00a0\u00bb). Google Analytics utilise des \u00ab\u00a0cookies\u00a0\u00bb, qui sont des fichiers texte plac\u00e9s sur votre ordinateur, pour aider le site internet \u00e0 analyser l&rsquo;utilisation du site par ses utilisateurs. Les informations g\u00e9n\u00e9r\u00e9es par le cookie concernant votre utilisation du site web seront transmises et stock\u00e9es par Google sur des serveurs situ\u00e9s aux \u00c9tats-Unis. Toutefois, en raison de l&rsquo;activation de l&rsquo;anonymat IP sur ces pages web, votre adresse IP sera pr\u00e9alablement tronqu\u00e9e par Google dans les \u00c9tats membres de l&rsquo;Union europ\u00e9enne ou dans d&rsquo;autres \u00c9tats contractants de l&rsquo;accord sur l&rsquo;Espace \u00e9conomique europ\u00e9en. Ce n&rsquo;est que dans des cas exceptionnels que l&rsquo;adresse IP compl\u00e8te sera transmise \u00e0 un serveur de Google aux \u00c9tats-Unis et y sera raccourcie. Au nom de l&rsquo;exploitant de ce site Web, Google utilisera ces informations dans le but d&rsquo;\u00e9valuer votre utilisation du site Web, de compiler des rapports sur l&rsquo;activit\u00e9 du site Web et de fournir d&rsquo;autres services li\u00e9s \u00e0 l&rsquo;activit\u00e9 du site Web et \u00e0 l&rsquo;utilisation d&rsquo;Internet \u00e0 l&rsquo;exploitant du site Web. L&rsquo;adresse IP transmise par votre navigateur dans le cadre de Google Analytics ne sera pas fusionn\u00e9e avec d&rsquo;autres donn\u00e9es de Google.<\/p>\n<p>L&rsquo;objectif du traitement des donn\u00e9es est d&rsquo;\u00e9valuer l&rsquo;utilisation du site web et d&rsquo;\u00e9tablir des rapports sur les activit\u00e9s du site. En fonction de l&rsquo;utilisation du site web et de l&rsquo;internet, d&rsquo;autres services connexes seront alors fournis.<\/p>\n<h2>Contenu int\u00e9gr\u00e9 des autres sites web<\/h2>\n<p>Les publications sur ce site web peuvent contenir du contenu int\u00e9gr\u00e9 (par exemple des vid\u00e9os, des images, des messages, des cartes, etc.) Le contenu int\u00e9gr\u00e9 provenant d&rsquo;autres sites web se comporte exactement comme si le visiteur avait visit\u00e9 l&rsquo;autre site web.<\/p>\n<p>Ces sites web peuvent collecter des informations vous concernant, utiliser des cookies, int\u00e9grer des services de suivi tiers suppl\u00e9mentaires et enregistrer votre interaction avec ce contenu int\u00e9gr\u00e9, y compris votre interaction avec le contenu int\u00e9gr\u00e9 si vous avez un compte et \u00eates connect\u00e9 \u00e0 ce site web.<\/p>\n<h1>Protection de vos donn\u00e9es<\/h1>\n<h2>Cryptage SSL<\/h2>\n<p>Pour prot\u00e9ger la s\u00e9curit\u00e9 de vos donn\u00e9es pendant leur transmission, nous utilisons des m\u00e9thodes de cryptage (par exemple SSL) via HTTPS.<\/p>\n<h2>S\u00e9curit\u00e9 du site web<\/h2>\n<p>Nous prot\u00e9geons notre site web contre tout acc\u00e8s non autoris\u00e9 par des mesures techniques et organisationnelles.<\/p>\n<h2>Emplacement du serveur<\/h2>\n<p>Ce site web, toutes les donn\u00e9es et bases de donn\u00e9es associ\u00e9es sont h\u00e9berg\u00e9es par un fournisseur suisse. Le serveur est situ\u00e9 en Suisse.<\/p>\n<h1>Additions<\/h1>\n<h2>Changements<\/h2>\n<p>Nous pouvons modifier cette politique de confidentialit\u00e9 \u00e0 tout moment et sans pr\u00e9avis. La version actuelle publi\u00e9e sur notre site web s&rsquo;applique.<\/p>\n<h2>Date\/Version<\/h2>\n<p>Br\u00fcgg, 07.01.2020<\/p>\n<p>&nbsp;<\/p>\n<p>En cas de doute, la version allemande de cette politique de confidentialit\u00e9 s&rsquo;applique toujours.<br \/>\nVitez : <a href=\"https:\/\/www.hastema.com\/fr\/politique-confidentialite\/\">https:\/\/www.hastema.com\/de\/datenschutzerklaerung\/<\/a>[\/vc_column_text][vc_empty_space][\/vc_column][\/vc_row]<\/p>\n<\/div>","protected":false},"excerpt":{"rendered":"<p>[vc_row el_class=\u00a0\u00bbhastemaprivacy\u00a0\u00bb][vc_column][vc_empty_space][vc_column_text css=\u00a0\u00bb.vc_custom_1612258085475{margin-bottom: 0px !important;}\u00a0\u00bb] Politique de confidentialit\u00e9 Qui sommes-nous ? Ce site web et son contenu sont fournis par la soci\u00e9t\u00e9 hastema GmbH. Organe responsable L&rsquo;organe responsable concernant les lois sur la protection des donn\u00e9es, en particulier le R\u00e8glement g\u00e9n\u00e9ral sur la protection des donn\u00e9es de l&rsquo;UE (RGPD), est : hastema GmbH Industriestrasse 20A [&hellip;]<\/p>\n","protected":false},"author":3,"featured_media":0,"parent":0,"menu_order":0,"comment_status":"closed","ping_status":"closed","template":"","meta":{"_acf_changed":false,"footnotes":""},"class_list":["post-10648","page","type-page","status-publish","hentry"],"acf":[],"yoast_head":"<!-- This site is optimized with the Yoast SEO plugin v24.2 - https:\/\/yoast.com\/wordpress\/plugins\/seo\/ -->\n<title>Politique de confidentialit\u00e9 - Hastema<\/title>\n<meta name=\"robots\" content=\"noindex, nofollow\" \/>\n<meta property=\"og:locale\" content=\"fr_FR\" \/>\n<meta property=\"og:type\" content=\"article\" \/>\n<meta property=\"og:title\" content=\"Politique de confidentialit\u00e9 - Hastema\" \/>\n<meta property=\"og:description\" content=\"[vc_row el_class=\u00a0\u00bbhastemaprivacy\u00a0\u00bb][vc_column][vc_empty_space][vc_column_text css=\u00a0\u00bb.vc_custom_1612258085475{margin-bottom: 0px !important;}\u00a0\u00bb] Politique de confidentialit\u00e9 Qui sommes-nous ? Ce site web et son contenu sont fournis par la soci\u00e9t\u00e9 hastema GmbH. Organe responsable L&rsquo;organe responsable concernant les lois sur la protection des donn\u00e9es, en particulier le R\u00e8glement g\u00e9n\u00e9ral sur la protection des donn\u00e9es de l&rsquo;UE (RGPD), est : hastema GmbH Industriestrasse 20A [&hellip;]\" \/>\n<meta property=\"og:url\" content=\"https:\/\/www.hastema.com\/fr\/politique-confidentialite\/\" \/>\n<meta property=\"og:site_name\" content=\"Hastema\" \/>\n<meta property=\"article:modified_time\" content=\"2021-02-02T09:28:10+00:00\" \/>\n<meta name=\"twitter:card\" content=\"summary_large_image\" \/>\n<meta name=\"twitter:label1\" content=\"Dur\u00e9e de lecture estim\u00e9e\" \/>\n\t<meta name=\"twitter:data1\" content=\"8 minutes\" \/>\n<script type=\"application\/ld+json\" class=\"yoast-schema-graph\">{\"@context\":\"https:\/\/schema.org\",\"@graph\":[{\"@type\":\"WebPage\",\"@id\":\"https:\/\/www.hastema.com\/fr\/politique-confidentialite\/\",\"url\":\"https:\/\/www.hastema.com\/fr\/politique-confidentialite\/\",\"name\":\"Politique de confidentialit\u00e9 - Hastema\",\"isPartOf\":{\"@id\":\"https:\/\/www.hastema.com\/#website\"},\"datePublished\":\"2021-01-11T08:25:02+00:00\",\"dateModified\":\"2021-02-02T09:28:10+00:00\",\"breadcrumb\":{\"@id\":\"https:\/\/www.hastema.com\/fr\/politique-confidentialite\/#breadcrumb\"},\"inLanguage\":\"fr-FR\",\"potentialAction\":[{\"@type\":\"ReadAction\",\"target\":[\"https:\/\/www.hastema.com\/fr\/politique-confidentialite\/\"]}]},{\"@type\":\"BreadcrumbList\",\"@id\":\"https:\/\/www.hastema.com\/fr\/politique-confidentialite\/#breadcrumb\",\"itemListElement\":[{\"@type\":\"ListItem\",\"position\":1,\"name\":\"Startseite\",\"item\":\"https:\/\/www.hastema.com\/fr\/\"},{\"@type\":\"ListItem\",\"position\":2,\"name\":\"Politique de confidentialit\u00e9\"}]},{\"@type\":\"WebSite\",\"@id\":\"https:\/\/www.hastema.com\/#website\",\"url\":\"https:\/\/www.hastema.com\/\",\"name\":\"Hastema\",\"description\":\"engineering production technique ferrovi\u00e8re\",\"publisher\":{\"@id\":\"https:\/\/www.hastema.com\/#organization\"},\"potentialAction\":[{\"@type\":\"SearchAction\",\"target\":{\"@type\":\"EntryPoint\",\"urlTemplate\":\"https:\/\/www.hastema.com\/?s={search_term_string}\"},\"query-input\":{\"@type\":\"PropertyValueSpecification\",\"valueRequired\":true,\"valueName\":\"search_term_string\"}}],\"inLanguage\":\"fr-FR\"},{\"@type\":\"Organization\",\"@id\":\"https:\/\/www.hastema.com\/#organization\",\"name\":\"Hastema GmbH\",\"url\":\"https:\/\/www.hastema.com\/\",\"logo\":{\"@type\":\"ImageObject\",\"inLanguage\":\"fr-FR\",\"@id\":\"https:\/\/www.hastema.com\/#\/schema\/logo\/image\/\",\"url\":\"https:\/\/www.hastema.simn.ch\/wp-content\/uploads\/2014\/09\/hastema-logo-normal.png\",\"contentUrl\":\"https:\/\/www.hastema.simn.ch\/wp-content\/uploads\/2014\/09\/hastema-logo-normal.png\",\"width\":275,\"height\":93,\"caption\":\"Hastema GmbH\"},\"image\":{\"@id\":\"https:\/\/www.hastema.com\/#\/schema\/logo\/image\/\"}}]}<\/script>\n<!-- \/ Yoast SEO plugin. -->","yoast_head_json":{"title":"Politique de confidentialit\u00e9 - Hastema","robots":{"index":"noindex","follow":"nofollow"},"og_locale":"fr_FR","og_type":"article","og_title":"Politique de confidentialit\u00e9 - Hastema","og_description":"[vc_row el_class=\u00a0\u00bbhastemaprivacy\u00a0\u00bb][vc_column][vc_empty_space][vc_column_text css=\u00a0\u00bb.vc_custom_1612258085475{margin-bottom: 0px !important;}\u00a0\u00bb] Politique de confidentialit\u00e9 Qui sommes-nous ? Ce site web et son contenu sont fournis par la soci\u00e9t\u00e9 hastema GmbH. Organe responsable L&rsquo;organe responsable concernant les lois sur la protection des donn\u00e9es, en particulier le R\u00e8glement g\u00e9n\u00e9ral sur la protection des donn\u00e9es de l&rsquo;UE (RGPD), est : hastema GmbH Industriestrasse 20A [&hellip;]","og_url":"https:\/\/www.hastema.com\/fr\/politique-confidentialite\/","og_site_name":"Hastema","article_modified_time":"2021-02-02T09:28:10+00:00","twitter_card":"summary_large_image","twitter_misc":{"Dur\u00e9e de lecture estim\u00e9e":"8 minutes"},"schema":{"@context":"https:\/\/schema.org","@graph":[{"@type":"WebPage","@id":"https:\/\/www.hastema.com\/fr\/politique-confidentialite\/","url":"https:\/\/www.hastema.com\/fr\/politique-confidentialite\/","name":"Politique de confidentialit\u00e9 - Hastema","isPartOf":{"@id":"https:\/\/www.hastema.com\/#website"},"datePublished":"2021-01-11T08:25:02+00:00","dateModified":"2021-02-02T09:28:10+00:00","breadcrumb":{"@id":"https:\/\/www.hastema.com\/fr\/politique-confidentialite\/#breadcrumb"},"inLanguage":"fr-FR","potentialAction":[{"@type":"ReadAction","target":["https:\/\/www.hastema.com\/fr\/politique-confidentialite\/"]}]},{"@type":"BreadcrumbList","@id":"https:\/\/www.hastema.com\/fr\/politique-confidentialite\/#breadcrumb","itemListElement":[{"@type":"ListItem","position":1,"name":"Startseite","item":"https:\/\/www.hastema.com\/fr\/"},{"@type":"ListItem","position":2,"name":"Politique de confidentialit\u00e9"}]},{"@type":"WebSite","@id":"https:\/\/www.hastema.com\/#website","url":"https:\/\/www.hastema.com\/","name":"Hastema","description":"engineering production technique ferrovi\u00e8re","publisher":{"@id":"https:\/\/www.hastema.com\/#organization"},"potentialAction":[{"@type":"SearchAction","target":{"@type":"EntryPoint","urlTemplate":"https:\/\/www.hastema.com\/?s={search_term_string}"},"query-input":{"@type":"PropertyValueSpecification","valueRequired":true,"valueName":"search_term_string"}}],"inLanguage":"fr-FR"},{"@type":"Organization","@id":"https:\/\/www.hastema.com\/#organization","name":"Hastema GmbH","url":"https:\/\/www.hastema.com\/","logo":{"@type":"ImageObject","inLanguage":"fr-FR","@id":"https:\/\/www.hastema.com\/#\/schema\/logo\/image\/","url":"https:\/\/www.hastema.simn.ch\/wp-content\/uploads\/2014\/09\/hastema-logo-normal.png","contentUrl":"https:\/\/www.hastema.simn.ch\/wp-content\/uploads\/2014\/09\/hastema-logo-normal.png","width":275,"height":93,"caption":"Hastema GmbH"},"image":{"@id":"https:\/\/www.hastema.com\/#\/schema\/logo\/image\/"}}]}},"_links":{"self":[{"href":"https:\/\/www.hastema.com\/fr\/wp-json\/wp\/v2\/pages\/10648","targetHints":{"allow":["GET"]}}],"collection":[{"href":"https:\/\/www.hastema.com\/fr\/wp-json\/wp\/v2\/pages"}],"about":[{"href":"https:\/\/www.hastema.com\/fr\/wp-json\/wp\/v2\/types\/page"}],"author":[{"embeddable":true,"href":"https:\/\/www.hastema.com\/fr\/wp-json\/wp\/v2\/users\/3"}],"replies":[{"embeddable":true,"href":"https:\/\/www.hastema.com\/fr\/wp-json\/wp\/v2\/comments?post=10648"}],"version-history":[{"count":4,"href":"https:\/\/www.hastema.com\/fr\/wp-json\/wp\/v2\/pages\/10648\/revisions"}],"predecessor-version":[{"id":10970,"href":"https:\/\/www.hastema.com\/fr\/wp-json\/wp\/v2\/pages\/10648\/revisions\/10970"}],"wp:attachment":[{"href":"https:\/\/www.hastema.com\/fr\/wp-json\/wp\/v2\/media?parent=10648"}],"curies":[{"name":"wp","href":"https:\/\/api.w.org\/{rel}","templated":true}]}}