{"id":7831,"date":"2014-08-27T09:26:46","date_gmt":"2014-08-27T07:26:46","guid":{"rendered":"https:\/\/www.hastema.com\/contact-2\/"},"modified":"2020-02-17T13:06:31","modified_gmt":"2020-02-17T11:06:31","slug":"contact","status":"publish","type":"page","link":"https:\/\/www.hastema.com\/fr\/contact\/","title":{"rendered":"Contact"},"content":{"rendered":"<div class=\"wpb-content-wrapper\"><p>[vc_row fullwidth=\u00a0\u00bbtrue\u00a0\u00bb padding=\u00a0\u00bb0&Prime;][vc_column][vc_column_text]<iframe style=\"width: 100%; height: 500px; border: 0;\" src=\"https:\/\/map.search.ch\/587187,219173?x=-31m&amp;y=79m&amp;z=128&amp;b=high&amp;embed=iframe\" width=\"300\" height=\"150\"><\/iframe>[\/vc_column_text][\/vc_column][\/vc_row][mk_page_section speed_factor=\u00a0\u00bb4&Prime; padding_top=\u00a0\u00bb50&Prime; padding_bottom=\u00a0\u00bb50&Prime; sidebar=\u00a0\u00bbHastema\u00a0\u00bb first_page=\u00a0\u00bbtrue\u00a0\u00bb last_page=\u00a0\u00bbtrue\u00a0\u00bb][vc_column width=\u00a0\u00bb1\/2&Prime;][vc_column_text]<\/p>\n<h2 class=\"p1\">Contact<\/h2>\n<p class=\"p2\"><strong>N\u2019h\u00e9sitez pas \u00e0 nous contacter!<br \/>\nDemandez M. Stefan Loosli, Responsable d\u00e9veloppement<\/strong><\/p>\n<p class=\"p2\">hastema gmbh<br \/>\nIndustriestrasse 20a<br \/>\nCH-2555 Br\u00fcgg b. Biel\/Bienne<\/p>\n<p class=\"p2\">+41 32 333 33 60<br \/>\ninfo@hastema.com<\/p>\n<h2 class=\"p2\">Lieu<\/h2>\n<p>Vous nous trouvez dans la zone industrielle Br\u00fcgg, Rue de berne nord dans le b\u00e2timent <strong style=\"white-space: nowrap;\">Terminal B<\/strong>,\u00a0pr\u00e8s de <a title=\"Muller Machines SA\" href=\"http:\/\/www.mullermachines.ch\/\">Muller Machines SA<\/a>.<\/p>\n<p>Hastema parking est en face du b\u00e2timent.<\/p>\n<p class=\"p2\"><strong>Nous nous r\u00e9jouissons de votre visite!<\/strong><\/p>\n<p>[\/vc_column_text][\/vc_column][vc_column width=\u00a0\u00bb1\/2&Prime;][vc_column_text]<\/p>\n<h2 class=\"p1\">Formulaire de contact<\/h2>\n<p class=\"p2\"><strong>Vous pouvez \u00e9galement nous contacter directement par le forme suivante!<\/strong><\/p>\n<p>[\/vc_column_text]\n<div class=\"wpcf7 no-js\" id=\"wpcf7-f7917-o1\" lang=\"fr-FR\" dir=\"ltr\" data-wpcf7-id=\"7917\">\n<div class=\"screen-reader-response\"><p role=\"status\" aria-live=\"polite\" aria-atomic=\"true\"><\/p> <ul><\/ul><\/div>\n<form action=\"\/fr\/wp-json\/wp\/v2\/pages\/7831#wpcf7-f7917-o1\" method=\"post\" class=\"wpcf7-form init\" aria-label=\"Formulaire de contact\" novalidate=\"novalidate\" data-status=\"init\">\n<div style=\"display: none;\">\n<input type=\"hidden\" name=\"_wpcf7\" value=\"7917\" \/>\n<input type=\"hidden\" name=\"_wpcf7_version\" value=\"6.0.3\" \/>\n<input type=\"hidden\" name=\"_wpcf7_locale\" value=\"fr_FR\" \/>\n<input type=\"hidden\" name=\"_wpcf7_unit_tag\" value=\"wpcf7-f7917-o1\" \/>\n<input type=\"hidden\" name=\"_wpcf7_container_post\" value=\"0\" \/>\n<input type=\"hidden\" name=\"_wpcf7_posted_data_hash\" value=\"\" \/>\n<\/div>\n<p>Nom<br \/>\n<span class=\"wpcf7-form-control-wrap\" data-name=\"nameofclient\"><input size=\"40\" maxlength=\"400\" class=\"wpcf7-form-control wpcf7-text wpcf7-validates-as-required\" aria-required=\"true\" aria-invalid=\"false\" value=\"\" type=\"text\" name=\"nameofclient\" \/><\/span>\n<\/p>\n<p>Email<br \/>\n<span class=\"wpcf7-form-control-wrap\" data-name=\"email\"><input size=\"40\" maxlength=\"400\" class=\"wpcf7-form-control wpcf7-email wpcf7-validates-as-required wpcf7-text wpcf7-validates-as-email\" aria-required=\"true\" aria-invalid=\"false\" value=\"\" type=\"email\" name=\"email\" \/><\/span>\n<\/p>\n<p>Message<br \/>\n<span class=\"wpcf7-form-control-wrap\" data-name=\"message\"><textarea cols=\"40\" rows=\"2\" maxlength=\"2000\" class=\"wpcf7-form-control wpcf7-textarea\" aria-invalid=\"false\" name=\"message\"><\/textarea><\/span>\n<\/p>\n<p>Antispam<br \/>\n<span class=\"wpcf7-form-control-wrap\" data-name=\"quiz-413\"><label><span class=\"wpcf7-quiz-label\">4-2=<\/span> <input size=\"40\" class=\"wpcf7-form-control wpcf7-quiz\" autocomplete=\"off\" aria-required=\"true\" aria-invalid=\"false\" type=\"text\" name=\"quiz-413\" \/><\/label><input type=\"hidden\" name=\"_wpcf7_quiz_answer_quiz-413\" value=\"bd862ea6704d6598ab9d5dc760a19a91\" \/><\/span>\n<\/p>\n<p><span id=\"wpcf7-69eb95de4b5bb-wrapper\" class=\"wpcf7-form-control-wrap hastema_fr-wrap\" ><input type=\"hidden\" name=\"hastema_fr-time-start\" value=\"1777047006\"><input type=\"hidden\" name=\"hastema_fr-time-check\" value=\"4\"><label for=\"wpcf7-69eb95de4b5bb-field\" class=\"hp-message\">Veuillez laisser ce champ vide.<\/label><input id=\"wpcf7-69eb95de4b5bb-field\"  class=\"wpcf7-form-control wpcf7-text\" type=\"text\" name=\"hastema_fr\" value=\"\" size=\"40\" tabindex=\"-1\" autocomplete=\"off\" \/><\/span>\n<\/p>\n<p><input class=\"wpcf7-form-control wpcf7-submit has-spinner\" type=\"submit\" value=\"Envoyer\" \/>\n<\/p><div class=\"wpcf7-response-output\" aria-hidden=\"true\"><\/div>\n<\/form>\n<\/div>\n[\/vc_column][\/mk_page_section][mk_page_section bg_color=\u00a0\u00bb#eaeaea\u00a0\u00bb speed_factor=\u00a0\u00bb4&Prime; padding_top=\u00a0\u00bb50&Prime; padding_bottom=\u00a0\u00bb50&Prime; sidebar=\u00a0\u00bbsidebar_primary\u00a0\u00bb first_page=\u00a0\u00bbtrue\u00a0\u00bb last_page=\u00a0\u00bbtrue\u00a0\u00bb][vc_column][vc_column_text]<\/p>\n<h3>News<\/h3>\n<p>[\/vc_column_text][mk_blog_showcase el_class=\u00a0\u00bbnews-item\u00a0\u00bb][\/vc_column][\/mk_page_section]<\/p>\n<\/div>","protected":false},"excerpt":{"rendered":"<p>[vc_row fullwidth=\u00a0\u00bbtrue\u00a0\u00bb padding=\u00a0\u00bb0&Prime;][vc_column][vc_column_text][\/vc_column_text][\/vc_column][\/vc_row][mk_page_section speed_factor=\u00a0\u00bb4&Prime; padding_top=\u00a0\u00bb50&Prime; padding_bottom=\u00a0\u00bb50&Prime; sidebar=\u00a0\u00bbHastema\u00a0\u00bb first_page=\u00a0\u00bbtrue\u00a0\u00bb last_page=\u00a0\u00bbtrue\u00a0\u00bb][vc_column width=\u00a0\u00bb1\/2&Prime;][vc_column_text] Contact N\u2019h\u00e9sitez pas \u00e0 nous contacter! Demandez M. Stefan Loosli, Responsable d\u00e9veloppement hastema gmbh Industriestrasse 20a CH-2555 Br\u00fcgg b. Biel\/Bienne +41 32 333 33 60 info@hastema.com Lieu Vous nous trouvez dans la zone industrielle Br\u00fcgg, Rue de berne nord dans le b\u00e2timent Terminal B,\u00a0pr\u00e8s de [&hellip;]<\/p>\n","protected":false},"author":2,"featured_media":0,"parent":0,"menu_order":0,"comment_status":"open","ping_status":"closed","template":"full-width.php","meta":{"_acf_changed":false,"footnotes":""},"class_list":["post-7831","page","type-page","status-publish","hentry"],"acf":[],"yoast_head":"<!-- This site is optimized with the Yoast SEO plugin v24.2 - https:\/\/yoast.com\/wordpress\/plugins\/seo\/ -->\n<title>Contact - Hastema<\/title>\n<meta name=\"robots\" content=\"index, follow, max-snippet:-1, max-image-preview:large, max-video-preview:-1\" \/>\n<link rel=\"canonical\" href=\"https:\/\/www.hastema.com\/fr\/contact\/\" \/>\n<meta property=\"og:locale\" content=\"fr_FR\" \/>\n<meta property=\"og:type\" content=\"article\" \/>\n<meta property=\"og:title\" content=\"Contact - Hastema\" \/>\n<meta property=\"og:description\" content=\"[vc_row fullwidth=\u00a0\u00bbtrue\u00a0\u00bb padding=\u00a0\u00bb0&Prime;][vc_column][vc_column_text][\/vc_column_text][\/vc_column][\/vc_row][mk_page_section speed_factor=\u00a0\u00bb4&Prime; padding_top=\u00a0\u00bb50&Prime; padding_bottom=\u00a0\u00bb50&Prime; sidebar=\u00a0\u00bbHastema\u00a0\u00bb first_page=\u00a0\u00bbtrue\u00a0\u00bb last_page=\u00a0\u00bbtrue\u00a0\u00bb][vc_column width=\u00a0\u00bb1\/2&Prime;][vc_column_text] Contact N\u2019h\u00e9sitez pas \u00e0 nous contacter! Demandez M. Stefan Loosli, Responsable d\u00e9veloppement hastema gmbh Industriestrasse 20a CH-2555 Br\u00fcgg b. Biel\/Bienne +41 32 333 33 60 info@hastema.com Lieu Vous nous trouvez dans la zone industrielle Br\u00fcgg, Rue de berne nord dans le b\u00e2timent Terminal B,\u00a0pr\u00e8s de [&hellip;]\" \/>\n<meta property=\"og:url\" content=\"https:\/\/www.hastema.com\/fr\/contact\/\" \/>\n<meta property=\"og:site_name\" content=\"Hastema\" \/>\n<meta property=\"article:modified_time\" content=\"2020-02-17T11:06:31+00:00\" \/>\n<meta name=\"twitter:card\" content=\"summary_large_image\" \/>\n<meta name=\"twitter:label1\" content=\"Dur\u00e9e de lecture estim\u00e9e\" \/>\n\t<meta name=\"twitter:data1\" content=\"1 minute\" \/>\n<script type=\"application\/ld+json\" class=\"yoast-schema-graph\">{\"@context\":\"https:\/\/schema.org\",\"@graph\":[{\"@type\":\"WebPage\",\"@id\":\"https:\/\/www.hastema.com\/fr\/contact\/\",\"url\":\"https:\/\/www.hastema.com\/fr\/contact\/\",\"name\":\"Contact - Hastema\",\"isPartOf\":{\"@id\":\"https:\/\/www.hastema.com\/#website\"},\"datePublished\":\"2014-08-27T07:26:46+00:00\",\"dateModified\":\"2020-02-17T11:06:31+00:00\",\"breadcrumb\":{\"@id\":\"https:\/\/www.hastema.com\/fr\/contact\/#breadcrumb\"},\"inLanguage\":\"fr-FR\",\"potentialAction\":[{\"@type\":\"ReadAction\",\"target\":[\"https:\/\/www.hastema.com\/fr\/contact\/\"]}]},{\"@type\":\"BreadcrumbList\",\"@id\":\"https:\/\/www.hastema.com\/fr\/contact\/#breadcrumb\",\"itemListElement\":[{\"@type\":\"ListItem\",\"position\":1,\"name\":\"Startseite\",\"item\":\"https:\/\/www.hastema.com\/fr\/\"},{\"@type\":\"ListItem\",\"position\":2,\"name\":\"Contact\"}]},{\"@type\":\"WebSite\",\"@id\":\"https:\/\/www.hastema.com\/#website\",\"url\":\"https:\/\/www.hastema.com\/\",\"name\":\"Hastema\",\"description\":\"engineering production technique ferrovi\u00e8re\",\"publisher\":{\"@id\":\"https:\/\/www.hastema.com\/#organization\"},\"potentialAction\":[{\"@type\":\"SearchAction\",\"target\":{\"@type\":\"EntryPoint\",\"urlTemplate\":\"https:\/\/www.hastema.com\/?s={search_term_string}\"},\"query-input\":{\"@type\":\"PropertyValueSpecification\",\"valueRequired\":true,\"valueName\":\"search_term_string\"}}],\"inLanguage\":\"fr-FR\"},{\"@type\":\"Organization\",\"@id\":\"https:\/\/www.hastema.com\/#organization\",\"name\":\"Hastema GmbH\",\"url\":\"https:\/\/www.hastema.com\/\",\"logo\":{\"@type\":\"ImageObject\",\"inLanguage\":\"fr-FR\",\"@id\":\"https:\/\/www.hastema.com\/#\/schema\/logo\/image\/\",\"url\":\"https:\/\/www.hastema.simn.ch\/wp-content\/uploads\/2014\/09\/hastema-logo-normal.png\",\"contentUrl\":\"https:\/\/www.hastema.simn.ch\/wp-content\/uploads\/2014\/09\/hastema-logo-normal.png\",\"width\":275,\"height\":93,\"caption\":\"Hastema GmbH\"},\"image\":{\"@id\":\"https:\/\/www.hastema.com\/#\/schema\/logo\/image\/\"}}]}<\/script>\n<!-- \/ Yoast SEO plugin. -->","yoast_head_json":{"title":"Contact - Hastema","robots":{"index":"index","follow":"follow","max-snippet":"max-snippet:-1","max-image-preview":"max-image-preview:large","max-video-preview":"max-video-preview:-1"},"canonical":"https:\/\/www.hastema.com\/fr\/contact\/","og_locale":"fr_FR","og_type":"article","og_title":"Contact - Hastema","og_description":"[vc_row fullwidth=\u00a0\u00bbtrue\u00a0\u00bb padding=\u00a0\u00bb0&Prime;][vc_column][vc_column_text][\/vc_column_text][\/vc_column][\/vc_row][mk_page_section speed_factor=\u00a0\u00bb4&Prime; padding_top=\u00a0\u00bb50&Prime; padding_bottom=\u00a0\u00bb50&Prime; sidebar=\u00a0\u00bbHastema\u00a0\u00bb first_page=\u00a0\u00bbtrue\u00a0\u00bb last_page=\u00a0\u00bbtrue\u00a0\u00bb][vc_column width=\u00a0\u00bb1\/2&Prime;][vc_column_text] Contact N\u2019h\u00e9sitez pas \u00e0 nous contacter! Demandez M. Stefan Loosli, Responsable d\u00e9veloppement hastema gmbh Industriestrasse 20a CH-2555 Br\u00fcgg b. Biel\/Bienne +41 32 333 33 60 info@hastema.com Lieu Vous nous trouvez dans la zone industrielle Br\u00fcgg, Rue de berne nord dans le b\u00e2timent Terminal B,\u00a0pr\u00e8s de [&hellip;]","og_url":"https:\/\/www.hastema.com\/fr\/contact\/","og_site_name":"Hastema","article_modified_time":"2020-02-17T11:06:31+00:00","twitter_card":"summary_large_image","twitter_misc":{"Dur\u00e9e de lecture estim\u00e9e":"1 minute"},"schema":{"@context":"https:\/\/schema.org","@graph":[{"@type":"WebPage","@id":"https:\/\/www.hastema.com\/fr\/contact\/","url":"https:\/\/www.hastema.com\/fr\/contact\/","name":"Contact - Hastema","isPartOf":{"@id":"https:\/\/www.hastema.com\/#website"},"datePublished":"2014-08-27T07:26:46+00:00","dateModified":"2020-02-17T11:06:31+00:00","breadcrumb":{"@id":"https:\/\/www.hastema.com\/fr\/contact\/#breadcrumb"},"inLanguage":"fr-FR","potentialAction":[{"@type":"ReadAction","target":["https:\/\/www.hastema.com\/fr\/contact\/"]}]},{"@type":"BreadcrumbList","@id":"https:\/\/www.hastema.com\/fr\/contact\/#breadcrumb","itemListElement":[{"@type":"ListItem","position":1,"name":"Startseite","item":"https:\/\/www.hastema.com\/fr\/"},{"@type":"ListItem","position":2,"name":"Contact"}]},{"@type":"WebSite","@id":"https:\/\/www.hastema.com\/#website","url":"https:\/\/www.hastema.com\/","name":"Hastema","description":"engineering production technique ferrovi\u00e8re","publisher":{"@id":"https:\/\/www.hastema.com\/#organization"},"potentialAction":[{"@type":"SearchAction","target":{"@type":"EntryPoint","urlTemplate":"https:\/\/www.hastema.com\/?s={search_term_string}"},"query-input":{"@type":"PropertyValueSpecification","valueRequired":true,"valueName":"search_term_string"}}],"inLanguage":"fr-FR"},{"@type":"Organization","@id":"https:\/\/www.hastema.com\/#organization","name":"Hastema GmbH","url":"https:\/\/www.hastema.com\/","logo":{"@type":"ImageObject","inLanguage":"fr-FR","@id":"https:\/\/www.hastema.com\/#\/schema\/logo\/image\/","url":"https:\/\/www.hastema.simn.ch\/wp-content\/uploads\/2014\/09\/hastema-logo-normal.png","contentUrl":"https:\/\/www.hastema.simn.ch\/wp-content\/uploads\/2014\/09\/hastema-logo-normal.png","width":275,"height":93,"caption":"Hastema GmbH"},"image":{"@id":"https:\/\/www.hastema.com\/#\/schema\/logo\/image\/"}}]}},"_links":{"self":[{"href":"https:\/\/www.hastema.com\/fr\/wp-json\/wp\/v2\/pages\/7831","targetHints":{"allow":["GET"]}}],"collection":[{"href":"https:\/\/www.hastema.com\/fr\/wp-json\/wp\/v2\/pages"}],"about":[{"href":"https:\/\/www.hastema.com\/fr\/wp-json\/wp\/v2\/types\/page"}],"author":[{"embeddable":true,"href":"https:\/\/www.hastema.com\/fr\/wp-json\/wp\/v2\/users\/2"}],"replies":[{"embeddable":true,"href":"https:\/\/www.hastema.com\/fr\/wp-json\/wp\/v2\/comments?post=7831"}],"version-history":[{"count":2,"href":"https:\/\/www.hastema.com\/fr\/wp-json\/wp\/v2\/pages\/7831\/revisions"}],"predecessor-version":[{"id":8983,"href":"https:\/\/www.hastema.com\/fr\/wp-json\/wp\/v2\/pages\/7831\/revisions\/8983"}],"wp:attachment":[{"href":"https:\/\/www.hastema.com\/fr\/wp-json\/wp\/v2\/media?parent=7831"}],"curies":[{"name":"wp","href":"https:\/\/api.w.org\/{rel}","templated":true}]}}