{"id":7837,"date":"2014-08-27T14:07:19","date_gmt":"2014-08-27T12:07:19","guid":{"rendered":"https:\/\/www.hastema.com\/impressum-2\/"},"modified":"2021-02-02T11:38:06","modified_gmt":"2021-02-02T09:38:06","slug":"impressum","status":"publish","type":"page","link":"https:\/\/www.hastema.com\/fr\/impressum\/","title":{"rendered":"Impressum"},"content":{"rendered":"<p>[mk_page_section][vc_column][vc_empty_space][vc_column_text css=\u00a0\u00bb.vc_custom_1612258682411{margin-bottom: 0px !important;}\u00a0\u00bb]<\/p>\n<h1>Impressum<\/h1>\n<p>Avez-vous des questions ou probl\u00e8mes d&rsquo;utilisation der notre site web? Veuillez envoyer votre message \u00e0 l&rsquo;adresse suivante:\u00a0<a href=\"mailto:info@hastema.com\">info@hastema.com<\/a><\/p>\n<p>&nbsp;<\/p>\n<h2>Responsabilit\u00e9 g\u00e9n\u00e9rale, coordination, r\u00e9daction et op\u00e9ration<\/h2>\n<p>Hastema GmbH<br \/>\nIndustriestrasse 20a<br \/>\nCH-2555 Br\u00fcgg pr\u00e8s de Biel\/Bienne<\/p>\n<p>T\u00e9l\u00a0+41 32 333 33 60<\/p>\n<p><a href=\"https:\/\/www.hastema.com\/fr\/\" target=\"_blank\" rel=\"noopener\">www.hastema.com<\/a><a href=\"mailto:info@hastema.com\"><br \/>\ninfo@hastema.com<\/a><\/p>\n<p>&nbsp;<\/p>\n<h2>Concept<\/h2>\n<p>Hastema GmbH<br \/>\nLerch Design AG<br \/>\nRaptus Interactive<\/p>\n<p>&nbsp;<\/p>\n<h2>R\u00e9alisation technique et design<\/h2>\n<p>Raptus Interactive<br \/>\nGartenweg 1<br \/>\n3250 Lyss<\/p>\n<p><a href=\"http:\/\/www.raptus.com\" target=\"_blank\" rel=\"noopener\">www.raptus.com<\/a><br \/>\n<a href=\"mailto:info@raptus.com\">info@raptus.com<\/a><\/p>\n<p>&nbsp;<\/p>\n<h2>Emplacement des serveurs<\/h2>\n<p>Suisse, Zurich<\/p>\n<p>&nbsp;<\/p>\n<h2>Disclaimer<\/h2>\n<p>Tous les textes et liens ont \u00e9t\u00e9 soigneusement v\u00e9rifi\u00e9s et sont constamment mis \u00e0 jour. Nous nous effor\u00e7ons de fournir des informations pr\u00e9cises et compl\u00e8tes sur ce site web, mais nous n&rsquo;acceptons aucune responsabilit\u00e9, garantie ou obligation quant \u00e0 l&rsquo;exactitude, l&rsquo;exhaustivit\u00e9 ou l&rsquo;actualit\u00e9 des informations fournies sur ce site. Nous nous r\u00e9servons le droit de modifier les informations figurant sur ce site web \u00e0 tout moment et sans pr\u00e9avis et ne nous engageons pas \u00e0 mettre \u00e0 jour les informations qui y sont contenues. Tous les liens vers des fournisseurs externes ont \u00e9t\u00e9 v\u00e9rifi\u00e9s au moment de leur inclusion, mais nous ne sommes pas responsables du contenu et de la disponibilit\u00e9 des sites web accessibles par des hyperliens. Pour les contenus ill\u00e9gaux, erron\u00e9s ou incomplets et en particulier pour les dommages qui se d\u00e9veloppent \u00e0 partir des contenus des sites li\u00e9s, seul le fournisseur du site auquel on a renvoy\u00e9 est responsable. Il est indiff\u00e9rent que le dommage soit de nature directe, indirecte ou financi\u00e8re ou tout autre dommage qui pourrait r\u00e9sulter de la perte de donn\u00e9es, de la perte d&rsquo;utilisation ou d&rsquo;autres raisons de quelque nature que ce soit.[\/vc_column_text][vc_empty_space][\/vc_column][\/mk_page_section]<\/p>\n","protected":false},"excerpt":{"rendered":"<p>[mk_page_section][vc_column][vc_empty_space][vc_column_text css=\u00a0\u00bb.vc_custom_1612258682411{margin-bottom: 0px !important;}\u00a0\u00bb] Impressum Avez-vous des questions ou probl\u00e8mes d&rsquo;utilisation der notre site web? Veuillez envoyer votre message \u00e0 l&rsquo;adresse suivante:\u00a0info@hastema.com &nbsp; Responsabilit\u00e9 g\u00e9n\u00e9rale, coordination, r\u00e9daction et op\u00e9ration Hastema GmbH Industriestrasse 20a CH-2555 Br\u00fcgg pr\u00e8s de Biel\/Bienne T\u00e9l\u00a0+41 32 333 33 60 www.hastema.com info@hastema.com &nbsp; Concept Hastema GmbH Lerch Design AG Raptus Interactive &nbsp; [&hellip;]<\/p>\n","protected":false},"author":2,"featured_media":0,"parent":0,"menu_order":0,"comment_status":"open","ping_status":"open","template":"full-width.php","meta":{"_acf_changed":false,"footnotes":""},"class_list":["post-7837","page","type-page","status-publish","hentry"],"acf":[],"yoast_head":"<!-- This site is optimized with the Yoast SEO plugin v24.2 - https:\/\/yoast.com\/wordpress\/plugins\/seo\/ -->\n<title>Impressum - Hastema<\/title>\n<meta name=\"robots\" content=\"noindex, nofollow\" \/>\n<meta property=\"og:locale\" content=\"fr_FR\" \/>\n<meta property=\"og:type\" content=\"article\" \/>\n<meta property=\"og:title\" content=\"Impressum - Hastema\" \/>\n<meta property=\"og:description\" content=\"[mk_page_section][vc_column][vc_empty_space][vc_column_text css=\u00a0\u00bb.vc_custom_1612258682411{margin-bottom: 0px !important;}\u00a0\u00bb] Impressum Avez-vous des questions ou probl\u00e8mes d&rsquo;utilisation der notre site web? Veuillez envoyer votre message \u00e0 l&rsquo;adresse suivante:\u00a0info@hastema.com &nbsp; Responsabilit\u00e9 g\u00e9n\u00e9rale, coordination, r\u00e9daction et op\u00e9ration Hastema GmbH Industriestrasse 20a CH-2555 Br\u00fcgg pr\u00e8s de Biel\/Bienne T\u00e9l\u00a0+41 32 333 33 60 www.hastema.com info@hastema.com &nbsp; Concept Hastema GmbH Lerch Design AG Raptus Interactive &nbsp; [&hellip;]\" \/>\n<meta property=\"og:url\" content=\"https:\/\/www.hastema.com\/fr\/impressum\/\" \/>\n<meta property=\"og:site_name\" content=\"Hastema\" \/>\n<meta property=\"article:modified_time\" content=\"2021-02-02T09:38:06+00:00\" \/>\n<meta name=\"twitter:card\" content=\"summary_large_image\" \/>\n<meta name=\"twitter:label1\" content=\"Dur\u00e9e de lecture estim\u00e9e\" \/>\n\t<meta name=\"twitter:data1\" content=\"2 minutes\" \/>\n<script type=\"application\/ld+json\" class=\"yoast-schema-graph\">{\"@context\":\"https:\/\/schema.org\",\"@graph\":[{\"@type\":\"WebPage\",\"@id\":\"https:\/\/www.hastema.com\/fr\/impressum\/\",\"url\":\"https:\/\/www.hastema.com\/fr\/impressum\/\",\"name\":\"Impressum - Hastema\",\"isPartOf\":{\"@id\":\"https:\/\/www.hastema.com\/#website\"},\"datePublished\":\"2014-08-27T12:07:19+00:00\",\"dateModified\":\"2021-02-02T09:38:06+00:00\",\"breadcrumb\":{\"@id\":\"https:\/\/www.hastema.com\/fr\/impressum\/#breadcrumb\"},\"inLanguage\":\"fr-FR\",\"potentialAction\":[{\"@type\":\"ReadAction\",\"target\":[\"https:\/\/www.hastema.com\/fr\/impressum\/\"]}]},{\"@type\":\"BreadcrumbList\",\"@id\":\"https:\/\/www.hastema.com\/fr\/impressum\/#breadcrumb\",\"itemListElement\":[{\"@type\":\"ListItem\",\"position\":1,\"name\":\"Startseite\",\"item\":\"https:\/\/www.hastema.com\/fr\/\"},{\"@type\":\"ListItem\",\"position\":2,\"name\":\"Impressum\"}]},{\"@type\":\"WebSite\",\"@id\":\"https:\/\/www.hastema.com\/#website\",\"url\":\"https:\/\/www.hastema.com\/\",\"name\":\"Hastema\",\"description\":\"engineering production technique ferrovi\u00e8re\",\"publisher\":{\"@id\":\"https:\/\/www.hastema.com\/#organization\"},\"potentialAction\":[{\"@type\":\"SearchAction\",\"target\":{\"@type\":\"EntryPoint\",\"urlTemplate\":\"https:\/\/www.hastema.com\/?s={search_term_string}\"},\"query-input\":{\"@type\":\"PropertyValueSpecification\",\"valueRequired\":true,\"valueName\":\"search_term_string\"}}],\"inLanguage\":\"fr-FR\"},{\"@type\":\"Organization\",\"@id\":\"https:\/\/www.hastema.com\/#organization\",\"name\":\"Hastema GmbH\",\"url\":\"https:\/\/www.hastema.com\/\",\"logo\":{\"@type\":\"ImageObject\",\"inLanguage\":\"fr-FR\",\"@id\":\"https:\/\/www.hastema.com\/#\/schema\/logo\/image\/\",\"url\":\"https:\/\/www.hastema.simn.ch\/wp-content\/uploads\/2014\/09\/hastema-logo-normal.png\",\"contentUrl\":\"https:\/\/www.hastema.simn.ch\/wp-content\/uploads\/2014\/09\/hastema-logo-normal.png\",\"width\":275,\"height\":93,\"caption\":\"Hastema GmbH\"},\"image\":{\"@id\":\"https:\/\/www.hastema.com\/#\/schema\/logo\/image\/\"}}]}<\/script>\n<!-- \/ Yoast SEO plugin. -->","yoast_head_json":{"title":"Impressum - Hastema","robots":{"index":"noindex","follow":"nofollow"},"og_locale":"fr_FR","og_type":"article","og_title":"Impressum - Hastema","og_description":"[mk_page_section][vc_column][vc_empty_space][vc_column_text css=\u00a0\u00bb.vc_custom_1612258682411{margin-bottom: 0px !important;}\u00a0\u00bb] Impressum Avez-vous des questions ou probl\u00e8mes d&rsquo;utilisation der notre site web? Veuillez envoyer votre message \u00e0 l&rsquo;adresse suivante:\u00a0info@hastema.com &nbsp; Responsabilit\u00e9 g\u00e9n\u00e9rale, coordination, r\u00e9daction et op\u00e9ration Hastema GmbH Industriestrasse 20a CH-2555 Br\u00fcgg pr\u00e8s de Biel\/Bienne T\u00e9l\u00a0+41 32 333 33 60 www.hastema.com info@hastema.com &nbsp; Concept Hastema GmbH Lerch Design AG Raptus Interactive &nbsp; [&hellip;]","og_url":"https:\/\/www.hastema.com\/fr\/impressum\/","og_site_name":"Hastema","article_modified_time":"2021-02-02T09:38:06+00:00","twitter_card":"summary_large_image","twitter_misc":{"Dur\u00e9e de lecture estim\u00e9e":"2 minutes"},"schema":{"@context":"https:\/\/schema.org","@graph":[{"@type":"WebPage","@id":"https:\/\/www.hastema.com\/fr\/impressum\/","url":"https:\/\/www.hastema.com\/fr\/impressum\/","name":"Impressum - Hastema","isPartOf":{"@id":"https:\/\/www.hastema.com\/#website"},"datePublished":"2014-08-27T12:07:19+00:00","dateModified":"2021-02-02T09:38:06+00:00","breadcrumb":{"@id":"https:\/\/www.hastema.com\/fr\/impressum\/#breadcrumb"},"inLanguage":"fr-FR","potentialAction":[{"@type":"ReadAction","target":["https:\/\/www.hastema.com\/fr\/impressum\/"]}]},{"@type":"BreadcrumbList","@id":"https:\/\/www.hastema.com\/fr\/impressum\/#breadcrumb","itemListElement":[{"@type":"ListItem","position":1,"name":"Startseite","item":"https:\/\/www.hastema.com\/fr\/"},{"@type":"ListItem","position":2,"name":"Impressum"}]},{"@type":"WebSite","@id":"https:\/\/www.hastema.com\/#website","url":"https:\/\/www.hastema.com\/","name":"Hastema","description":"engineering production technique ferrovi\u00e8re","publisher":{"@id":"https:\/\/www.hastema.com\/#organization"},"potentialAction":[{"@type":"SearchAction","target":{"@type":"EntryPoint","urlTemplate":"https:\/\/www.hastema.com\/?s={search_term_string}"},"query-input":{"@type":"PropertyValueSpecification","valueRequired":true,"valueName":"search_term_string"}}],"inLanguage":"fr-FR"},{"@type":"Organization","@id":"https:\/\/www.hastema.com\/#organization","name":"Hastema GmbH","url":"https:\/\/www.hastema.com\/","logo":{"@type":"ImageObject","inLanguage":"fr-FR","@id":"https:\/\/www.hastema.com\/#\/schema\/logo\/image\/","url":"https:\/\/www.hastema.simn.ch\/wp-content\/uploads\/2014\/09\/hastema-logo-normal.png","contentUrl":"https:\/\/www.hastema.simn.ch\/wp-content\/uploads\/2014\/09\/hastema-logo-normal.png","width":275,"height":93,"caption":"Hastema GmbH"},"image":{"@id":"https:\/\/www.hastema.com\/#\/schema\/logo\/image\/"}}]}},"_links":{"self":[{"href":"https:\/\/www.hastema.com\/fr\/wp-json\/wp\/v2\/pages\/7837","targetHints":{"allow":["GET"]}}],"collection":[{"href":"https:\/\/www.hastema.com\/fr\/wp-json\/wp\/v2\/pages"}],"about":[{"href":"https:\/\/www.hastema.com\/fr\/wp-json\/wp\/v2\/types\/page"}],"author":[{"embeddable":true,"href":"https:\/\/www.hastema.com\/fr\/wp-json\/wp\/v2\/users\/2"}],"replies":[{"embeddable":true,"href":"https:\/\/www.hastema.com\/fr\/wp-json\/wp\/v2\/comments?post=7837"}],"version-history":[{"count":3,"href":"https:\/\/www.hastema.com\/fr\/wp-json\/wp\/v2\/pages\/7837\/revisions"}],"predecessor-version":[{"id":10973,"href":"https:\/\/www.hastema.com\/fr\/wp-json\/wp\/v2\/pages\/7837\/revisions\/10973"}],"wp:attachment":[{"href":"https:\/\/www.hastema.com\/fr\/wp-json\/wp\/v2\/media?parent=7837"}],"curies":[{"name":"wp","href":"https:\/\/api.w.org\/{rel}","templated":true}]}}