{"id":7839,"date":"2014-08-25T08:52:05","date_gmt":"2014-08-25T06:52:05","guid":{"rendered":"https:\/\/www.hastema.com\/manufacturing-2\/"},"modified":"2020-02-19T09:28:41","modified_gmt":"2020-02-19T07:28:41","slug":"fabrication","status":"publish","type":"page","link":"https:\/\/www.hastema.com\/fr\/fabrication\/","title":{"rendered":"Fabrication"},"content":{"rendered":"<p>[mk_page_section bg_image=\u00a0\u00bbhttps:\/\/www.hastema.com\/wp-content\/uploads\/2014\/08\/hastema-header-produktion.jpg\u00a0\u00bb bg_position=\u00a0\u00bbcenter center\u00a0\u00bb bg_repeat=\u00a0\u00bbno-repeat\u00a0\u00bb speed_factor=\u00a0\u00bb4&Prime; min_height=\u00a0\u00bb536&Prime; padding_top=\u00a0\u00bb0&Prime; padding_bottom=\u00a0\u00bb0&Prime; el_class=\u00a0\u00bbmargin-corr-header\u00a0\u00bb sidebar=\u00a0\u00bbHastema\u00a0\u00bb first_page=\u00a0\u00bbtrue\u00a0\u00bb last_page=\u00a0\u00bbtrue\u00a0\u00bb][vc_column width=\u00a0\u00bb1\/2&Prime;][\/vc_column][vc_column width=\u00a0\u00bb1\/2&Prime;][mk_content_box el_class=\u00a0\u00bbcircle\u00a0\u00bb][vc_column_text align=\u00a0\u00bbcenter\u00a0\u00bb margin_bottom=\u00a0\u00bb50&Prime;]<\/p>\n<h2 class=\"p1\">Rapide et s\u00fbre<\/h2>\n<p>[\/vc_column_text][\/mk_content_box][\/vc_column][\/mk_page_section][mk_page_section speed_factor=\u00a0\u00bb4&Prime; padding_top=\u00a0\u00bb50&Prime; padding_bottom=\u00a0\u00bb100&Prime; sidebar=\u00a0\u00bbHastema\u00a0\u00bb first_page=\u00a0\u00bbtrue\u00a0\u00bb last_page=\u00a0\u00bbtrue\u00a0\u00bb][vc_column width=\u00a0\u00bb1\/2&Prime;][vc_column_text]<\/p>\n<h2>Fabrication et montage, prototypage<\/h2>\n<p><strong>Command\u00e9 aujourd&rsquo;hui, livr\u00e9 demain<\/strong><\/p>\n<p>Notre atelier m\u00e9canique est \u00e0 votre disposition avec des machines de production modernes et des stations de montage modulaires. Si nous n\u2019avons pas la capacit\u00e9 de r\u00e9pondre \u00e0 votre demande, un vaste r\u00e9seau de sp\u00e9cialistes de la fabrication est \u00e0 votre disposition.[\/vc_column_text][\/vc_column][vc_column width=\u00a0\u00bb1\/2&Prime;][mk_mini_callout el_class=\u00a0\u00bbhastema-box-produktion\u00a0\u00bb]<\/p>\n<table>\n<tbody>\n<tr>\n<td>Fraisage<\/td>\n<td>x500, \u00a0y1000, z500 mm<\/td>\n<\/tr>\n<tr>\n<td>Tournage<\/td>\n<td>\u23001 jusqu&rsquo;\u00e0 \u2300400, x1400 mm<\/td>\n<\/tr>\n<tr>\n<td>Meulage de finition<\/td>\n<td>x350, y250, z 300 mm<\/td>\n<\/tr>\n<tr>\n<td>Moulage plastique<\/td>\n<td>x500, y1000, z500 mm<\/td>\n<\/tr>\n<tr>\n<td>Impression 3D, Prototypage rapide<\/td>\n<td>x300, y300, z300 mm<\/td>\n<\/tr>\n<\/tbody>\n<\/table>\n<p>[\/mk_mini_callout][\/vc_column][\/mk_page_section][mk_page_section bg_color=\u00a0\u00bb#eaeaea\u00a0\u00bb speed_factor=\u00a0\u00bb4&Prime; padding_top=\u00a0\u00bb100&Prime; padding_bottom=\u00a0\u00bb100&Prime; sidebar=\u00a0\u00bbHastema\u00a0\u00bb first_page=\u00a0\u00bbtrue\u00a0\u00bb last_page=\u00a0\u00bbtrue\u00a0\u00bb][vc_column width=\u00a0\u00bb1\/2&Prime;][\/vc_column][vc_column width=\u00a0\u00bb1\/2&Prime;][vc_column_text]<\/p>\n<h2>\u00c9quipements et commandes<\/h2>\n<p><strong>Chaque brin au bon endroit.<\/strong><\/p>\n<p>Vous ne disposez pas d&rsquo;un bo\u00eetier pour votre carte \u00e9lectronique? Ou d\u2019armoire \u00e9lectrique pour votre syst\u00e8me?<\/p>\n<p>Nous fournissons les bo\u00eetiers et les armoires, nous les \u00e9quipons avec les composants et c\u00e2blages.[\/vc_column_text][\/vc_column][\/mk_page_section][mk_page_section speed_factor=\u00a0\u00bb4&Prime; padding_top=\u00a0\u00bb100&Prime; padding_bottom=\u00a0\u00bb100&Prime; sidebar=\u00a0\u00bbHastema\u00a0\u00bb first_page=\u00a0\u00bbtrue\u00a0\u00bb last_page=\u00a0\u00bbtrue\u00a0\u00bb][vc_column width=\u00a0\u00bb1\/2&Prime;][vc_column_text]<\/p>\n<h2>Externaliser vos processus de fabrication<\/h2>\n<p><strong>Nous allons s&rsquo;occuper pour vous<\/strong><\/p>\n<p>En peu de temps nous devenons une succursale et nous vous fournissons les capacit\u00e9s manquante.<\/p>\n<p>Nous entreprenons la production de dispositifs m\u00e9catroniques, l&rsquo;assemblage de composants, y compris l&rsquo;entreposage, l&#8217;emballage et la distribution.[\/vc_column_text][\/vc_column][vc_column width=\u00a0\u00bb1\/2&Prime;][\/vc_column][\/mk_page_section][mk_page_section bg_color=\u00a0\u00bb#eaeaea\u00a0\u00bb speed_factor=\u00a0\u00bb4&Prime; padding_top=\u00a0\u00bb100&Prime; padding_bottom=\u00a0\u00bb100&Prime; sidebar=\u00a0\u00bbHastema\u00a0\u00bb first_page=\u00a0\u00bbfalse\u00a0\u00bb last_page=\u00a0\u00bbtrue\u00a0\u00bb][vc_column width=\u00a0\u00bb1\/2&Prime;][\/vc_column][vc_column width=\u00a0\u00bb1\/2&Prime;][vc_column_text]<\/p>\n<h2>Support, maintenance, intervention, r\u00e9paration<\/h2>\n<p><strong>Un pas d\u2019avance<\/strong><\/p>\n<p>Avec l&rsquo;entretien et l&rsquo;inspection p\u00e9riodique de vos installations, vous pouvez r\u00e9duire les temps d&rsquo;arr\u00eat du syst\u00e8me et augmenter sa disponibilit\u00e9. De cette fa\u00e7on la s\u00e9curit\u00e9 du syst\u00e8me est augment\u00e9e. Une analyse des risques vous montrera pour quel syst\u00e8me il est judicieux de prendre des mesures pr\u00e9ventives, comme par exemple le stockage de pi\u00e8ces de rechange.<\/p>\n<p>Nous offrons un support personnalis\u00e9, l&rsquo;entretien p\u00e9riodique, un service d&rsquo;appel de 24 heures et des courts d\u00e9lais d&rsquo;intervention.[\/vc_column_text][\/vc_column][\/mk_page_section]<\/p>\n","protected":false},"excerpt":{"rendered":"<p>[mk_page_section bg_image=\u00a0\u00bbhttps:\/\/www.hastema.com\/wp-content\/uploads\/2014\/08\/hastema-header-produktion.jpg\u00a0\u00bb bg_position=\u00a0\u00bbcenter center\u00a0\u00bb bg_repeat=\u00a0\u00bbno-repeat\u00a0\u00bb speed_factor=\u00a0\u00bb4&Prime; min_height=\u00a0\u00bb536&Prime; padding_top=\u00a0\u00bb0&Prime; padding_bottom=\u00a0\u00bb0&Prime; el_class=\u00a0\u00bbmargin-corr-header\u00a0\u00bb sidebar=\u00a0\u00bbHastema\u00a0\u00bb first_page=\u00a0\u00bbtrue\u00a0\u00bb last_page=\u00a0\u00bbtrue\u00a0\u00bb][vc_column width=\u00a0\u00bb1\/2&Prime;][\/vc_column][vc_column width=\u00a0\u00bb1\/2&Prime;][mk_content_box el_class=\u00a0\u00bbcircle\u00a0\u00bb][vc_column_text align=\u00a0\u00bbcenter\u00a0\u00bb margin_bottom=\u00a0\u00bb50&Prime;] Rapide et s\u00fbre [\/vc_column_text][\/mk_content_box][\/vc_column][\/mk_page_section][mk_page_section speed_factor=\u00a0\u00bb4&Prime; padding_top=\u00a0\u00bb50&Prime; padding_bottom=\u00a0\u00bb100&Prime; sidebar=\u00a0\u00bbHastema\u00a0\u00bb first_page=\u00a0\u00bbtrue\u00a0\u00bb last_page=\u00a0\u00bbtrue\u00a0\u00bb][vc_column width=\u00a0\u00bb1\/2&Prime;][vc_column_text] Fabrication et montage, prototypage Command\u00e9 aujourd&rsquo;hui, livr\u00e9 demain Notre atelier m\u00e9canique est \u00e0 votre disposition avec des machines de production modernes et des stations de montage [&hellip;]<\/p>\n","protected":false},"author":2,"featured_media":0,"parent":0,"menu_order":0,"comment_status":"open","ping_status":"closed","template":"full-width.php","meta":{"_acf_changed":false,"footnotes":""},"class_list":["post-7839","page","type-page","status-publish","hentry"],"acf":[],"yoast_head":"<!-- This site is optimized with the Yoast SEO plugin v24.2 - https:\/\/yoast.com\/wordpress\/plugins\/seo\/ -->\n<title>Fabrication - Hastema<\/title>\n<meta name=\"robots\" content=\"index, follow, max-snippet:-1, max-image-preview:large, max-video-preview:-1\" \/>\n<link rel=\"canonical\" href=\"https:\/\/www.hastema.com\/fr\/fabrication\/\" \/>\n<meta property=\"og:locale\" content=\"fr_FR\" \/>\n<meta property=\"og:type\" content=\"article\" \/>\n<meta property=\"og:title\" content=\"Fabrication - Hastema\" \/>\n<meta property=\"og:description\" content=\"[mk_page_section bg_image=\u00a0\u00bbhttps:\/\/www.hastema.com\/wp-content\/uploads\/2014\/08\/hastema-header-produktion.jpg\u00a0\u00bb bg_position=\u00a0\u00bbcenter center\u00a0\u00bb bg_repeat=\u00a0\u00bbno-repeat\u00a0\u00bb speed_factor=\u00a0\u00bb4&Prime; min_height=\u00a0\u00bb536&Prime; padding_top=\u00a0\u00bb0&Prime; padding_bottom=\u00a0\u00bb0&Prime; el_class=\u00a0\u00bbmargin-corr-header\u00a0\u00bb sidebar=\u00a0\u00bbHastema\u00a0\u00bb first_page=\u00a0\u00bbtrue\u00a0\u00bb last_page=\u00a0\u00bbtrue\u00a0\u00bb][vc_column width=\u00a0\u00bb1\/2&Prime;][\/vc_column][vc_column width=\u00a0\u00bb1\/2&Prime;][mk_content_box el_class=\u00a0\u00bbcircle\u00a0\u00bb][vc_column_text align=\u00a0\u00bbcenter\u00a0\u00bb margin_bottom=\u00a0\u00bb50&Prime;] Rapide et s\u00fbre [\/vc_column_text][\/mk_content_box][\/vc_column][\/mk_page_section][mk_page_section speed_factor=\u00a0\u00bb4&Prime; padding_top=\u00a0\u00bb50&Prime; padding_bottom=\u00a0\u00bb100&Prime; sidebar=\u00a0\u00bbHastema\u00a0\u00bb first_page=\u00a0\u00bbtrue\u00a0\u00bb last_page=\u00a0\u00bbtrue\u00a0\u00bb][vc_column width=\u00a0\u00bb1\/2&Prime;][vc_column_text] Fabrication et montage, prototypage Command\u00e9 aujourd&rsquo;hui, livr\u00e9 demain Notre atelier m\u00e9canique est \u00e0 votre disposition avec des machines de production modernes et des stations de montage [&hellip;]\" \/>\n<meta property=\"og:url\" content=\"https:\/\/www.hastema.com\/fr\/fabrication\/\" \/>\n<meta property=\"og:site_name\" content=\"Hastema\" \/>\n<meta property=\"article:modified_time\" content=\"2020-02-19T07:28:41+00:00\" \/>\n<meta name=\"twitter:card\" content=\"summary_large_image\" \/>\n<meta name=\"twitter:label1\" content=\"Dur\u00e9e de lecture estim\u00e9e\" \/>\n\t<meta name=\"twitter:data1\" content=\"2 minutes\" \/>\n<script type=\"application\/ld+json\" class=\"yoast-schema-graph\">{\"@context\":\"https:\/\/schema.org\",\"@graph\":[{\"@type\":\"WebPage\",\"@id\":\"https:\/\/www.hastema.com\/fr\/fabrication\/\",\"url\":\"https:\/\/www.hastema.com\/fr\/fabrication\/\",\"name\":\"Fabrication - Hastema\",\"isPartOf\":{\"@id\":\"https:\/\/www.hastema.com\/#website\"},\"datePublished\":\"2014-08-25T06:52:05+00:00\",\"dateModified\":\"2020-02-19T07:28:41+00:00\",\"breadcrumb\":{\"@id\":\"https:\/\/www.hastema.com\/fr\/fabrication\/#breadcrumb\"},\"inLanguage\":\"fr-FR\",\"potentialAction\":[{\"@type\":\"ReadAction\",\"target\":[\"https:\/\/www.hastema.com\/fr\/fabrication\/\"]}]},{\"@type\":\"BreadcrumbList\",\"@id\":\"https:\/\/www.hastema.com\/fr\/fabrication\/#breadcrumb\",\"itemListElement\":[{\"@type\":\"ListItem\",\"position\":1,\"name\":\"Startseite\",\"item\":\"https:\/\/www.hastema.com\/fr\/\"},{\"@type\":\"ListItem\",\"position\":2,\"name\":\"Fabrication\"}]},{\"@type\":\"WebSite\",\"@id\":\"https:\/\/www.hastema.com\/#website\",\"url\":\"https:\/\/www.hastema.com\/\",\"name\":\"Hastema\",\"description\":\"engineering production technique ferrovi\u00e8re\",\"publisher\":{\"@id\":\"https:\/\/www.hastema.com\/#organization\"},\"potentialAction\":[{\"@type\":\"SearchAction\",\"target\":{\"@type\":\"EntryPoint\",\"urlTemplate\":\"https:\/\/www.hastema.com\/?s={search_term_string}\"},\"query-input\":{\"@type\":\"PropertyValueSpecification\",\"valueRequired\":true,\"valueName\":\"search_term_string\"}}],\"inLanguage\":\"fr-FR\"},{\"@type\":\"Organization\",\"@id\":\"https:\/\/www.hastema.com\/#organization\",\"name\":\"Hastema GmbH\",\"url\":\"https:\/\/www.hastema.com\/\",\"logo\":{\"@type\":\"ImageObject\",\"inLanguage\":\"fr-FR\",\"@id\":\"https:\/\/www.hastema.com\/#\/schema\/logo\/image\/\",\"url\":\"https:\/\/www.hastema.simn.ch\/wp-content\/uploads\/2014\/09\/hastema-logo-normal.png\",\"contentUrl\":\"https:\/\/www.hastema.simn.ch\/wp-content\/uploads\/2014\/09\/hastema-logo-normal.png\",\"width\":275,\"height\":93,\"caption\":\"Hastema GmbH\"},\"image\":{\"@id\":\"https:\/\/www.hastema.com\/#\/schema\/logo\/image\/\"}}]}<\/script>\n<!-- \/ Yoast SEO plugin. -->","yoast_head_json":{"title":"Fabrication - Hastema","robots":{"index":"index","follow":"follow","max-snippet":"max-snippet:-1","max-image-preview":"max-image-preview:large","max-video-preview":"max-video-preview:-1"},"canonical":"https:\/\/www.hastema.com\/fr\/fabrication\/","og_locale":"fr_FR","og_type":"article","og_title":"Fabrication - Hastema","og_description":"[mk_page_section bg_image=\u00a0\u00bbhttps:\/\/www.hastema.com\/wp-content\/uploads\/2014\/08\/hastema-header-produktion.jpg\u00a0\u00bb bg_position=\u00a0\u00bbcenter center\u00a0\u00bb bg_repeat=\u00a0\u00bbno-repeat\u00a0\u00bb speed_factor=\u00a0\u00bb4&Prime; min_height=\u00a0\u00bb536&Prime; padding_top=\u00a0\u00bb0&Prime; padding_bottom=\u00a0\u00bb0&Prime; el_class=\u00a0\u00bbmargin-corr-header\u00a0\u00bb sidebar=\u00a0\u00bbHastema\u00a0\u00bb first_page=\u00a0\u00bbtrue\u00a0\u00bb last_page=\u00a0\u00bbtrue\u00a0\u00bb][vc_column width=\u00a0\u00bb1\/2&Prime;][\/vc_column][vc_column width=\u00a0\u00bb1\/2&Prime;][mk_content_box el_class=\u00a0\u00bbcircle\u00a0\u00bb][vc_column_text align=\u00a0\u00bbcenter\u00a0\u00bb margin_bottom=\u00a0\u00bb50&Prime;] Rapide et s\u00fbre [\/vc_column_text][\/mk_content_box][\/vc_column][\/mk_page_section][mk_page_section speed_factor=\u00a0\u00bb4&Prime; padding_top=\u00a0\u00bb50&Prime; padding_bottom=\u00a0\u00bb100&Prime; sidebar=\u00a0\u00bbHastema\u00a0\u00bb first_page=\u00a0\u00bbtrue\u00a0\u00bb last_page=\u00a0\u00bbtrue\u00a0\u00bb][vc_column width=\u00a0\u00bb1\/2&Prime;][vc_column_text] Fabrication et montage, prototypage Command\u00e9 aujourd&rsquo;hui, livr\u00e9 demain Notre atelier m\u00e9canique est \u00e0 votre disposition avec des machines de production modernes et des stations de montage [&hellip;]","og_url":"https:\/\/www.hastema.com\/fr\/fabrication\/","og_site_name":"Hastema","article_modified_time":"2020-02-19T07:28:41+00:00","twitter_card":"summary_large_image","twitter_misc":{"Dur\u00e9e de lecture estim\u00e9e":"2 minutes"},"schema":{"@context":"https:\/\/schema.org","@graph":[{"@type":"WebPage","@id":"https:\/\/www.hastema.com\/fr\/fabrication\/","url":"https:\/\/www.hastema.com\/fr\/fabrication\/","name":"Fabrication - Hastema","isPartOf":{"@id":"https:\/\/www.hastema.com\/#website"},"datePublished":"2014-08-25T06:52:05+00:00","dateModified":"2020-02-19T07:28:41+00:00","breadcrumb":{"@id":"https:\/\/www.hastema.com\/fr\/fabrication\/#breadcrumb"},"inLanguage":"fr-FR","potentialAction":[{"@type":"ReadAction","target":["https:\/\/www.hastema.com\/fr\/fabrication\/"]}]},{"@type":"BreadcrumbList","@id":"https:\/\/www.hastema.com\/fr\/fabrication\/#breadcrumb","itemListElement":[{"@type":"ListItem","position":1,"name":"Startseite","item":"https:\/\/www.hastema.com\/fr\/"},{"@type":"ListItem","position":2,"name":"Fabrication"}]},{"@type":"WebSite","@id":"https:\/\/www.hastema.com\/#website","url":"https:\/\/www.hastema.com\/","name":"Hastema","description":"engineering production technique ferrovi\u00e8re","publisher":{"@id":"https:\/\/www.hastema.com\/#organization"},"potentialAction":[{"@type":"SearchAction","target":{"@type":"EntryPoint","urlTemplate":"https:\/\/www.hastema.com\/?s={search_term_string}"},"query-input":{"@type":"PropertyValueSpecification","valueRequired":true,"valueName":"search_term_string"}}],"inLanguage":"fr-FR"},{"@type":"Organization","@id":"https:\/\/www.hastema.com\/#organization","name":"Hastema GmbH","url":"https:\/\/www.hastema.com\/","logo":{"@type":"ImageObject","inLanguage":"fr-FR","@id":"https:\/\/www.hastema.com\/#\/schema\/logo\/image\/","url":"https:\/\/www.hastema.simn.ch\/wp-content\/uploads\/2014\/09\/hastema-logo-normal.png","contentUrl":"https:\/\/www.hastema.simn.ch\/wp-content\/uploads\/2014\/09\/hastema-logo-normal.png","width":275,"height":93,"caption":"Hastema GmbH"},"image":{"@id":"https:\/\/www.hastema.com\/#\/schema\/logo\/image\/"}}]}},"_links":{"self":[{"href":"https:\/\/www.hastema.com\/fr\/wp-json\/wp\/v2\/pages\/7839","targetHints":{"allow":["GET"]}}],"collection":[{"href":"https:\/\/www.hastema.com\/fr\/wp-json\/wp\/v2\/pages"}],"about":[{"href":"https:\/\/www.hastema.com\/fr\/wp-json\/wp\/v2\/types\/page"}],"author":[{"embeddable":true,"href":"https:\/\/www.hastema.com\/fr\/wp-json\/wp\/v2\/users\/2"}],"replies":[{"embeddable":true,"href":"https:\/\/www.hastema.com\/fr\/wp-json\/wp\/v2\/comments?post=7839"}],"version-history":[{"count":1,"href":"https:\/\/www.hastema.com\/fr\/wp-json\/wp\/v2\/pages\/7839\/revisions"}],"predecessor-version":[{"id":9265,"href":"https:\/\/www.hastema.com\/fr\/wp-json\/wp\/v2\/pages\/7839\/revisions\/9265"}],"wp:attachment":[{"href":"https:\/\/www.hastema.com\/fr\/wp-json\/wp\/v2\/media?parent=7839"}],"curies":[{"name":"wp","href":"https:\/\/api.w.org\/{rel}","templated":true}]}}