{"id":7843,"date":"2014-08-25T08:51:29","date_gmt":"2014-08-25T06:51:29","guid":{"rendered":"https:\/\/www.hastema.com\/railway-technology-2\/"},"modified":"2021-02-04T18:11:22","modified_gmt":"2021-02-04T16:11:22","slug":"technologie-ferroviaire","status":"publish","type":"page","link":"https:\/\/www.hastema.com\/fr\/technologie-ferroviaire\/","title":{"rendered":"Technologie ferroviaire"},"content":{"rendered":"<p>[mk_page_section bg_image=\u00a0\u00bbhttps:\/\/www.hastema.com\/wp-content\/uploads\/2014\/08\/hastema-header-bahntechnik.jpg\u00a0\u00bb bg_color=\u00a0\u00bb#ffffff\u00a0\u00bb bg_position=\u00a0\u00bbcenter center\u00a0\u00bb bg_repeat=\u00a0\u00bbno-repeat\u00a0\u00bb speed_factor=\u00a0\u00bb4&Prime; min_height=\u00a0\u00bb536&Prime; padding_top=\u00a0\u00bb0&Prime; padding_bottom=\u00a0\u00bb0&Prime; el_class=\u00a0\u00bbmargin-corr-header\u00a0\u00bb sidebar=\u00a0\u00bbHastema\u00a0\u00bb first_page=\u00a0\u00bbtrue\u00a0\u00bb last_page=\u00a0\u00bbtrue\u00a0\u00bb][vc_column width=\u00a0\u00bb1\/2&Prime;][\/vc_column][vc_column width=\u00a0\u00bb1\/2&Prime;][mk_content_box el_class=\u00a0\u00bbcircle\u00a0\u00bb][vc_column_text align=\u00a0\u00bbcenter\u00a0\u00bb margin_bottom=\u00a0\u00bb50&Prime;]<\/p>\n<h2 class=\"p1\">Technologie<br \/>\nferroviaire<br \/>\ninnovante<\/h2>\n<p>[\/vc_column_text][\/mk_content_box][\/vc_column][\/mk_page_section][mk_page_section speed_factor=\u00a0\u00bb4&Prime; padding_top=\u00a0\u00bb50&Prime; padding_bottom=\u00a0\u00bb100&Prime; sidebar=\u00a0\u00bbHastema\u00a0\u00bb first_page=\u00a0\u00bbtrue\u00a0\u00bb last_page=\u00a0\u00bbtrue\u00a0\u00bb][vc_column width=\u00a0\u00bb1\/2&Prime;][vc_column_text disable_pattern=\u00a0\u00bbfalse\u00a0\u00bb]<\/p>\n<h2>L\u2019infrastructure entre de bonnes mains<\/h2>\n<p><strong>Hastema d\u00e9veloppe, produit et distribue des syst\u00e8mes pour l&rsquo;industrie ferroviaire.<\/strong><\/p>\n<p>Vous pouvez acheter nos produits finis ou nous pouvons d\u00e9velopper quelque chose pour vous; des d\u00e9lais courts et une solution de syst\u00e8me \u00e0 partir d&rsquo;une source unique garantissent un succ\u00e8s rapide.[\/vc_column_text][\/vc_column][vc_column width=\u00a0\u00bb1\/2&Prime;][vc_column_text]<\/p>\n<ul>\n<li>Pont \u00e0 bascule dynamique ferroviaire<\/li>\n<li>Surveillance automatique de train<\/li>\n<li>Syst\u00e8mes d\u2019inspection d\u2019aiguillages mobiles et fixes, \u00e9talonnage de la force<\/li>\n<li>Banc d\u2019essai pour l\u2018entrainement des aiguillages<\/li>\n<li>R\u00e9vision \/ entretien de l\u2019entrainement des aiguillages<\/li>\n<li>Pi\u00e8ces de rechange pour les entrainements des aiguillages<\/li>\n<li>R\u00e9vision \/ entretien des moteurs<\/li>\n<li>Nouveaux distributeurs de courant pour les entrainements des aiguillages<\/li>\n<li>Perceuse de traverse<\/li>\n<li>etc.<\/li>\n<\/ul>\n<p>[\/vc_column_text][\/vc_column][\/mk_page_section][mk_page_section bg_color=\u00a0\u00bb#eaeaea\u00a0\u00bb speed_factor=\u00a0\u00bb4&Prime; padding_top=\u00a0\u00bb100&Prime; padding_bottom=\u00a0\u00bb100&Prime; sidebar=\u00a0\u00bbHastema\u00a0\u00bb first_page=\u00a0\u00bbtrue\u00a0\u00bb last_page=\u00a0\u00bbtrue\u00a0\u00bb][vc_column][mk_portfolio height=\u00a0\u00bb400&Prime; column=\u00a0\u00bb2&Prime; zoom_icon=\u00a0\u00bbfalse\u00a0\u00bb count=\u00a0\u00bb-1&Prime; sortable=\u00a0\u00bbfalse\u00a0\u00bb pagination=\u00a0\u00bbfalse\u00a0\u00bb order=\u00a0\u00bbASC\u00a0\u00bb orderby=\u00a0\u00bbmenu_order\u00a0\u00bb disable_excerpt=\u00a0\u00bbtrue\u00a0\u00bb disable_permalink=\u00a0\u00bbtrue\u00a0\u00bb image_quality=\u00a0\u00bb1&Prime; posts=\u00a0\u00bb7875, 7828, 8047, 8055, 7873, 9448, 9408, 9541, 9523, 9473, 8021, 7873, 9560, 7877&Prime;][\/vc_column][\/mk_page_section]<\/p>\n","protected":false},"excerpt":{"rendered":"<p>[mk_page_section bg_image=\u00a0\u00bbhttps:\/\/www.hastema.com\/wp-content\/uploads\/2014\/08\/hastema-header-bahntechnik.jpg\u00a0\u00bb bg_color=\u00a0\u00bb#ffffff\u00a0\u00bb bg_position=\u00a0\u00bbcenter center\u00a0\u00bb bg_repeat=\u00a0\u00bbno-repeat\u00a0\u00bb speed_factor=\u00a0\u00bb4&Prime; min_height=\u00a0\u00bb536&Prime; padding_top=\u00a0\u00bb0&Prime; padding_bottom=\u00a0\u00bb0&Prime; el_class=\u00a0\u00bbmargin-corr-header\u00a0\u00bb sidebar=\u00a0\u00bbHastema\u00a0\u00bb first_page=\u00a0\u00bbtrue\u00a0\u00bb last_page=\u00a0\u00bbtrue\u00a0\u00bb][vc_column width=\u00a0\u00bb1\/2&Prime;][\/vc_column][vc_column width=\u00a0\u00bb1\/2&Prime;][mk_content_box el_class=\u00a0\u00bbcircle\u00a0\u00bb][vc_column_text align=\u00a0\u00bbcenter\u00a0\u00bb margin_bottom=\u00a0\u00bb50&Prime;] Technologie ferroviaire innovante [\/vc_column_text][\/mk_content_box][\/vc_column][\/mk_page_section][mk_page_section speed_factor=\u00a0\u00bb4&Prime; padding_top=\u00a0\u00bb50&Prime; padding_bottom=\u00a0\u00bb100&Prime; sidebar=\u00a0\u00bbHastema\u00a0\u00bb first_page=\u00a0\u00bbtrue\u00a0\u00bb last_page=\u00a0\u00bbtrue\u00a0\u00bb][vc_column width=\u00a0\u00bb1\/2&Prime;][vc_column_text disable_pattern=\u00a0\u00bbfalse\u00a0\u00bb] L\u2019infrastructure entre de bonnes mains Hastema d\u00e9veloppe, produit et distribue des syst\u00e8mes pour l&rsquo;industrie ferroviaire. Vous pouvez acheter nos produits finis ou nous pouvons [&hellip;]<\/p>\n","protected":false},"author":2,"featured_media":0,"parent":0,"menu_order":0,"comment_status":"open","ping_status":"open","template":"full-width.php","meta":{"_acf_changed":false,"footnotes":""},"class_list":["post-7843","page","type-page","status-publish","hentry"],"acf":[],"yoast_head":"<!-- This site is optimized with the Yoast SEO plugin v24.2 - https:\/\/yoast.com\/wordpress\/plugins\/seo\/ -->\n<title>Technologie ferroviaire - Hastema<\/title>\n<meta name=\"robots\" content=\"index, follow, max-snippet:-1, max-image-preview:large, max-video-preview:-1\" \/>\n<link rel=\"canonical\" href=\"https:\/\/www.hastema.com\/fr\/technologie-ferroviaire\/\" \/>\n<meta property=\"og:locale\" content=\"fr_FR\" \/>\n<meta property=\"og:type\" content=\"article\" \/>\n<meta property=\"og:title\" content=\"Technologie ferroviaire - Hastema\" \/>\n<meta property=\"og:description\" content=\"[mk_page_section bg_image=\u00a0\u00bbhttps:\/\/www.hastema.com\/wp-content\/uploads\/2014\/08\/hastema-header-bahntechnik.jpg\u00a0\u00bb bg_color=\u00a0\u00bb#ffffff\u00a0\u00bb bg_position=\u00a0\u00bbcenter center\u00a0\u00bb bg_repeat=\u00a0\u00bbno-repeat\u00a0\u00bb speed_factor=\u00a0\u00bb4&Prime; min_height=\u00a0\u00bb536&Prime; padding_top=\u00a0\u00bb0&Prime; padding_bottom=\u00a0\u00bb0&Prime; el_class=\u00a0\u00bbmargin-corr-header\u00a0\u00bb sidebar=\u00a0\u00bbHastema\u00a0\u00bb first_page=\u00a0\u00bbtrue\u00a0\u00bb last_page=\u00a0\u00bbtrue\u00a0\u00bb][vc_column width=\u00a0\u00bb1\/2&Prime;][\/vc_column][vc_column width=\u00a0\u00bb1\/2&Prime;][mk_content_box el_class=\u00a0\u00bbcircle\u00a0\u00bb][vc_column_text align=\u00a0\u00bbcenter\u00a0\u00bb margin_bottom=\u00a0\u00bb50&Prime;] Technologie ferroviaire innovante [\/vc_column_text][\/mk_content_box][\/vc_column][\/mk_page_section][mk_page_section speed_factor=\u00a0\u00bb4&Prime; padding_top=\u00a0\u00bb50&Prime; padding_bottom=\u00a0\u00bb100&Prime; sidebar=\u00a0\u00bbHastema\u00a0\u00bb first_page=\u00a0\u00bbtrue\u00a0\u00bb last_page=\u00a0\u00bbtrue\u00a0\u00bb][vc_column width=\u00a0\u00bb1\/2&Prime;][vc_column_text disable_pattern=\u00a0\u00bbfalse\u00a0\u00bb] L\u2019infrastructure entre de bonnes mains Hastema d\u00e9veloppe, produit et distribue des syst\u00e8mes pour l&rsquo;industrie ferroviaire. Vous pouvez acheter nos produits finis ou nous pouvons [&hellip;]\" \/>\n<meta property=\"og:url\" content=\"https:\/\/www.hastema.com\/fr\/technologie-ferroviaire\/\" \/>\n<meta property=\"og:site_name\" content=\"Hastema\" \/>\n<meta property=\"article:modified_time\" content=\"2021-02-04T16:11:22+00:00\" \/>\n<meta name=\"twitter:card\" content=\"summary_large_image\" \/>\n<meta name=\"twitter:label1\" content=\"Dur\u00e9e de lecture estim\u00e9e\" \/>\n\t<meta name=\"twitter:data1\" content=\"1 minute\" \/>\n<script type=\"application\/ld+json\" class=\"yoast-schema-graph\">{\"@context\":\"https:\/\/schema.org\",\"@graph\":[{\"@type\":\"WebPage\",\"@id\":\"https:\/\/www.hastema.com\/fr\/technologie-ferroviaire\/\",\"url\":\"https:\/\/www.hastema.com\/fr\/technologie-ferroviaire\/\",\"name\":\"Technologie ferroviaire - Hastema\",\"isPartOf\":{\"@id\":\"https:\/\/www.hastema.com\/#website\"},\"datePublished\":\"2014-08-25T06:51:29+00:00\",\"dateModified\":\"2021-02-04T16:11:22+00:00\",\"breadcrumb\":{\"@id\":\"https:\/\/www.hastema.com\/fr\/technologie-ferroviaire\/#breadcrumb\"},\"inLanguage\":\"fr-FR\",\"potentialAction\":[{\"@type\":\"ReadAction\",\"target\":[\"https:\/\/www.hastema.com\/fr\/technologie-ferroviaire\/\"]}]},{\"@type\":\"BreadcrumbList\",\"@id\":\"https:\/\/www.hastema.com\/fr\/technologie-ferroviaire\/#breadcrumb\",\"itemListElement\":[{\"@type\":\"ListItem\",\"position\":1,\"name\":\"Startseite\",\"item\":\"https:\/\/www.hastema.com\/fr\/\"},{\"@type\":\"ListItem\",\"position\":2,\"name\":\"Technologie ferroviaire\"}]},{\"@type\":\"WebSite\",\"@id\":\"https:\/\/www.hastema.com\/#website\",\"url\":\"https:\/\/www.hastema.com\/\",\"name\":\"Hastema\",\"description\":\"engineering production technique ferrovi\u00e8re\",\"publisher\":{\"@id\":\"https:\/\/www.hastema.com\/#organization\"},\"potentialAction\":[{\"@type\":\"SearchAction\",\"target\":{\"@type\":\"EntryPoint\",\"urlTemplate\":\"https:\/\/www.hastema.com\/?s={search_term_string}\"},\"query-input\":{\"@type\":\"PropertyValueSpecification\",\"valueRequired\":true,\"valueName\":\"search_term_string\"}}],\"inLanguage\":\"fr-FR\"},{\"@type\":\"Organization\",\"@id\":\"https:\/\/www.hastema.com\/#organization\",\"name\":\"Hastema GmbH\",\"url\":\"https:\/\/www.hastema.com\/\",\"logo\":{\"@type\":\"ImageObject\",\"inLanguage\":\"fr-FR\",\"@id\":\"https:\/\/www.hastema.com\/#\/schema\/logo\/image\/\",\"url\":\"https:\/\/www.hastema.simn.ch\/wp-content\/uploads\/2014\/09\/hastema-logo-normal.png\",\"contentUrl\":\"https:\/\/www.hastema.simn.ch\/wp-content\/uploads\/2014\/09\/hastema-logo-normal.png\",\"width\":275,\"height\":93,\"caption\":\"Hastema GmbH\"},\"image\":{\"@id\":\"https:\/\/www.hastema.com\/#\/schema\/logo\/image\/\"}}]}<\/script>\n<!-- \/ Yoast SEO plugin. -->","yoast_head_json":{"title":"Technologie ferroviaire - Hastema","robots":{"index":"index","follow":"follow","max-snippet":"max-snippet:-1","max-image-preview":"max-image-preview:large","max-video-preview":"max-video-preview:-1"},"canonical":"https:\/\/www.hastema.com\/fr\/technologie-ferroviaire\/","og_locale":"fr_FR","og_type":"article","og_title":"Technologie ferroviaire - Hastema","og_description":"[mk_page_section bg_image=\u00a0\u00bbhttps:\/\/www.hastema.com\/wp-content\/uploads\/2014\/08\/hastema-header-bahntechnik.jpg\u00a0\u00bb bg_color=\u00a0\u00bb#ffffff\u00a0\u00bb bg_position=\u00a0\u00bbcenter center\u00a0\u00bb bg_repeat=\u00a0\u00bbno-repeat\u00a0\u00bb speed_factor=\u00a0\u00bb4&Prime; min_height=\u00a0\u00bb536&Prime; padding_top=\u00a0\u00bb0&Prime; padding_bottom=\u00a0\u00bb0&Prime; el_class=\u00a0\u00bbmargin-corr-header\u00a0\u00bb sidebar=\u00a0\u00bbHastema\u00a0\u00bb first_page=\u00a0\u00bbtrue\u00a0\u00bb last_page=\u00a0\u00bbtrue\u00a0\u00bb][vc_column width=\u00a0\u00bb1\/2&Prime;][\/vc_column][vc_column width=\u00a0\u00bb1\/2&Prime;][mk_content_box el_class=\u00a0\u00bbcircle\u00a0\u00bb][vc_column_text align=\u00a0\u00bbcenter\u00a0\u00bb margin_bottom=\u00a0\u00bb50&Prime;] Technologie ferroviaire innovante [\/vc_column_text][\/mk_content_box][\/vc_column][\/mk_page_section][mk_page_section speed_factor=\u00a0\u00bb4&Prime; padding_top=\u00a0\u00bb50&Prime; padding_bottom=\u00a0\u00bb100&Prime; sidebar=\u00a0\u00bbHastema\u00a0\u00bb first_page=\u00a0\u00bbtrue\u00a0\u00bb last_page=\u00a0\u00bbtrue\u00a0\u00bb][vc_column width=\u00a0\u00bb1\/2&Prime;][vc_column_text disable_pattern=\u00a0\u00bbfalse\u00a0\u00bb] L\u2019infrastructure entre de bonnes mains Hastema d\u00e9veloppe, produit et distribue des syst\u00e8mes pour l&rsquo;industrie ferroviaire. Vous pouvez acheter nos produits finis ou nous pouvons [&hellip;]","og_url":"https:\/\/www.hastema.com\/fr\/technologie-ferroviaire\/","og_site_name":"Hastema","article_modified_time":"2021-02-04T16:11:22+00:00","twitter_card":"summary_large_image","twitter_misc":{"Dur\u00e9e de lecture estim\u00e9e":"1 minute"},"schema":{"@context":"https:\/\/schema.org","@graph":[{"@type":"WebPage","@id":"https:\/\/www.hastema.com\/fr\/technologie-ferroviaire\/","url":"https:\/\/www.hastema.com\/fr\/technologie-ferroviaire\/","name":"Technologie ferroviaire - Hastema","isPartOf":{"@id":"https:\/\/www.hastema.com\/#website"},"datePublished":"2014-08-25T06:51:29+00:00","dateModified":"2021-02-04T16:11:22+00:00","breadcrumb":{"@id":"https:\/\/www.hastema.com\/fr\/technologie-ferroviaire\/#breadcrumb"},"inLanguage":"fr-FR","potentialAction":[{"@type":"ReadAction","target":["https:\/\/www.hastema.com\/fr\/technologie-ferroviaire\/"]}]},{"@type":"BreadcrumbList","@id":"https:\/\/www.hastema.com\/fr\/technologie-ferroviaire\/#breadcrumb","itemListElement":[{"@type":"ListItem","position":1,"name":"Startseite","item":"https:\/\/www.hastema.com\/fr\/"},{"@type":"ListItem","position":2,"name":"Technologie ferroviaire"}]},{"@type":"WebSite","@id":"https:\/\/www.hastema.com\/#website","url":"https:\/\/www.hastema.com\/","name":"Hastema","description":"engineering production technique ferrovi\u00e8re","publisher":{"@id":"https:\/\/www.hastema.com\/#organization"},"potentialAction":[{"@type":"SearchAction","target":{"@type":"EntryPoint","urlTemplate":"https:\/\/www.hastema.com\/?s={search_term_string}"},"query-input":{"@type":"PropertyValueSpecification","valueRequired":true,"valueName":"search_term_string"}}],"inLanguage":"fr-FR"},{"@type":"Organization","@id":"https:\/\/www.hastema.com\/#organization","name":"Hastema GmbH","url":"https:\/\/www.hastema.com\/","logo":{"@type":"ImageObject","inLanguage":"fr-FR","@id":"https:\/\/www.hastema.com\/#\/schema\/logo\/image\/","url":"https:\/\/www.hastema.simn.ch\/wp-content\/uploads\/2014\/09\/hastema-logo-normal.png","contentUrl":"https:\/\/www.hastema.simn.ch\/wp-content\/uploads\/2014\/09\/hastema-logo-normal.png","width":275,"height":93,"caption":"Hastema GmbH"},"image":{"@id":"https:\/\/www.hastema.com\/#\/schema\/logo\/image\/"}}]}},"_links":{"self":[{"href":"https:\/\/www.hastema.com\/fr\/wp-json\/wp\/v2\/pages\/7843","targetHints":{"allow":["GET"]}}],"collection":[{"href":"https:\/\/www.hastema.com\/fr\/wp-json\/wp\/v2\/pages"}],"about":[{"href":"https:\/\/www.hastema.com\/fr\/wp-json\/wp\/v2\/types\/page"}],"author":[{"embeddable":true,"href":"https:\/\/www.hastema.com\/fr\/wp-json\/wp\/v2\/users\/2"}],"replies":[{"embeddable":true,"href":"https:\/\/www.hastema.com\/fr\/wp-json\/wp\/v2\/comments?post=7843"}],"version-history":[{"count":11,"href":"https:\/\/www.hastema.com\/fr\/wp-json\/wp\/v2\/pages\/7843\/revisions"}],"predecessor-version":[{"id":11064,"href":"https:\/\/www.hastema.com\/fr\/wp-json\/wp\/v2\/pages\/7843\/revisions\/11064"}],"wp:attachment":[{"href":"https:\/\/www.hastema.com\/fr\/wp-json\/wp\/v2\/media?parent=7843"}],"curies":[{"name":"wp","href":"https:\/\/api.w.org\/{rel}","templated":true}]}}