{"id":7838,"date":"2014-08-27T14:07:19","date_gmt":"2014-08-27T12:07:19","guid":{"rendered":"https:\/\/www.hastema.com\/impressum-2\/"},"modified":"2021-02-02T11:36:08","modified_gmt":"2021-02-02T09:36:08","slug":"impressum","status":"publish","type":"page","link":"https:\/\/www.hastema.com\/it\/impressum\/","title":{"rendered":"Impressum"},"content":{"rendered":"<p>[mk_page_section][vc_column][vc_empty_space][vc_column_text css=&#8221;.vc_custom_1612258562508{margin-bottom: 0px !important;}&#8221;]<\/p>\n<h1>Impressum<\/h1>\n<p>Lei ha domande o problemi di utilizzazione dello sito? La pregiamo d&#8217;inviare il messaggio all&#8217;indirizzo seguente:\u00a0<a href=\"mailto:info@hastema.com\">info@hastema.com<\/a><\/p>\n<p>&nbsp;<\/p>\n<h2>Responsabilit\u00e0 generale, coordinazione, redazione e esercizio<\/h2>\n<p>Hastema GmbH<br \/>\nIndustriestrasse 20a<br \/>\nCH-2555 Br\u00fcgg vicino Biel\/Bienne<\/p>\n<p>Telefono\u00a0+41 32 333 33 60<\/p>\n<p><a href=\"https:\/\/www.hastema.com\/it\/\" target=\"_blank\" rel=\"noopener\">www.hastema.com<\/a><a href=\"mailto:info@hastema.com\"><br \/>\ninfo@hastema.com<\/a><\/p>\n<p>&nbsp;<\/p>\n<h2>Concetto<\/h2>\n<p>Hastema GmbH<br \/>\nLerch Design AG<br \/>\nRaptus Interactive<\/p>\n<p>&nbsp;<\/p>\n<h2>Realizzazione tecnica e design<\/h2>\n<p>Raptus Interactive<br \/>\nGartenweg 1<br \/>\n3250 Lyss<\/p>\n<p><a href=\"http:\/\/www.raptus.com\" target=\"_blank\" rel=\"noopener\">www.raptus.com<\/a><br \/>\n<a href=\"mailto:info@raptus.com\">info@raptus.com<\/a><\/p>\n<p>&nbsp;<\/p>\n<h2>Posto dello server<\/h2>\n<p><span id=\"result_box\" class=\"short_text\" lang=\"it\">Svizzera<\/span>,\u00a0<span id=\"result_box\" class=\"short_text\" lang=\"it\">Zurigo<\/span><\/p>\n<p>&nbsp;<\/p>\n<h2>Disclaimer<\/h2>\n<p>Tutti i testi e i link sono stati accuratamente controllati e sono costantemente aggiornati. Ci sforziamo di fornire informazioni accurate e complete su questo sito web, ma non accettiamo alcuna responsabilit\u00e0, garanzia o responsabilit\u00e0 che le informazioni fornite attraverso questo sito web siano accurate, complete o aggiornate. Ci riserviamo il diritto di modificare le informazioni contenute in questo sito web in qualsiasi momento senza preavviso e non ci impegniamo ad aggiornare le informazioni in esso contenute. Tutti i link a provider esterni sono stati controllati al momento della loro inclusione, tuttavia non siamo responsabili per il contenuto e la disponibilit\u00e0 di siti web raggiungibili tramite hyperlink. Per contenuti illegali, errati o incompleti e in particolare per danni, che si sviluppano da contenuti di lati collegati, \u00e8 responsabile solo l&#8217;offerente del lato, a cui si \u00e8 fatto riferimento. \u00c8 irrilevante se il danno \u00e8 di natura diretta, indiretta o finanziaria o qualsiasi altro danno che potrebbe derivare dalla perdita di dati, dalla perdita di utilizzo o da altri motivi di qualsiasi tipo.[\/vc_column_text][vc_empty_space][\/vc_column][\/mk_page_section]<\/p>\n","protected":false},"excerpt":{"rendered":"<p>[mk_page_section][vc_column][vc_empty_space][vc_column_text css=&#8221;.vc_custom_1612258562508{margin-bottom: 0px !important;}&#8221;] Impressum Lei ha domande o problemi di utilizzazione dello sito? La pregiamo d&#8217;inviare il messaggio all&#8217;indirizzo seguente:\u00a0info@hastema.com &nbsp; Responsabilit\u00e0 generale, coordinazione, redazione e esercizio Hastema GmbH Industriestrasse 20a CH-2555 Br\u00fcgg vicino Biel\/Bienne Telefono\u00a0+41 32 333 33 60 www.hastema.com info@hastema.com &nbsp; Concetto Hastema GmbH Lerch Design AG Raptus Interactive &nbsp; Realizzazione tecnica [&hellip;]<\/p>\n","protected":false},"author":2,"featured_media":0,"parent":0,"menu_order":0,"comment_status":"open","ping_status":"open","template":"full-width.php","meta":{"_acf_changed":false,"footnotes":""},"class_list":["post-7838","page","type-page","status-publish","hentry"],"acf":[],"yoast_head":"<!-- This site is optimized with the Yoast SEO plugin v24.2 - https:\/\/yoast.com\/wordpress\/plugins\/seo\/ -->\n<title>Impressum - Hastema<\/title>\n<meta name=\"robots\" content=\"noindex, nofollow\" \/>\n<meta property=\"og:locale\" content=\"it_IT\" \/>\n<meta property=\"og:type\" content=\"article\" \/>\n<meta property=\"og:title\" content=\"Impressum - Hastema\" \/>\n<meta property=\"og:description\" content=\"[mk_page_section][vc_column][vc_empty_space][vc_column_text css=&#8221;.vc_custom_1612258562508{margin-bottom: 0px !important;}&#8221;] Impressum Lei ha domande o problemi di utilizzazione dello sito? La pregiamo d&#8217;inviare il messaggio all&#8217;indirizzo seguente:\u00a0info@hastema.com &nbsp; Responsabilit\u00e0 generale, coordinazione, redazione e esercizio Hastema GmbH Industriestrasse 20a CH-2555 Br\u00fcgg vicino Biel\/Bienne Telefono\u00a0+41 32 333 33 60 www.hastema.com info@hastema.com &nbsp; Concetto Hastema GmbH Lerch Design AG Raptus Interactive &nbsp; Realizzazione tecnica [&hellip;]\" \/>\n<meta property=\"og:url\" content=\"https:\/\/www.hastema.com\/it\/impressum\/\" \/>\n<meta property=\"og:site_name\" content=\"Hastema\" \/>\n<meta property=\"article:modified_time\" content=\"2021-02-02T09:36:08+00:00\" \/>\n<meta name=\"twitter:card\" content=\"summary_large_image\" \/>\n<meta name=\"twitter:label1\" content=\"Tempo di lettura stimato\" \/>\n\t<meta name=\"twitter:data1\" content=\"2 minuti\" \/>\n<script type=\"application\/ld+json\" class=\"yoast-schema-graph\">{\"@context\":\"https:\/\/schema.org\",\"@graph\":[{\"@type\":\"WebPage\",\"@id\":\"https:\/\/www.hastema.com\/it\/impressum\/\",\"url\":\"https:\/\/www.hastema.com\/it\/impressum\/\",\"name\":\"Impressum - Hastema\",\"isPartOf\":{\"@id\":\"https:\/\/www.hastema.com\/#website\"},\"datePublished\":\"2014-08-27T12:07:19+00:00\",\"dateModified\":\"2021-02-02T09:36:08+00:00\",\"breadcrumb\":{\"@id\":\"https:\/\/www.hastema.com\/it\/impressum\/#breadcrumb\"},\"inLanguage\":\"it-IT\",\"potentialAction\":[{\"@type\":\"ReadAction\",\"target\":[\"https:\/\/www.hastema.com\/it\/impressum\/\"]}]},{\"@type\":\"BreadcrumbList\",\"@id\":\"https:\/\/www.hastema.com\/it\/impressum\/#breadcrumb\",\"itemListElement\":[{\"@type\":\"ListItem\",\"position\":1,\"name\":\"Startseite\",\"item\":\"https:\/\/www.hastema.com\/it\/\"},{\"@type\":\"ListItem\",\"position\":2,\"name\":\"Impressum\"}]},{\"@type\":\"WebSite\",\"@id\":\"https:\/\/www.hastema.com\/#website\",\"url\":\"https:\/\/www.hastema.com\/\",\"name\":\"Hastema\",\"description\":\"engineering produzione tecnica ferroviariia\",\"publisher\":{\"@id\":\"https:\/\/www.hastema.com\/#organization\"},\"potentialAction\":[{\"@type\":\"SearchAction\",\"target\":{\"@type\":\"EntryPoint\",\"urlTemplate\":\"https:\/\/www.hastema.com\/?s={search_term_string}\"},\"query-input\":{\"@type\":\"PropertyValueSpecification\",\"valueRequired\":true,\"valueName\":\"search_term_string\"}}],\"inLanguage\":\"it-IT\"},{\"@type\":\"Organization\",\"@id\":\"https:\/\/www.hastema.com\/#organization\",\"name\":\"Hastema GmbH\",\"url\":\"https:\/\/www.hastema.com\/\",\"logo\":{\"@type\":\"ImageObject\",\"inLanguage\":\"it-IT\",\"@id\":\"https:\/\/www.hastema.com\/#\/schema\/logo\/image\/\",\"url\":\"https:\/\/www.hastema.simn.ch\/wp-content\/uploads\/2014\/09\/hastema-logo-normal.png\",\"contentUrl\":\"https:\/\/www.hastema.simn.ch\/wp-content\/uploads\/2014\/09\/hastema-logo-normal.png\",\"width\":275,\"height\":93,\"caption\":\"Hastema GmbH\"},\"image\":{\"@id\":\"https:\/\/www.hastema.com\/#\/schema\/logo\/image\/\"}}]}<\/script>\n<!-- \/ Yoast SEO plugin. -->","yoast_head_json":{"title":"Impressum - Hastema","robots":{"index":"noindex","follow":"nofollow"},"og_locale":"it_IT","og_type":"article","og_title":"Impressum - Hastema","og_description":"[mk_page_section][vc_column][vc_empty_space][vc_column_text css=&#8221;.vc_custom_1612258562508{margin-bottom: 0px !important;}&#8221;] Impressum Lei ha domande o problemi di utilizzazione dello sito? La pregiamo d&#8217;inviare il messaggio all&#8217;indirizzo seguente:\u00a0info@hastema.com &nbsp; Responsabilit\u00e0 generale, coordinazione, redazione e esercizio Hastema GmbH Industriestrasse 20a CH-2555 Br\u00fcgg vicino Biel\/Bienne Telefono\u00a0+41 32 333 33 60 www.hastema.com info@hastema.com &nbsp; Concetto Hastema GmbH Lerch Design AG Raptus Interactive &nbsp; Realizzazione tecnica [&hellip;]","og_url":"https:\/\/www.hastema.com\/it\/impressum\/","og_site_name":"Hastema","article_modified_time":"2021-02-02T09:36:08+00:00","twitter_card":"summary_large_image","twitter_misc":{"Tempo di lettura stimato":"2 minuti"},"schema":{"@context":"https:\/\/schema.org","@graph":[{"@type":"WebPage","@id":"https:\/\/www.hastema.com\/it\/impressum\/","url":"https:\/\/www.hastema.com\/it\/impressum\/","name":"Impressum - Hastema","isPartOf":{"@id":"https:\/\/www.hastema.com\/#website"},"datePublished":"2014-08-27T12:07:19+00:00","dateModified":"2021-02-02T09:36:08+00:00","breadcrumb":{"@id":"https:\/\/www.hastema.com\/it\/impressum\/#breadcrumb"},"inLanguage":"it-IT","potentialAction":[{"@type":"ReadAction","target":["https:\/\/www.hastema.com\/it\/impressum\/"]}]},{"@type":"BreadcrumbList","@id":"https:\/\/www.hastema.com\/it\/impressum\/#breadcrumb","itemListElement":[{"@type":"ListItem","position":1,"name":"Startseite","item":"https:\/\/www.hastema.com\/it\/"},{"@type":"ListItem","position":2,"name":"Impressum"}]},{"@type":"WebSite","@id":"https:\/\/www.hastema.com\/#website","url":"https:\/\/www.hastema.com\/","name":"Hastema","description":"engineering produzione tecnica ferroviariia","publisher":{"@id":"https:\/\/www.hastema.com\/#organization"},"potentialAction":[{"@type":"SearchAction","target":{"@type":"EntryPoint","urlTemplate":"https:\/\/www.hastema.com\/?s={search_term_string}"},"query-input":{"@type":"PropertyValueSpecification","valueRequired":true,"valueName":"search_term_string"}}],"inLanguage":"it-IT"},{"@type":"Organization","@id":"https:\/\/www.hastema.com\/#organization","name":"Hastema GmbH","url":"https:\/\/www.hastema.com\/","logo":{"@type":"ImageObject","inLanguage":"it-IT","@id":"https:\/\/www.hastema.com\/#\/schema\/logo\/image\/","url":"https:\/\/www.hastema.simn.ch\/wp-content\/uploads\/2014\/09\/hastema-logo-normal.png","contentUrl":"https:\/\/www.hastema.simn.ch\/wp-content\/uploads\/2014\/09\/hastema-logo-normal.png","width":275,"height":93,"caption":"Hastema GmbH"},"image":{"@id":"https:\/\/www.hastema.com\/#\/schema\/logo\/image\/"}}]}},"_links":{"self":[{"href":"https:\/\/www.hastema.com\/it\/wp-json\/wp\/v2\/pages\/7838","targetHints":{"allow":["GET"]}}],"collection":[{"href":"https:\/\/www.hastema.com\/it\/wp-json\/wp\/v2\/pages"}],"about":[{"href":"https:\/\/www.hastema.com\/it\/wp-json\/wp\/v2\/types\/page"}],"author":[{"embeddable":true,"href":"https:\/\/www.hastema.com\/it\/wp-json\/wp\/v2\/users\/2"}],"replies":[{"embeddable":true,"href":"https:\/\/www.hastema.com\/it\/wp-json\/wp\/v2\/comments?post=7838"}],"version-history":[{"count":2,"href":"https:\/\/www.hastema.com\/it\/wp-json\/wp\/v2\/pages\/7838\/revisions"}],"predecessor-version":[{"id":10972,"href":"https:\/\/www.hastema.com\/it\/wp-json\/wp\/v2\/pages\/7838\/revisions\/10972"}],"wp:attachment":[{"href":"https:\/\/www.hastema.com\/it\/wp-json\/wp\/v2\/media?parent=7838"}],"curies":[{"name":"wp","href":"https:\/\/api.w.org\/{rel}","templated":true}]}}